{"id":10007,"date":"2023-09-13T09:44:11","date_gmt":"2023-09-13T09:44:11","guid":{"rendered":"https:\/\/feriadeteatro.com\/feria2023\/?page_id=10007"},"modified":"2023-09-13T09:51:49","modified_gmt":"2023-09-13T09:51:49","slug":"premios-provincia-a-escena","status":"publish","type":"page","link":"https:\/\/feriadeteatro.com\/feria2023\/premios-provincia-a-escena\/","title":{"rendered":"Premios Provincia a Escena"},"content":{"rendered":"<p><div class=\"fusion-fullwidth fullwidth-box fusion-builder-row-1 fusion-flex-container nonhundred-percent-fullwidth non-hundred-percent-height-scrolling\" style=\"--awb-border-radius-top-left:0px;--awb-border-radius-top-right:0px;--awb-border-radius-bottom-right:0px;--awb-border-radius-bottom-left:0px;--awb-padding-top:20px;--awb-padding-right:10px;--awb-padding-bottom:20px;--awb-padding-left:10px;--awb-margin-top:-20px;--awb-margin-bottom:0px;--awb-background-color:#dddddd;--awb-flex-wrap:wrap;\" ><div class=\"fusion-builder-row fusion-row fusion-flex-align-items-flex-start fusion-flex-content-wrap\" style=\"max-width:1216.8px;margin-left: calc(-4% \/ 2 );margin-right: calc(-4% \/ 2 );\"><div class=\"fusion-layout-column fusion_builder_column fusion-builder-column-0 fusion_builder_column_1_1 1_1 fusion-flex-column\" style=\"--awb-bg-size:cover;--awb-width-large:100%;--awb-margin-top-large:0px;--awb-spacing-right-large:1.92%;--awb-margin-bottom-large:0px;--awb-spacing-left-large:1.92%;--awb-width-medium:100%;--awb-spacing-right-medium:1.92%;--awb-spacing-left-medium:1.92%;--awb-width-small:100%;--awb-spacing-right-small:1.92%;--awb-spacing-left-small:1.92%;\"><div class=\"fusion-column-wrapper fusion-column-has-shadow fusion-flex-justify-content-center fusion-content-layout-column\"><div class=\"fusion-title title fusion-title-1 fusion-title-text fusion-title-size-three\"><div class=\"title-sep-container title-sep-container-left fusion-no-large-visibility fusion-no-medium-visibility fusion-no-small-visibility\"><div class=\"title-sep sep-single sep-dashed\" style=\"border-color:#f46f72;\"><\/div><\/div><span class=\"awb-title-spacer fusion-no-large-visibility fusion-no-medium-visibility fusion-no-small-visibility\"><\/span><h3 class=\"fusion-title-heading title-heading-left\" style=\"margin:0;\"><h3>Premios<\/h3><\/h3><span class=\"awb-title-spacer\"><\/span><div class=\"title-sep-container title-sep-container-right\"><div class=\"title-sep sep-single sep-dashed\" style=\"border-color:#f46f72;\"><\/div><\/div><\/div><\/div><\/div><div class=\"fusion-layout-column fusion_builder_column fusion-builder-column-1 fusion_builder_column_1_5 1_5 fusion-flex-column\" style=\"--awb-bg-size:cover;--awb-width-large:20%;--awb-margin-top-large:0px;--awb-spacing-right-large:9.6%;--awb-margin-bottom-large:0px;--awb-spacing-left-large:9.6%;--awb-width-medium:100%;--awb-spacing-right-medium:1.92%;--awb-spacing-left-medium:1.92%;--awb-width-small:100%;--awb-spacing-right-small:1.92%;--awb-spacing-left-small:1.92%;\"><div class=\"fusion-column-wrapper fusion-column-has-shadow fusion-flex-justify-content-center fusion-content-layout-column\"><div class=\"fusion-image-element \" style=\"text-align:center;--awb-caption-title-font-family:var(--h2_typography-font-family);--awb-caption-title-font-weight:var(--h2_typography-font-weight);--awb-caption-title-font-style:var(--h2_typography-font-style);--awb-caption-title-size:var(--h2_typography-font-size);--awb-caption-title-transform:var(--h2_typography-text-transform);--awb-caption-title-line-height:var(--h2_typography-line-height);--awb-caption-title-letter-spacing:var(--h2_typography-letter-spacing);\"><span class=\" fusion-imageframe imageframe-none imageframe-1 hover-type-none\"><a class=\"fusion-no-lightbox\" href=\"https:\/\/feriadeteatro.com\/feria2023\/premios-del-publico-de-la-26-feria\/\" target=\"_self\" aria-label=\"boton-premios2023\"><img decoding=\"async\" width=\"400\" height=\"400\" data-src=\"https:\/\/feriadeteatro.com\/feria2023\/wp-content\/uploads\/2023\/08\/boton-premios2023.jpg\" alt class=\"img-responsive wp-image-9996 lazyload\" data-srcset=\"https:\/\/feriadeteatro.com\/feria2023\/wp-content\/uploads\/2023\/08\/boton-premios2023-200x200.jpg 200w, https:\/\/feriadeteatro.com\/feria2023\/wp-content\/uploads\/2023\/08\/boton-premios2023.jpg 400w\" data-sizes=\"(max-width: 1024px) 100vw, (max-width: 640px) 100vw, 200px\" src=\"data:image\/svg+xml;base64,PHN2ZyB3aWR0aD0iMSIgaGVpZ2h0PSIxIiB4bWxucz0iaHR0cDovL3d3dy53My5vcmcvMjAwMC9zdmciPjwvc3ZnPg==\" style=\"--smush-placeholder-width: 400px; --smush-placeholder-aspect-ratio: 400\/400;\" \/><\/a><\/span><\/div><\/div><\/div><div class=\"fusion-layout-column fusion_builder_column fusion-builder-column-2 fusion_builder_column_1_5 1_5 fusion-flex-column\" style=\"--awb-bg-size:cover;--awb-width-large:20%;--awb-margin-top-large:0px;--awb-spacing-right-large:9.6%;--awb-margin-bottom-large:0px;--awb-spacing-left-large:9.6%;--awb-width-medium:100%;--awb-spacing-right-medium:1.92%;--awb-spacing-left-medium:1.92%;--awb-width-small:100%;--awb-spacing-right-small:1.92%;--awb-spacing-left-small:1.92%;\"><div class=\"fusion-column-wrapper fusion-column-has-shadow fusion-flex-justify-content-center fusion-content-layout-column\"><div class=\"fusion-image-element \" style=\"text-align:center;--awb-caption-title-font-family:var(--h2_typography-font-family);--awb-caption-title-font-weight:var(--h2_typography-font-weight);--awb-caption-title-font-style:var(--h2_typography-font-style);--awb-caption-title-size:var(--h2_typography-font-size);--awb-caption-title-transform:var(--h2_typography-text-transform);--awb-caption-title-line-height:var(--h2_typography-line-height);--awb-caption-title-letter-spacing:var(--h2_typography-letter-spacing);\"><span class=\" fusion-imageframe imageframe-none imageframe-2 hover-type-none\"><a class=\"fusion-no-lightbox\" href=\"https:\/\/feriadeteatro.com\/feria2023\/premios-recibidos-por-la-feria\/\" target=\"_self\" aria-label=\"botonPremiosRecibidos\"><img decoding=\"async\" width=\"400\" height=\"400\" data-src=\"https:\/\/feriadeteatro.com\/feria2023\/wp-content\/uploads\/2021\/12\/botonPremiosRecibidos.jpg\" alt class=\"img-responsive wp-image-6957 lazyload\" data-srcset=\"https:\/\/feriadeteatro.com\/feria2023\/wp-content\/uploads\/2021\/12\/botonPremiosRecibidos-200x200.jpg 200w, https:\/\/feriadeteatro.com\/feria2023\/wp-content\/uploads\/2021\/12\/botonPremiosRecibidos.jpg 400w\" data-sizes=\"(max-width: 1024px) 100vw, (max-width: 640px) 100vw, 200px\" src=\"data:image\/svg+xml;base64,PHN2ZyB3aWR0aD0iMSIgaGVpZ2h0PSIxIiB4bWxucz0iaHR0cDovL3d3dy53My5vcmcvMjAwMC9zdmciPjwvc3ZnPg==\" style=\"--smush-placeholder-width: 400px; --smush-placeholder-aspect-ratio: 400\/400;\" \/><\/a><\/span><\/div><\/div><\/div><div class=\"fusion-layout-column fusion_builder_column fusion-builder-column-3 fusion_builder_column_1_5 1_5 fusion-flex-column\" style=\"--awb-bg-size:cover;--awb-width-large:20%;--awb-margin-top-large:0px;--awb-spacing-right-large:9.6%;--awb-margin-bottom-large:0px;--awb-spacing-left-large:9.6%;--awb-width-medium:100%;--awb-spacing-right-medium:1.92%;--awb-spacing-left-medium:1.92%;--awb-width-small:100%;--awb-spacing-right-small:1.92%;--awb-spacing-left-small:1.92%;\"><div class=\"fusion-column-wrapper fusion-column-has-shadow fusion-flex-justify-content-center fusion-content-layout-column\"><div class=\"fusion-image-element \" style=\"text-align:center;--awb-caption-title-font-family:var(--h2_typography-font-family);--awb-caption-title-font-weight:var(--h2_typography-font-weight);--awb-caption-title-font-style:var(--h2_typography-font-style);--awb-caption-title-size:var(--h2_typography-font-size);--awb-caption-title-transform:var(--h2_typography-text-transform);--awb-caption-title-line-height:var(--h2_typography-line-height);--awb-caption-title-letter-spacing:var(--h2_typography-letter-spacing);\"><span class=\" fusion-imageframe imageframe-none imageframe-3 hover-type-none\"><a class=\"fusion-no-lightbox\" href=\"https:\/\/feriadeteatro.com\/feria2023\/premios-rosa-maria-garcia-cano\/\" target=\"_self\" aria-label=\"botonPremiosRosa\"><img decoding=\"async\" width=\"400\" height=\"400\" data-src=\"https:\/\/feriadeteatro.com\/feria2023\/wp-content\/uploads\/2021\/12\/botonPremiosRosa.jpg\" alt class=\"img-responsive wp-image-6959 lazyload\" data-srcset=\"https:\/\/feriadeteatro.com\/feria2023\/wp-content\/uploads\/2021\/12\/botonPremiosRosa-200x200.jpg 200w, https:\/\/feriadeteatro.com\/feria2023\/wp-content\/uploads\/2021\/12\/botonPremiosRosa.jpg 400w\" data-sizes=\"(max-width: 1024px) 100vw, (max-width: 640px) 100vw, 200px\" src=\"data:image\/svg+xml;base64,PHN2ZyB3aWR0aD0iMSIgaGVpZ2h0PSIxIiB4bWxucz0iaHR0cDovL3d3dy53My5vcmcvMjAwMC9zdmciPjwvc3ZnPg==\" style=\"--smush-placeholder-width: 400px; --smush-placeholder-aspect-ratio: 400\/400;\" \/><\/a><\/span><\/div><\/div><\/div><div class=\"fusion-layout-column fusion_builder_column fusion-builder-column-4 fusion_builder_column_1_5 1_5 fusion-flex-column\" style=\"--awb-bg-size:cover;--awb-width-large:20%;--awb-margin-top-large:0px;--awb-spacing-right-large:9.6%;--awb-margin-bottom-large:0px;--awb-spacing-left-large:9.6%;--awb-width-medium:100%;--awb-spacing-right-medium:1.92%;--awb-spacing-left-medium:1.92%;--awb-width-small:100%;--awb-spacing-right-small:1.92%;--awb-spacing-left-small:1.92%;\"><div class=\"fusion-column-wrapper fusion-column-has-shadow fusion-flex-justify-content-center fusion-content-layout-column\"><div class=\"fusion-image-element \" style=\"text-align:center;--awb-caption-title-font-family:var(--h2_typography-font-family);--awb-caption-title-font-weight:var(--h2_typography-font-weight);--awb-caption-title-font-style:var(--h2_typography-font-style);--awb-caption-title-size:var(--h2_typography-font-size);--awb-caption-title-transform:var(--h2_typography-text-transform);--awb-caption-title-line-height:var(--h2_typography-line-height);--awb-caption-title-letter-spacing:var(--h2_typography-letter-spacing);\"><span class=\" fusion-imageframe imageframe-none imageframe-4 hover-type-none\"><a class=\"fusion-no-lightbox\" href=\"https:\/\/feriadeteatro.com\/feria2023\/premios-provincia-a-escena\" target=\"_self\" aria-label=\"botonPremiosProvinciaaEscena\"><img decoding=\"async\" width=\"400\" height=\"400\" data-src=\"https:\/\/feriadeteatro.com\/feria2023\/wp-content\/uploads\/2023\/09\/botonPremiosProvinciaaEscena.jpg\" alt class=\"img-responsive wp-image-10008 lazyload\" data-srcset=\"https:\/\/feriadeteatro.com\/feria2023\/wp-content\/uploads\/2023\/09\/botonPremiosProvinciaaEscena-200x200.jpg 200w, https:\/\/feriadeteatro.com\/feria2023\/wp-content\/uploads\/2023\/09\/botonPremiosProvinciaaEscena.jpg 400w\" data-sizes=\"(max-width: 1024px) 100vw, (max-width: 640px) 100vw, 200px\" src=\"data:image\/svg+xml;base64,PHN2ZyB3aWR0aD0iMSIgaGVpZ2h0PSIxIiB4bWxucz0iaHR0cDovL3d3dy53My5vcmcvMjAwMC9zdmciPjwvc3ZnPg==\" style=\"--smush-placeholder-width: 400px; --smush-placeholder-aspect-ratio: 400\/400;\" \/><\/a><\/span><\/div><\/div><\/div><div class=\"fusion-layout-column fusion_builder_column fusion-builder-column-5 fusion_builder_column_1_5 1_5 fusion-flex-column\" style=\"--awb-bg-size:cover;--awb-width-large:20%;--awb-margin-top-large:0px;--awb-spacing-right-large:9.6%;--awb-margin-bottom-large:0px;--awb-spacing-left-large:9.6%;--awb-width-medium:100%;--awb-spacing-right-medium:1.92%;--awb-spacing-left-medium:1.92%;--awb-width-small:100%;--awb-spacing-right-small:1.92%;--awb-spacing-left-small:1.92%;\"><div class=\"fusion-column-wrapper fusion-column-has-shadow fusion-flex-justify-content-center fusion-content-layout-column\"><div class=\"fusion-image-element \" style=\"text-align:center;--awb-caption-title-font-family:var(--h2_typography-font-family);--awb-caption-title-font-weight:var(--h2_typography-font-weight);--awb-caption-title-font-style:var(--h2_typography-font-style);--awb-caption-title-size:var(--h2_typography-font-size);--awb-caption-title-transform:var(--h2_typography-text-transform);--awb-caption-title-line-height:var(--h2_typography-line-height);--awb-caption-title-letter-spacing:var(--h2_typography-letter-spacing);\"><span class=\" fusion-imageframe imageframe-none imageframe-5 hover-type-none\"><a class=\"fusion-no-lightbox\" href=\"https:\/\/feriadeteatro.com\/feria2023\/premio-arca-2023\" target=\"_self\" aria-label=\"botonPremiosArca\"><img decoding=\"async\" width=\"400\" height=\"400\" data-src=\"https:\/\/feriadeteatro.com\/feria2023\/wp-content\/uploads\/2023\/09\/botonPremiosArca.jpg\" alt class=\"img-responsive wp-image-10009 lazyload\" data-srcset=\"https:\/\/feriadeteatro.com\/feria2023\/wp-content\/uploads\/2023\/09\/botonPremiosArca-200x200.jpg 200w, https:\/\/feriadeteatro.com\/feria2023\/wp-content\/uploads\/2023\/09\/botonPremiosArca.jpg 400w\" data-sizes=\"(max-width: 1024px) 100vw, (max-width: 640px) 100vw, 200px\" src=\"data:image\/svg+xml;base64,PHN2ZyB3aWR0aD0iMSIgaGVpZ2h0PSIxIiB4bWxucz0iaHR0cDovL3d3dy53My5vcmcvMjAwMC9zdmciPjwvc3ZnPg==\" style=\"--smush-placeholder-width: 400px; --smush-placeholder-aspect-ratio: 400\/400;\" \/><\/a><\/span><\/div><\/div><\/div><\/div><\/div>\n<div class=\"fusion-fullwidth fullwidth-box fusion-builder-row-2 fusion-flex-container nonhundred-percent-fullwidth non-hundred-percent-height-scrolling\" style=\"--awb-border-radius-top-left:0px;--awb-border-radius-top-right:0px;--awb-border-radius-bottom-right:0px;--awb-border-radius-bottom-left:0px;--awb-flex-wrap:wrap;\" ><div class=\"fusion-builder-row fusion-row fusion-flex-align-items-flex-start fusion-flex-content-wrap\" style=\"max-width:1216.8px;margin-left: calc(-4% \/ 2 );margin-right: calc(-4% \/ 2 );\"><div class=\"fusion-layout-column fusion_builder_column fusion-builder-column-6 fusion_builder_column_1_1 1_1 fusion-flex-column\" style=\"--awb-bg-size:cover;--awb-width-large:100%;--awb-margin-top-large:0px;--awb-spacing-right-large:1.92%;--awb-margin-bottom-large:0px;--awb-spacing-left-large:1.92%;--awb-width-medium:100%;--awb-spacing-right-medium:1.92%;--awb-spacing-left-medium:1.92%;--awb-width-small:100%;--awb-spacing-right-small:1.92%;--awb-spacing-left-small:1.92%;\"><div class=\"fusion-column-wrapper fusion-column-has-shadow fusion-flex-justify-content-flex-start fusion-content-layout-column\"><div class=\"fusion-separator fusion-full-width-sep\" style=\"align-self: center;margin-left: auto;margin-right: auto;margin-top:20px;margin-bottom:20px;width:100%;\"><\/div><div class=\"fusion-text fusion-text-1\"><h3 style=\"text-align: center;\">Premios Provincia a Escena<\/h3>\n<\/div><div class=\"fusion-separator fusion-full-width-sep\" style=\"align-self: center;margin-left: auto;margin-right: auto;margin-top:20px;margin-bottom:20px;width:100%;\"><\/div><\/div><\/div><\/div><\/div><div class=\"fusion-fullwidth fullwidth-box fusion-builder-row-3 fusion-flex-container nonhundred-percent-fullwidth non-hundred-percent-height-scrolling\" style=\"--awb-border-radius-top-left:0px;--awb-border-radius-top-right:0px;--awb-border-radius-bottom-right:0px;--awb-border-radius-bottom-left:0px;--awb-flex-wrap:wrap;\" ><div class=\"fusion-builder-row fusion-row fusion-flex-align-items-flex-start fusion-flex-content-wrap\" style=\"max-width:1216.8px;margin-left: calc(-4% \/ 2 );margin-right: calc(-4% \/ 2 );\"><div class=\"fusion-layout-column fusion_builder_column fusion-builder-column-7 fusion_builder_column_1_1 1_1 fusion-flex-column\" style=\"--awb-bg-size:cover;--awb-width-large:100%;--awb-margin-top-large:0px;--awb-spacing-right-large:1.92%;--awb-margin-bottom-large:0px;--awb-spacing-left-large:1.92%;--awb-width-medium:100%;--awb-spacing-right-medium:1.92%;--awb-spacing-left-medium:1.92%;--awb-width-small:100%;--awb-spacing-right-small:1.92%;--awb-spacing-left-small:1.92%;\"><div class=\"fusion-column-wrapper fusion-column-has-shadow fusion-flex-justify-content-flex-start fusion-content-layout-column\"><div class=\"fusion-text fusion-text-2\"><p style=\"text-align: justify;\">\u00a0 Con motivo de vig\u00e9simo quinto aniversario de la Feria de Teatro, la Diputaci\u00f3n Provincial de Salamanca cre\u00f3 el \u201cPremio Provincia a Escena\u201d, destinado a espect\u00e1culos para p\u00fablico infantil y familiar, que persigue un doble objetivo: el de reconocer de forma destacada uno de los montajes de cada Feria y el incorporar el espect\u00e1culo premiado a la programaci\u00f3n del Festival Familiar \u201cProvincia a Escena\u201d que el \u00c1rea de Cultura de la Diputaci\u00f3n Provincial cre\u00f3 en 2021 y recorre todos los pueblos de la provincia de Salamanca. Provincia a Escena combina un programa esc\u00e9nico familiar en fines de semana de octubre y noviembre con actividades de la Escuela Rural de Espectadores durante todo el curso en las poblaciones m\u00e1s peque\u00f1as de la provincia.<\/p>\n<p style=\"text-align: justify;\">\u00a0 \u00a0 El Premio Provincia a Escena se determina por votaci\u00f3n de todos los responsables de programaci\u00f3n de teatros y espacios esc\u00e9nicos de la provincia de Salamanca, y se comunica en el mes de septiembre en la presentaci\u00f3n del Festival Provincia a Escena. El espect\u00e1culo premiado en la 25\u00ba Feria de Teatro fue \u201cAlas para Alex\u201d de la compa\u00f1\u00eda gallega Baobab Teatro, que ser\u00e1 programado en la 3\u00aa edici\u00f3n del Festival Provincia a Escena este a\u00f1o.<\/p>\n<p style=\"text-align: justify;\">\u00a0 \u00a0 Con \u201cProvincia a Escena\u201d la Diputaci\u00f3n Provincial de Salamanca pretende extender una programaci\u00f3n de calidad para todos los p\u00fablicos en poblaciones de menos de cinco mil habitantes, y consolidar una programaci\u00f3n estable de artes esc\u00e9nicas y actividades de promoci\u00f3n de la cultura teatral para todos los escolares de educaci\u00f3n infantil, primaria y secundaria de la provincia de Salamanca, exceptuando la capital de la provincia. Cada edici\u00f3n participan una treintena de municipios, m\u00e1s de ochenta centros escolares y cerca de ocho mil espectadores.<\/p>\n<\/div><div class=\"fusion-image-element \" style=\"--awb-caption-title-font-family:var(--h2_typography-font-family);--awb-caption-title-font-weight:var(--h2_typography-font-weight);--awb-caption-title-font-style:var(--h2_typography-font-style);--awb-caption-title-size:var(--h2_typography-font-size);--awb-caption-title-transform:var(--h2_typography-text-transform);--awb-caption-title-line-height:var(--h2_typography-line-height);--awb-caption-title-letter-spacing:var(--h2_typography-letter-spacing);\"><span class=\" fusion-imageframe imageframe-none imageframe-6 hover-type-none\"><img decoding=\"async\" width=\"1024\" height=\"622\" title=\"Entrega_premios_02\" data-src=\"https:\/\/feriadeteatro.com\/feria2023\/wp-content\/uploads\/2023\/08\/Entrega_premios_02-1024x622.jpg\" alt class=\"img-responsive wp-image-9980 lazyload\" data-srcset=\"https:\/\/feriadeteatro.com\/feria2023\/wp-content\/uploads\/2023\/08\/Entrega_premios_02-200x121.jpg 200w, https:\/\/feriadeteatro.com\/feria2023\/wp-content\/uploads\/2023\/08\/Entrega_premios_02-400x243.jpg 400w, https:\/\/feriadeteatro.com\/feria2023\/wp-content\/uploads\/2023\/08\/Entrega_premios_02-600x364.jpg 600w, https:\/\/feriadeteatro.com\/feria2023\/wp-content\/uploads\/2023\/08\/Entrega_premios_02-800x486.jpg 800w, https:\/\/feriadeteatro.com\/feria2023\/wp-content\/uploads\/2023\/08\/Entrega_premios_02-1200x729.jpg 1200w, https:\/\/feriadeteatro.com\/feria2023\/wp-content\/uploads\/2023\/08\/Entrega_premios_02.jpg 1500w\" data-sizes=\"(max-width: 1024px) 100vw, (max-width: 640px) 100vw, 1200px\" src=\"data:image\/svg+xml;base64,PHN2ZyB3aWR0aD0iMSIgaGVpZ2h0PSIxIiB4bWxucz0iaHR0cDovL3d3dy53My5vcmcvMjAwMC9zdmciPjwvc3ZnPg==\" style=\"--smush-placeholder-width: 1024px; --smush-placeholder-aspect-ratio: 1024\/622;\" \/><\/span><\/div><\/div><\/div><\/div><\/div><\/p>\n","protected":false},"excerpt":{"rendered":"","protected":false},"author":1,"featured_media":0,"parent":0,"menu_order":0,"comment_status":"closed","ping_status":"closed","template":"","meta":{"footnotes":""},"class_list":["post-10007","page","type-page","status-publish","hentry"],"_links":{"self":[{"href":"https:\/\/feriadeteatro.com\/feria2023\/wp-json\/wp\/v2\/pages\/10007","targetHints":{"allow":["GET"]}}],"collection":[{"href":"https:\/\/feriadeteatro.com\/feria2023\/wp-json\/wp\/v2\/pages"}],"about":[{"href":"https:\/\/feriadeteatro.com\/feria2023\/wp-json\/wp\/v2\/types\/page"}],"author":[{"embeddable":true,"href":"https:\/\/feriadeteatro.com\/feria2023\/wp-json\/wp\/v2\/users\/1"}],"replies":[{"embeddable":true,"href":"https:\/\/feriadeteatro.com\/feria2023\/wp-json\/wp\/v2\/comments?post=10007"}],"version-history":[{"count":2,"href":"https:\/\/feriadeteatro.com\/feria2023\/wp-json\/wp\/v2\/pages\/10007\/revisions"}],"predecessor-version":[{"id":10018,"href":"https:\/\/feriadeteatro.com\/feria2023\/wp-json\/wp\/v2\/pages\/10007\/revisions\/10018"}],"wp:attachment":[{"href":"https:\/\/feriadeteatro.com\/feria2023\/wp-json\/wp\/v2\/media?parent=10007"}],"curies":[{"name":"wp","href":"https:\/\/api.w.org\/{rel}","templated":true}]}}