{"id":81,"date":"2017-08-04T10:01:40","date_gmt":"2017-08-04T10:01:40","guid":{"rendered":"http:\/\/feriadeteatro.es\/webmovil\/?page_id=81"},"modified":"2023-08-23T14:31:23","modified_gmt":"2023-08-23T14:31:23","slug":"ciudad-rodrigo-establecimientos-recomendados","status":"publish","type":"page","link":"https:\/\/feriadeteatro.com\/feria2023\/ciudad-rodrigo-establecimientos-recomendados\/","title":{"rendered":"Ciudad Rodrigo: Establecimientos recomendados"},"content":{"rendered":"<p><div class=\"fusion-fullwidth fullwidth-box fusion-builder-row-1 fusion-flex-container nonhundred-percent-fullwidth non-hundred-percent-height-scrolling\" style=\"--awb-border-radius-top-left:0px;--awb-border-radius-top-right:0px;--awb-border-radius-bottom-right:0px;--awb-border-radius-bottom-left:0px;--awb-flex-wrap:wrap;\" ><div class=\"fusion-builder-row fusion-row fusion-flex-align-items-flex-start fusion-flex-content-wrap\" style=\"max-width:1216.8px;margin-left: calc(-4% \/ 2 );margin-right: calc(-4% \/ 2 );\"><div class=\"fusion-layout-column fusion_builder_column fusion-builder-column-0 fusion_builder_column_1_1 1_1 fusion-flex-column\" style=\"--awb-bg-size:cover;--awb-width-large:100%;--awb-margin-top-large:0px;--awb-spacing-right-large:1.92%;--awb-margin-bottom-large:0px;--awb-spacing-left-large:1.92%;--awb-width-medium:100%;--awb-spacing-right-medium:1.92%;--awb-spacing-left-medium:1.92%;--awb-width-small:100%;--awb-spacing-right-small:1.92%;--awb-spacing-left-small:1.92%;\"><div class=\"fusion-column-wrapper fusion-column-has-shadow fusion-flex-justify-content-center fusion-content-layout-column\"><div class=\"fusion-title title fusion-title-1 fusion-title-text fusion-title-size-three\"><div class=\"title-sep-container title-sep-container-left fusion-no-large-visibility fusion-no-medium-visibility fusion-no-small-visibility\"><div class=\"title-sep sep-single sep-dashed\" style=\"border-color:#f46f72;\"><\/div><\/div><span class=\"awb-title-spacer fusion-no-large-visibility fusion-no-medium-visibility fusion-no-small-visibility\"><\/span><h3 class=\"fusion-title-heading title-heading-left\" style=\"margin:0;\"><h3>Ciudad Rodrigo<\/h3><\/h3><span class=\"awb-title-spacer\"><\/span><div class=\"title-sep-container title-sep-container-right\"><div class=\"title-sep sep-single sep-dashed\" style=\"border-color:#f46f72;\"><\/div><\/div><\/div><\/div><\/div><div class=\"fusion-layout-column fusion_builder_column fusion-builder-column-1 fusion_builder_column_1_4 1_4 fusion-flex-column\" style=\"--awb-bg-size:cover;--awb-width-large:25%;--awb-margin-top-large:0px;--awb-spacing-right-large:7.68%;--awb-margin-bottom-large:0px;--awb-spacing-left-large:7.68%;--awb-width-medium:100%;--awb-order-medium:0;--awb-spacing-right-medium:1.92%;--awb-spacing-left-medium:1.92%;--awb-width-small:100%;--awb-order-small:0;--awb-spacing-right-small:1.92%;--awb-spacing-left-small:1.92%;\"><div class=\"fusion-column-wrapper fusion-column-has-shadow fusion-flex-justify-content-flex-start fusion-content-layout-column\"><div class=\"fusion-image-element \" style=\"--awb-caption-title-font-family:var(--h2_typography-font-family);--awb-caption-title-font-weight:var(--h2_typography-font-weight);--awb-caption-title-font-style:var(--h2_typography-font-style);--awb-caption-title-size:var(--h2_typography-font-size);--awb-caption-title-transform:var(--h2_typography-text-transform);--awb-caption-title-line-height:var(--h2_typography-line-height);--awb-caption-title-letter-spacing:var(--h2_typography-letter-spacing);\"><span class=\" fusion-imageframe imageframe-none imageframe-1 hover-type-none\"><a class=\"fusion-no-lightbox\" href=\"https:\/\/feriadeteatro.com\/feria2023\/ciudad-rodrigo-informacion-practica\/\" target=\"_self\" aria-label=\"botonCRinformacionpractica\"><img decoding=\"async\" width=\"246\" height=\"246\" data-src=\"https:\/\/feriadeteatro.com\/feria2023\/wp-content\/uploads\/2021\/12\/botonCRinformacionpractica.jpg\" alt class=\"img-responsive wp-image-7035 lazyload\" data-srcset=\"https:\/\/feriadeteatro.com\/feria2023\/wp-content\/uploads\/2021\/12\/botonCRinformacionpractica-200x200.jpg 200w, https:\/\/feriadeteatro.com\/feria2023\/wp-content\/uploads\/2021\/12\/botonCRinformacionpractica.jpg 246w\" data-sizes=\"(max-width: 1024px) 100vw, (max-width: 640px) 100vw, 246px\" src=\"data:image\/svg+xml;base64,PHN2ZyB3aWR0aD0iMSIgaGVpZ2h0PSIxIiB4bWxucz0iaHR0cDovL3d3dy53My5vcmcvMjAwMC9zdmciPjwvc3ZnPg==\" style=\"--smush-placeholder-width: 246px; --smush-placeholder-aspect-ratio: 246\/246;\" \/><\/a><\/span><\/div><\/div><\/div><div class=\"fusion-layout-column fusion_builder_column fusion-builder-column-2 fusion_builder_column_1_4 1_4 fusion-flex-column\" style=\"--awb-bg-size:cover;--awb-width-large:25%;--awb-margin-top-large:0px;--awb-spacing-right-large:7.68%;--awb-margin-bottom-large:0px;--awb-spacing-left-large:7.68%;--awb-width-medium:100%;--awb-order-medium:0;--awb-spacing-right-medium:1.92%;--awb-spacing-left-medium:1.92%;--awb-width-small:100%;--awb-order-small:0;--awb-spacing-right-small:1.92%;--awb-spacing-left-small:1.92%;\"><div class=\"fusion-column-wrapper fusion-column-has-shadow fusion-flex-justify-content-flex-start fusion-content-layout-column\"><div class=\"fusion-image-element \" style=\"--awb-caption-title-font-family:var(--h2_typography-font-family);--awb-caption-title-font-weight:var(--h2_typography-font-weight);--awb-caption-title-font-style:var(--h2_typography-font-style);--awb-caption-title-size:var(--h2_typography-font-size);--awb-caption-title-transform:var(--h2_typography-text-transform);--awb-caption-title-line-height:var(--h2_typography-line-height);--awb-caption-title-letter-spacing:var(--h2_typography-letter-spacing);\"><span class=\" fusion-imageframe imageframe-none imageframe-2 hover-type-none\"><a class=\"fusion-no-lightbox\" href=\"https:\/\/feriadeteatro.com\/feria2023\/ciudad-rodrigo-establecimientos-recomendados\/\" target=\"_self\" aria-label=\"botonCRestablecimientos\"><img decoding=\"async\" width=\"246\" height=\"246\" data-src=\"https:\/\/feriadeteatro.com\/feria2023\/wp-content\/uploads\/2021\/12\/botonCRestablecimientos.jpg\" alt class=\"img-responsive wp-image-7036 lazyload\" data-srcset=\"https:\/\/feriadeteatro.com\/feria2023\/wp-content\/uploads\/2021\/12\/botonCRestablecimientos-200x200.jpg 200w, https:\/\/feriadeteatro.com\/feria2023\/wp-content\/uploads\/2021\/12\/botonCRestablecimientos.jpg 246w\" data-sizes=\"(max-width: 1024px) 100vw, (max-width: 640px) 100vw, 246px\" src=\"data:image\/svg+xml;base64,PHN2ZyB3aWR0aD0iMSIgaGVpZ2h0PSIxIiB4bWxucz0iaHR0cDovL3d3dy53My5vcmcvMjAwMC9zdmciPjwvc3ZnPg==\" style=\"--smush-placeholder-width: 246px; --smush-placeholder-aspect-ratio: 246\/246;\" \/><\/a><\/span><\/div><\/div><\/div><div class=\"fusion-layout-column fusion_builder_column fusion-builder-column-3 fusion_builder_column_1_4 1_4 fusion-flex-column\" style=\"--awb-bg-size:cover;--awb-width-large:25%;--awb-margin-top-large:0px;--awb-spacing-right-large:7.68%;--awb-margin-bottom-large:0px;--awb-spacing-left-large:7.68%;--awb-width-medium:100%;--awb-order-medium:0;--awb-spacing-right-medium:1.92%;--awb-spacing-left-medium:1.92%;--awb-width-small:100%;--awb-order-small:0;--awb-spacing-right-small:1.92%;--awb-spacing-left-small:1.92%;\"><div class=\"fusion-column-wrapper fusion-column-has-shadow fusion-flex-justify-content-flex-start fusion-content-layout-column\"><div class=\"fusion-image-element \" style=\"--awb-caption-title-font-family:var(--h2_typography-font-family);--awb-caption-title-font-weight:var(--h2_typography-font-weight);--awb-caption-title-font-style:var(--h2_typography-font-style);--awb-caption-title-size:var(--h2_typography-font-size);--awb-caption-title-transform:var(--h2_typography-text-transform);--awb-caption-title-line-height:var(--h2_typography-line-height);--awb-caption-title-letter-spacing:var(--h2_typography-letter-spacing);\"><span class=\" fusion-imageframe imageframe-none imageframe-3 hover-type-none\"><a class=\"fusion-no-lightbox\" href=\"https:\/\/feriadeteatro.com\/feria2023\/colaboradores\/\" target=\"_self\" aria-label=\"botonCRcolaboradores\"><img decoding=\"async\" width=\"246\" height=\"246\" data-src=\"https:\/\/feriadeteatro.com\/feria2023\/wp-content\/uploads\/2021\/12\/botonCRcolaboradores.jpg\" alt class=\"img-responsive wp-image-7038 lazyload\" data-srcset=\"https:\/\/feriadeteatro.com\/feria2023\/wp-content\/uploads\/2021\/12\/botonCRcolaboradores-200x200.jpg 200w, https:\/\/feriadeteatro.com\/feria2023\/wp-content\/uploads\/2021\/12\/botonCRcolaboradores.jpg 246w\" data-sizes=\"(max-width: 1024px) 100vw, (max-width: 640px) 100vw, 246px\" src=\"data:image\/svg+xml;base64,PHN2ZyB3aWR0aD0iMSIgaGVpZ2h0PSIxIiB4bWxucz0iaHR0cDovL3d3dy53My5vcmcvMjAwMC9zdmciPjwvc3ZnPg==\" style=\"--smush-placeholder-width: 246px; --smush-placeholder-aspect-ratio: 246\/246;\" \/><\/a><\/span><\/div><\/div><\/div><div class=\"fusion-layout-column fusion_builder_column fusion-builder-column-4 fusion_builder_column_1_4 1_4 fusion-flex-column\" style=\"--awb-bg-size:cover;--awb-width-large:25%;--awb-margin-top-large:0px;--awb-spacing-right-large:7.68%;--awb-margin-bottom-large:0px;--awb-spacing-left-large:7.68%;--awb-width-medium:100%;--awb-order-medium:0;--awb-spacing-right-medium:1.92%;--awb-spacing-left-medium:1.92%;--awb-width-small:100%;--awb-order-small:0;--awb-spacing-right-small:1.92%;--awb-spacing-left-small:1.92%;\"><div class=\"fusion-column-wrapper fusion-column-has-shadow fusion-flex-justify-content-flex-start fusion-content-layout-column\"><div class=\"fusion-image-element \" style=\"--awb-caption-title-font-family:var(--h2_typography-font-family);--awb-caption-title-font-weight:var(--h2_typography-font-weight);--awb-caption-title-font-style:var(--h2_typography-font-style);--awb-caption-title-size:var(--h2_typography-font-size);--awb-caption-title-transform:var(--h2_typography-text-transform);--awb-caption-title-line-height:var(--h2_typography-line-height);--awb-caption-title-letter-spacing:var(--h2_typography-letter-spacing);\"><span class=\" fusion-imageframe imageframe-none imageframe-4 hover-type-none\"><a class=\"fusion-no-lightbox\" href=\"https:\/\/feriadeteatro.com\/feria2023\/como-colaborar\/\" target=\"_self\" aria-label=\"botonCRcomocolaborar\"><img decoding=\"async\" width=\"246\" height=\"246\" data-src=\"https:\/\/feriadeteatro.com\/feria2023\/wp-content\/uploads\/2021\/12\/botonCRcomocolaborar.jpg\" alt class=\"img-responsive wp-image-7037 lazyload\" data-srcset=\"https:\/\/feriadeteatro.com\/feria2023\/wp-content\/uploads\/2021\/12\/botonCRcomocolaborar-200x200.jpg 200w, https:\/\/feriadeteatro.com\/feria2023\/wp-content\/uploads\/2021\/12\/botonCRcomocolaborar.jpg 246w\" data-sizes=\"(max-width: 1024px) 100vw, (max-width: 640px) 100vw, 246px\" src=\"data:image\/svg+xml;base64,PHN2ZyB3aWR0aD0iMSIgaGVpZ2h0PSIxIiB4bWxucz0iaHR0cDovL3d3dy53My5vcmcvMjAwMC9zdmciPjwvc3ZnPg==\" style=\"--smush-placeholder-width: 246px; --smush-placeholder-aspect-ratio: 246\/246;\" \/><\/a><\/span><\/div><\/div><\/div><\/div><\/div>\n<div class=\"fusion-fullwidth fullwidth-box fusion-builder-row-2 fusion-flex-container nonhundred-percent-fullwidth non-hundred-percent-height-scrolling\" style=\"--awb-border-radius-top-left:0px;--awb-border-radius-top-right:0px;--awb-border-radius-bottom-right:0px;--awb-border-radius-bottom-left:0px;--awb-flex-wrap:wrap;\" ><div class=\"fusion-builder-row fusion-row fusion-flex-align-items-flex-start fusion-flex-content-wrap\" style=\"max-width:1216.8px;margin-left: calc(-4% \/ 2 );margin-right: calc(-4% \/ 2 );\"><div class=\"fusion-layout-column fusion_builder_column fusion-builder-column-5 fusion_builder_column_1_1 1_1 fusion-flex-column\" style=\"--awb-bg-size:cover;--awb-width-large:100%;--awb-margin-top-large:0px;--awb-spacing-right-large:1.92%;--awb-margin-bottom-large:0px;--awb-spacing-left-large:1.92%;--awb-width-medium:100%;--awb-spacing-right-medium:1.92%;--awb-spacing-left-medium:1.92%;--awb-width-small:100%;--awb-spacing-right-small:1.92%;--awb-spacing-left-small:1.92%;\"><div class=\"fusion-column-wrapper fusion-column-has-shadow fusion-flex-justify-content-flex-start fusion-content-layout-column\"><div class=\"fusion-separator fusion-full-width-sep\" style=\"align-self: center;margin-left: auto;margin-right: auto;margin-top:20px;margin-bottom:20px;width:100%;\"><\/div><\/div><\/div><\/div><\/div><div class=\"fusion-fullwidth fullwidth-box fusion-builder-row-3 fusion-flex-container nonhundred-percent-fullwidth non-hundred-percent-height-scrolling\" style=\"--awb-border-radius-top-left:0px;--awb-border-radius-top-right:0px;--awb-border-radius-bottom-right:0px;--awb-border-radius-bottom-left:0px;--awb-flex-wrap:wrap;\" ><div class=\"fusion-builder-row fusion-row fusion-flex-align-items-flex-start fusion-flex-content-wrap\" style=\"max-width:1216.8px;margin-left: calc(-4% \/ 2 );margin-right: calc(-4% \/ 2 );\"><div class=\"fusion-layout-column fusion_builder_column fusion-builder-column-6 fusion_builder_column_1_1 1_1 fusion-flex-column\" style=\"--awb-bg-size:cover;--awb-width-large:100%;--awb-margin-top-large:0px;--awb-spacing-right-large:1.92%;--awb-margin-bottom-large:0px;--awb-spacing-left-large:1.92%;--awb-width-medium:100%;--awb-spacing-right-medium:1.92%;--awb-spacing-left-medium:1.92%;--awb-width-small:100%;--awb-spacing-right-small:1.92%;--awb-spacing-left-small:1.92%;\"><div class=\"fusion-column-wrapper fusion-flex-justify-content-flex-start fusion-content-layout-column\"><div class=\"fusion-text fusion-text-1\"><h2 style=\"text-align: center;\"><span style=\"color: #808080;\">Establecimientos recomendados<\/span><\/h2>\n<\/div><\/div><\/div><div class=\"fusion-layout-column fusion_builder_column fusion-builder-column-7 fusion_builder_column_1_2 1_2 fusion-flex-column\" style=\"--awb-bg-size:cover;--awb-width-large:50%;--awb-margin-top-large:0px;--awb-spacing-right-large:3.84%;--awb-margin-bottom-large:0px;--awb-spacing-left-large:3.84%;--awb-width-medium:100%;--awb-spacing-right-medium:1.92%;--awb-spacing-left-medium:1.92%;--awb-width-small:100%;--awb-spacing-right-small:1.92%;--awb-spacing-left-small:1.92%;\"><div class=\"fusion-column-wrapper fusion-flex-justify-content-flex-start fusion-content-layout-column\"><div class=\"fusion-text fusion-text-2\"><h4><strong>D\u00d3NDE TOMAR ALGO<\/strong><\/h4>\n<hr \/>\n<p><strong>Bar \u00c1ngel<\/strong><br \/>\nPlaza Mayor<\/p>\n<p><strong>Bar La Plazuela<\/strong><br \/>\nPlaza del Buen Alcalde, 9<\/p>\n<p><strong>Bar Rebollar<br \/>\n<\/strong>Calle Sepulcro<\/p>\n<p><strong>Bar-Restaurante El Sanatorio<\/strong><br \/>\nPlaza Mayor<\/p>\n<p><strong>Caf\u00e9-Bar D&#8217;Mor\u00e1n<\/strong><br \/>\nPlaza Mayor<\/p>\n<p><strong>Caf\u00e9 Bar El Rinc\u00f3n<\/strong><br \/>\nCalle de Juli\u00e1n S\u00e1nchez, 6<\/p>\n<p><strong>Cafeter\u00eda Arcos<\/strong><br \/>\nPlaza Mayor<\/p>\n<p><strong>Cafeter\u00eda Bar La Glorieta<\/strong><br \/>\nCalle Laguna, 17<\/p>\n<p><strong>Helader\u00eda Menta y Lim\u00f3n<\/strong><br \/>\nPlaza Mayor, 14<\/p>\n<p><strong>Karaoke Code Bar<\/strong><br \/>\nPlaza del Buen Alcalde<\/p>\n<p><strong>O.C. Otro Cuento &#8211; Bar&amp;Copas<\/strong><br \/>\nR\u00faa del Sol<\/p>\n<\/div><\/div><\/div><div class=\"fusion-layout-column fusion_builder_column fusion-builder-column-8 fusion_builder_column_1_2 1_2 fusion-flex-column\" style=\"--awb-bg-size:cover;--awb-width-large:50%;--awb-margin-top-large:0px;--awb-spacing-right-large:3.84%;--awb-margin-bottom-large:0px;--awb-spacing-left-large:3.84%;--awb-width-medium:100%;--awb-spacing-right-medium:1.92%;--awb-spacing-left-medium:1.92%;--awb-width-small:100%;--awb-spacing-right-small:1.92%;--awb-spacing-left-small:1.92%;\"><div class=\"fusion-column-wrapper fusion-flex-justify-content-flex-start fusion-content-layout-column\"><div class=\"fusion-text fusion-text-3\"><h4><strong>D\u00d3NDE DORMIR<\/strong><\/h4>\n<hr \/>\n<p>Hospeder\u00eda PUERTA DE LA CATEDRAL<\/p>\n<p><a href=\"https:\/\/hostalenciudadrodrigo.com\/\" target=\"_blank\" rel=\"noopener\">Hostal JOSE MARI<\/a><\/p>\n<p><a href=\"https:\/\/parqueflorida.com\/\" target=\"_blank\" rel=\"noopener\">Hostal PARQUE FLORIDA<\/a><\/p>\n<p><a href=\"http:\/\/www.hostalyoanna.es\/\" target=\"_blank\" rel=\"noopener noreferrer\">Hostal Yoanna<\/a><\/p>\n<p><a href=\"http:\/\/www.hotel-arcos.com\/\" target=\"_blank\" rel=\"noopener noreferrer\">Hotel ARCOS<\/a><\/p>\n<p><a href=\"https:\/\/www.hotelconderodrigo.com\/\" target=\"_blank\" rel=\"noopener noreferrer\">Hotel CONDE RODRIGO I<\/a><\/p>\n<p><a href=\"https:\/\/conderodrigo.com\/\" target=\"_blank\" rel=\"noopener noreferrer\">Hotel CONDE RODRIGO 2<\/a><\/p>\n<p><a href=\"http:\/\/www.hotellabodega.com\/\" target=\"_blank\" rel=\"noopener noreferrer\">Hotel LA BODEGA<\/a><\/p>\n<p>Hotel La Llave del Campo<\/p>\n<p><a href=\"http:\/\/www.puertaciudadrodrigo.com\/\" target=\"_blank\" rel=\"noopener\">Hotel PUERTA DE CIUDAD RODRIGO<\/a><\/p>\n<p><a href=\"https:\/\/www.palacioantiguaaudiencia.com\/\" target=\"_blank\" rel=\"noopener\">PALACIO ANTIGUA AUDIENCIA<\/a><\/p>\n<\/div><\/div><\/div><div class=\"fusion-layout-column fusion_builder_column fusion-builder-column-9 fusion_builder_column_1_2 1_2 fusion-flex-column\" style=\"--awb-bg-size:cover;--awb-width-large:50%;--awb-margin-top-large:0px;--awb-spacing-right-large:3.84%;--awb-margin-bottom-large:0px;--awb-spacing-left-large:3.84%;--awb-width-medium:100%;--awb-spacing-right-medium:1.92%;--awb-spacing-left-medium:1.92%;--awb-width-small:100%;--awb-spacing-right-small:1.92%;--awb-spacing-left-small:1.92%;\"><div class=\"fusion-column-wrapper fusion-flex-justify-content-flex-start fusion-content-layout-column\"><div class=\"fusion-text fusion-text-4\"><h4><strong>OTROS ESTABLECIMIENTOS<\/strong><\/h4>\n<hr \/>\n<p><a href=\"http:\/\/www.miroliva.com\/\" target=\"_blank\" rel=\"noopener noreferrer\">ACEITUNAS MIROLIVA SL<\/a><\/p>\n<p>AUTO TAXI LORENZO MONTERO<\/p>\n<p><a href=\"http:\/\/www.autocaresviagon.com\/\" target=\"_blank\" rel=\"noopener noreferrer\">AUTOCARES VIAG\u00d3N<\/a><\/p>\n<p><a href=\"http:\/\/www.calzadosmontero.com\/\" target=\"_blank\" rel=\"noopener noreferrer\">CALZADOS MONTERO<\/a><\/p>\n<p><a href=\"http:\/\/www.centroecuestrecasasola.com\/\" target=\"_blank\" rel=\"noopener noreferrer\">CENTRO ECUESTRE CASASOLA<\/a><\/p>\n<p><a href=\"http:\/\/www.obispotellez.com\/\" target=\"_blank\" rel=\"noopener noreferrer\">COFRANDES SL<\/a><\/p>\n<p>COMERCIAL ROMUALDO<\/p>\n<p><a href=\"http:\/\/www.confeccioneszamorano.es\/\" target=\"_blank\" rel=\"noopener noreferrer\">CONFECCIONES ZAMORANO<\/a><\/p>\n<p><a href=\"https:\/\/eyeservicios.es\/\" target=\"_blank\" rel=\"noopener\">EYE SERVICIOS S.L.<\/a><\/p>\n<p>CRISTALER\u00cdA GONZ\u00c1LEZ<\/p>\n<p>DISTRIBUCI\u00d3N ANDR\u00c9S JORGE MART\u00cdN<\/p>\n<p>DISTRIBUCIONES MART\u00cdN ACERA<\/p>\n<p><a href=\"http:\/\/www.dtinformatica.com\/\" target=\"_blank\" rel=\"noopener noreferrer\">DT INFORM\u00c1TICA &amp; MULTIMEDIA<\/a><\/p>\n<p>ELECTRICIDAD CASADO<\/p>\n<p>ELVIRA CASADO. ARTESANA<\/p>\n<p>ESTACIONES DE SERVICIO CRIADO<\/p>\n<p><a href=\"http:\/\/www.ferreteriaciudadrodrigo.com\/es\/\" target=\"_blank\" rel=\"noopener noreferrer\">FERRETER\u00cdA SERTORIO<\/a><\/p>\n<p><a href=\"http:\/\/fotovicente.com\/\" target=\"_blank\" rel=\"noopener noreferrer\">ISA&amp;JOSE VICENTE FOT\u00d3GRAFOS<\/a><\/p>\n<p><a href=\"http:\/\/www.frisan.com\/index2.html\" target=\"_blank\" rel=\"noopener noreferrer\">FRIS\u00c1N FR\u00cdO INDUSTRIAL<\/a><\/p>\n<p>GESTOR\u00cdA DOM\u00cdNGUEZ<\/p>\n<p>GONZ\u00c1LEZ Y GONZ\u00c1LEZ SL DISTRIBUIDOR FRIGO CIUDAD RODRIGO<\/p>\n<p><a href=\"http:\/\/www.graficassantacruz.com\/\" target=\"_blank\" rel=\"noopener noreferrer\">GR\u00c1FICAS SANTA CRUZ<\/a><\/p>\n<p><a href=\"https:\/\/www.grupofabianmartin.es\/\" target=\"_blank\" rel=\"noopener\">GRUPO FABI\u00c1N MART\u00cdN<\/a><\/p>\n<p><a href=\"http:\/\/www.lletra.es\/\" target=\"_blank\" rel=\"noopener noreferrer\">IMPRENTA LLETRA<\/a><\/p>\n<p><a href=\"https:\/\/www.jbernalencinas.com\/\" target=\"_blank\" rel=\"noopener\">J BERNAL ENCINAS S.L.<\/a><\/p>\n<p><a href=\"http:\/\/www.inspania.es\/\" target=\"_blank\" rel=\"noopener noreferrer\">INSPANIA FONTANER\u00cdA Y CALEFACCI\u00d3N<\/a><\/p>\n<p><a href=\"https:\/\/www.joyeriacid.com\/\" target=\"_blank\" rel=\"noopener\">JOYER\u00cdA CID<\/a><\/p>\n<p><a href=\"http:\/\/www.joyeriavasconcellos.com\/\" target=\"_blank\" rel=\"noopener noreferrer\">JOYER\u00cdA VASCONELLOS<\/a><\/p>\n<p>MART\u00cdN RISUE\u00d1O GENERALI SEGUROS<\/p>\n<p>MIR\u00d3BRIGA TEXTIL<\/p>\n<p><a href=\"http:\/\/mueblesintermobil.es\/\" target=\"_blank\" rel=\"noopener noreferrer\">MUEBLES LOMA<\/a><\/p>\n<p><a href=\"http:\/\/spmundi.es\/\" target=\"_blank\" rel=\"noopener noreferrer\">ONDA CERO &#8211; SERVICIOS PUBLICITARIOS MUNDI<\/a><\/p>\n<p><a href=\"https:\/\/palaciomontarco.com\/\" target=\"_blank\" rel=\"noopener\">PALACIO DE MONTARCO<\/a><\/p>\n<p>PELUQUER\u00cdA ESALZA<\/p>\n<p><a href=\"https:\/\/publimir.com\/\" target=\"_blank\" rel=\"noopener\">PUBLIMIR<\/a><\/p>\n<p><a href=\"https:\/\/www.instagram.com\/quattromodacasual\/\" target=\"_blank\" rel=\"noopener\">QUATTRO MODA<\/a><\/p>\n<p>REFORMAS CRIADO<\/p>\n<p>SOLYGES CORREDUR\u00cdA DE SEGUROS<\/p>\n<p><a href=\"https:\/\/stellarumfilms.com\/\" target=\"_blank\" rel=\"noopener\">STELLARUM FILMS<\/a><\/p>\n<p><a href=\"https:\/\/www.phonehouse.es\/\" target=\"_blank\" rel=\"noopener noreferrer\">THE PHONE HOUSE<\/a><\/p>\n<\/div><\/div><\/div><div class=\"fusion-layout-column fusion_builder_column fusion-builder-column-10 fusion_builder_column_1_2 1_2 fusion-flex-column\" style=\"--awb-bg-size:cover;--awb-width-large:50%;--awb-margin-top-large:0px;--awb-spacing-right-large:3.84%;--awb-margin-bottom-large:0px;--awb-spacing-left-large:3.84%;--awb-width-medium:100%;--awb-spacing-right-medium:1.92%;--awb-spacing-left-medium:1.92%;--awb-width-small:100%;--awb-spacing-right-small:1.92%;--awb-spacing-left-small:1.92%;\"><div class=\"fusion-column-wrapper fusion-flex-justify-content-flex-start fusion-content-layout-column\"><div class=\"fusion-text fusion-text-5\"><h4><strong>D\u00d3NDE COMER<\/strong><\/h4>\n<hr \/>\n<p><strong>Mes\u00f3n LA PALOMA<\/strong><br \/>\nPaloma, 3<\/p>\n<p><a href=\"https:\/\/pizzeriademaria.com\/\" target=\"_blank\" rel=\"noopener\"><strong>Pizzer\u00eda Demar\u00eda<\/strong><\/a><br \/>\nAgust\u00edn de Fox\u00e1<\/p>\n<p><strong>Pizzer\u00eda TUSSILAGO<\/strong><br \/>\nJuli\u00e1n S\u00e1nchez, 7<\/p>\n<p><strong><a href=\"http:\/\/www.hotelesciudadrodrigo.com\/\" target=\"_blank\" rel=\"noopener noreferrer\">Restaurante CONDE RODRIGO I<\/a><\/strong><br \/>\nPlaza de San Salvador, 9<\/p>\n<p><strong><a href=\"https:\/\/conderodrigo.com\/\" target=\"_blank\" rel=\"noopener noreferrer\">Restaurante CONDE RODRIGO II<\/a><\/strong><br \/>\nHuerta Las Vi\u00f1as, s\/n<\/p>\n<p><strong><a href=\"http:\/\/www.restaurante-estoril.com\/\" target=\"_blank\" rel=\"noopener noreferrer\">Restaurante ESTORIL<\/a><\/strong><br \/>\nGeneral Pando, 11<\/p>\n<p><strong><a href=\"http:\/\/www.hotellabodega.com\/restaurante.html\" target=\"_blank\" rel=\"noopener noreferrer\">Restaurante LA BODEGA<\/a><\/strong><br \/>\nAvda. Portugal, 11<\/p>\n<p><strong>Restaurante-Bar LA FLORIDA<\/strong><br \/>\nAvda. Espa\u00f1a<\/p>\n<p><strong><a href=\"https:\/\/mesonlasidreria.com\/\" target=\"_blank\" rel=\"noopener\">Restaurante LA SIDRER\u00cdA<\/a><\/strong><br \/>\n<span class=\"GRkHZd w8qArf\">\u00a0<\/span><span class=\"LrzXr\">C\/ San Marcial, 24<\/span><\/p>\n<p><strong>Restaurante La R\u00faa<\/strong><br \/>\nAvda. Espa\u00f1a<\/p>\n<p><strong>Restaurante Yoanna<\/strong><br \/>\nWetones, 20<\/p>\n<p><strong>Restaurante ZASCANDIL<\/strong><br \/>\nCalle Correo Viejo, s\/n<\/p>\n<\/div><div class=\"fusion-separator fusion-full-width-sep\" style=\"align-self: center;margin-left: auto;margin-right: auto;margin-top:20px;margin-bottom:20px;width:100%;\"><\/div><\/div><\/div><\/div><\/div><\/p>\n","protected":false},"excerpt":{"rendered":"","protected":false},"author":1,"featured_media":0,"parent":0,"menu_order":0,"comment_status":"closed","ping_status":"closed","template":"","meta":{"footnotes":""},"class_list":["post-81","page","type-page","status-publish","hentry"],"_links":{"self":[{"href":"https:\/\/feriadeteatro.com\/feria2023\/wp-json\/wp\/v2\/pages\/81","targetHints":{"allow":["GET"]}}],"collection":[{"href":"https:\/\/feriadeteatro.com\/feria2023\/wp-json\/wp\/v2\/pages"}],"about":[{"href":"https:\/\/feriadeteatro.com\/feria2023\/wp-json\/wp\/v2\/types\/page"}],"author":[{"embeddable":true,"href":"https:\/\/feriadeteatro.com\/feria2023\/wp-json\/wp\/v2\/users\/1"}],"replies":[{"embeddable":true,"href":"https:\/\/feriadeteatro.com\/feria2023\/wp-json\/wp\/v2\/comments?post=81"}],"version-history":[{"count":9,"href":"https:\/\/feriadeteatro.com\/feria2023\/wp-json\/wp\/v2\/pages\/81\/revisions"}],"predecessor-version":[{"id":9390,"href":"https:\/\/feriadeteatro.com\/feria2023\/wp-json\/wp\/v2\/pages\/81\/revisions\/9390"}],"wp:attachment":[{"href":"https:\/\/feriadeteatro.com\/feria2023\/wp-json\/wp\/v2\/media?parent=81"}],"curies":[{"name":"wp","href":"https:\/\/api.w.org\/{rel}","templated":true}]}}