{"id":9021,"date":"2023-07-04T16:38:36","date_gmt":"2023-07-04T16:38:36","guid":{"rendered":"https:\/\/feriadeteatro.com\/feria2023\/?page_id=9021"},"modified":"2023-07-04T17:08:31","modified_gmt":"2023-07-04T17:08:31","slug":"el-cielo-de-sefarad-claroscuro-teatro","status":"publish","type":"page","link":"https:\/\/feriadeteatro.com\/feria2023\/el-cielo-de-sefarad-claroscuro-teatro\/","title":{"rendered":"El cielo de Sefarad &#8211; CLAROSCURO TEATRO"},"content":{"rendered":"<p><div class=\"fusion-fullwidth fullwidth-box fusion-builder-row-1 fusion-flex-container nonhundred-percent-fullwidth non-hundred-percent-height-scrolling\" style=\"--awb-border-radius-top-left:0px;--awb-border-radius-top-right:0px;--awb-border-radius-bottom-right:0px;--awb-border-radius-bottom-left:0px;--awb-flex-wrap:wrap;\" ><div class=\"fusion-builder-row fusion-row fusion-flex-align-items-flex-start fusion-flex-content-wrap\" style=\"max-width:1216.8px;margin-left: calc(-4% \/ 2 );margin-right: calc(-4% \/ 2 );\"><div class=\"fusion-layout-column fusion_builder_column fusion-builder-column-0 fusion_builder_column_1_1 1_1 fusion-flex-column\" style=\"--awb-bg-size:cover;--awb-width-large:100%;--awb-margin-top-large:0px;--awb-spacing-right-large:1.92%;--awb-margin-bottom-large:0px;--awb-spacing-left-large:1.92%;--awb-width-medium:100%;--awb-order-medium:0;--awb-spacing-right-medium:1.92%;--awb-spacing-left-medium:1.92%;--awb-width-small:100%;--awb-order-small:0;--awb-spacing-right-small:1.92%;--awb-spacing-left-small:1.92%;\"><div class=\"fusion-column-wrapper fusion-column-has-shadow fusion-flex-justify-content-flex-start fusion-content-layout-column\"><div class=\"fusion-text fusion-text-1\"><h2 style=\"text-align: center;\">CLAROSCURO TEATRO<\/h2>\n<\/div><div class=\"fusion-text fusion-text-2\"><h3 style=\"text-align: center;\">El cielo de Sefarad<\/h3>\n<\/div><div class=\"fusion-separator fusion-full-width-sep\" style=\"align-self: center;margin-left: auto;margin-right: auto;width:100%;\"><div class=\"fusion-separator-border sep-single sep-solid\" style=\"--awb-height:20px;--awb-amount:20px;border-color:#e0dede;border-top-width:1px;\"><\/div><\/div><div class=\"fusion-separator fusion-full-width-sep\" style=\"align-self: center;margin-left: auto;margin-right: auto;margin-top:20px;margin-bottom:20px;width:100%;\"><\/div><\/div><\/div><div class=\"fusion-layout-column fusion_builder_column fusion-builder-column-1 fusion_builder_column_1_2 1_2 fusion-flex-column\" style=\"--awb-padding-top:10px;--awb-padding-right:10px;--awb-padding-left:10px;--awb-bg-color:#f4f4f4;--awb-bg-color-hover:#f4f4f4;--awb-bg-size:cover;--awb-width-large:50%;--awb-margin-top-large:0px;--awb-spacing-right-large:3.84%;--awb-margin-bottom-large:0px;--awb-spacing-left-large:3.84%;--awb-width-medium:100%;--awb-order-medium:0;--awb-spacing-right-medium:1.92%;--awb-spacing-left-medium:1.92%;--awb-width-small:100%;--awb-order-small:0;--awb-spacing-right-small:1.92%;--awb-spacing-left-small:1.92%;\"><div class=\"fusion-column-wrapper fusion-column-has-shadow fusion-flex-justify-content-flex-start fusion-content-layout-column\"><div class=\"fusion-text fusion-text-3\"><p><strong>D\u00eda:<\/strong> Jueves 24<br \/>\n<strong>Lugar:<\/strong> <a href=\"https:\/\/goo.gl\/maps\/VrqE4h2yh1Y7AXK47\" target=\"_blank\" rel=\"noopener\">Teatro Nuevo Fernando Arrabal<\/a><br \/>\n<strong>Hora:<\/strong> 11:00h<\/p>\n<h4>DATOS DE CONTACTO:<\/h4>\n<p><strong>Persona de contacto:<\/strong> Celia Negrete<br \/>\n<strong>Tel\u00e9fono:<\/strong>\u00a0 <a href=\"tel:+34676461997\">+34 676 461 997<\/a><br \/>\n<strong>Direcci\u00f3n postal:<\/strong> Avenida Condado de Huelva, 29, 29740 Torre del Mar (M\u00e1laga)<br \/>\n<strong>Email:<\/strong> <a href=\"mailto:info@celianegrete.com\">info@celianegrete.com<\/a><br \/>\n<strong>P\u00e1gina web:<\/strong> <a href=\"https:\/\/www.teatrodelnavegante.com\/\" target=\"_blank\" rel=\"noopener\">www.claroscuroteatro.es<\/a><\/p>\n<\/div><\/div><\/div><div class=\"fusion-layout-column fusion_builder_column fusion-builder-column-2 fusion_builder_column_1_2 1_2 fusion-flex-column\" style=\"--awb-bg-size:cover;--awb-width-large:50%;--awb-margin-top-large:0px;--awb-spacing-right-large:3.84%;--awb-margin-bottom-large:0px;--awb-spacing-left-large:3.84%;--awb-width-medium:100%;--awb-order-medium:0;--awb-spacing-right-medium:1.92%;--awb-spacing-left-medium:1.92%;--awb-width-small:100%;--awb-order-small:0;--awb-spacing-right-small:1.92%;--awb-spacing-left-small:1.92%;\"><div class=\"fusion-column-wrapper fusion-column-has-shadow fusion-flex-justify-content-flex-start fusion-content-layout-column\"><div class=\"fusion-image-element \" style=\"--awb-caption-title-font-family:var(--h2_typography-font-family);--awb-caption-title-font-weight:var(--h2_typography-font-weight);--awb-caption-title-font-style:var(--h2_typography-font-style);--awb-caption-title-size:var(--h2_typography-font-size);--awb-caption-title-transform:var(--h2_typography-text-transform);--awb-caption-title-line-height:var(--h2_typography-line-height);--awb-caption-title-letter-spacing:var(--h2_typography-letter-spacing);\"><span class=\" fusion-imageframe imageframe-none imageframe-1 hover-type-none\"><img decoding=\"async\" width=\"800\" height=\"800\" title=\"foto-claroscuro\" data-src=\"https:\/\/feriadeteatro.com\/feria2023\/wp-content\/uploads\/2023\/06\/foto-claroscuro.jpg\" alt class=\"img-responsive wp-image-8934 lazyload\" data-srcset=\"https:\/\/feriadeteatro.com\/feria2023\/wp-content\/uploads\/2023\/06\/foto-claroscuro-200x200.jpg 200w, https:\/\/feriadeteatro.com\/feria2023\/wp-content\/uploads\/2023\/06\/foto-claroscuro-400x400.jpg 400w, https:\/\/feriadeteatro.com\/feria2023\/wp-content\/uploads\/2023\/06\/foto-claroscuro-600x600.jpg 600w, https:\/\/feriadeteatro.com\/feria2023\/wp-content\/uploads\/2023\/06\/foto-claroscuro.jpg 800w\" data-sizes=\"(max-width: 1024px) 100vw, (max-width: 640px) 100vw, 600px\" src=\"data:image\/svg+xml;base64,PHN2ZyB3aWR0aD0iMSIgaGVpZ2h0PSIxIiB4bWxucz0iaHR0cDovL3d3dy53My5vcmcvMjAwMC9zdmciPjwvc3ZnPg==\" style=\"--smush-placeholder-width: 800px; --smush-placeholder-aspect-ratio: 800\/800;\" \/><\/span><\/div><\/div><\/div><div class=\"fusion-layout-column fusion_builder_column fusion-builder-column-3 fusion_builder_column_1_1 1_1 fusion-flex-column\" style=\"--awb-bg-color:#ffffff;--awb-bg-color-hover:#ffffff;--awb-bg-size:cover;--awb-width-large:100%;--awb-margin-top-large:0px;--awb-spacing-right-large:1.92%;--awb-margin-bottom-large:0px;--awb-spacing-left-large:1.92%;--awb-width-medium:100%;--awb-order-medium:0;--awb-spacing-right-medium:1.92%;--awb-spacing-left-medium:1.92%;--awb-width-small:100%;--awb-order-small:0;--awb-spacing-right-small:1.92%;--awb-spacing-left-small:1.92%;\"><div class=\"fusion-column-wrapper fusion-column-has-shadow fusion-flex-justify-content-flex-start fusion-content-layout-column\"><div class=\"fusion-text fusion-text-4\"><h4>SINOPSIS &#8211;\u00a0DESCRIPCI\u00d3N DEL ESPECT\u00c1CULO:<\/h4>\n<p style=\"text-align: justify;\">El cielo de Sefarad es la historia con t\u00edteres, m\u00e1scaras y m\u00fasica en directo de Noa, una ni\u00f1a jud\u00eda en el Toledo de 1492. De sus amigos F\u00e1tima y Pedro y de un gato callejero. Es una historia llena de humor y de magia, que narra con mucha ternura la tragedia de la expulsi\u00f3n del pueblo sefard\u00ed. La historia de Noa es la historia de todos los ni\u00f1os de la Humanidad que un d\u00eda, sin entender por qu\u00e9, tuvieron que irse de sus casas y abandonarlo todo.<\/p>\n<\/div><\/div><\/div><div class=\"fusion-layout-column fusion_builder_column fusion-builder-column-4 fusion_builder_column_1_2 1_2 fusion-flex-column\" style=\"--awb-bg-color:#ffffff;--awb-bg-color-hover:#ffffff;--awb-bg-size:cover;--awb-width-large:50%;--awb-margin-top-large:0px;--awb-spacing-right-large:3.84%;--awb-margin-bottom-large:0px;--awb-spacing-left-large:3.84%;--awb-width-medium:100%;--awb-order-medium:0;--awb-spacing-right-medium:1.92%;--awb-spacing-left-medium:1.92%;--awb-width-small:100%;--awb-order-small:0;--awb-spacing-right-small:1.92%;--awb-spacing-left-small:1.92%;\"><div class=\"fusion-column-wrapper fusion-column-has-shadow fusion-flex-justify-content-flex-start fusion-content-layout-column\"><iframe width=\"98%\" height=\"245\" data-src=\"https:\/\/www.youtube.com\/embed\/3DH-35klzRI?controls=0\" title=\"YouTube video player\" frameborder=\"0\" allow=\"accelerometer; autoplay; clipboard-write; encrypted-media; gyroscope; picture-in-picture; web-share\" allowfullscreen src=\"data:image\/svg+xml;base64,PHN2ZyB3aWR0aD0iMSIgaGVpZ2h0PSIxIiB4bWxucz0iaHR0cDovL3d3dy53My5vcmcvMjAwMC9zdmciPjwvc3ZnPg==\" class=\"lazyload\" data-load-mode=\"1\"><\/iframe><\/div><\/div><div class=\"fusion-layout-column fusion_builder_column fusion-builder-column-5 fusion_builder_column_1_2 1_2 fusion-flex-column\" style=\"--awb-bg-color:#ffffff;--awb-bg-color-hover:#ffffff;--awb-bg-size:cover;--awb-width-large:50%;--awb-margin-top-large:0px;--awb-spacing-right-large:3.84%;--awb-margin-bottom-large:0px;--awb-spacing-left-large:3.84%;--awb-width-medium:100%;--awb-order-medium:0;--awb-spacing-right-medium:1.92%;--awb-spacing-left-medium:1.92%;--awb-width-small:100%;--awb-order-small:0;--awb-spacing-right-small:1.92%;--awb-spacing-left-small:1.92%;\"><div class=\"fusion-column-wrapper fusion-column-has-shadow fusion-flex-justify-content-flex-start fusion-content-layout-column\"><div class=\"fusion-text fusion-text-5\"><h4>FICHA ART\u00cdSTICA<\/h4>\n<p>Julie Vachon, <strong>actriz y titiritera. Canto<\/strong>.<\/p>\n<p>Francisco de Paula S\u00e1nchez, <strong>actor y titiritero. Canto<\/strong>.<\/p>\n<p>Mar\u00eda Jos\u00e9 Pire, <strong>soprano, percusi\u00f3n y flauta<\/strong>.<\/p>\n<p>Enrique Pastor, <strong>c\u00edtola, la\u00fad, y viola medieval. Canto<\/strong>.<\/p>\n<p>Carmen Blanco, <strong>narradora. Voz en off<\/strong>.<\/p>\n<p><strong>Gui\u00f3n:<\/strong> Julie Vachon<\/p>\n<p><strong>Direcci\u00f3n esc\u00e9nica:<\/strong> Larisa Ramos, Julie Vachon y Francisco de Paula S\u00e1nchez.<\/p>\n<p><strong>Dramaturgia musical:<\/strong> Francisco de Paula S\u00e1nchez<\/p>\n<p><strong>Direcci\u00f3n musical:<\/strong> Enrique Pastor<\/p>\n<p><strong>Vestuario:<\/strong> Javier Fern\u00e1ndez Casero<\/p>\n<p><strong>Dise\u00f1o escenograf\u00eda:<\/strong> Francisco de Paula S\u00e1nchez<\/p>\n<p><strong>Realizaci\u00f3n escenograf\u00eda:<\/strong> Mar\u00eda Matas y Lorena Fern\u00e1ndez<\/p>\n<p><strong>T\u00edteres:<\/strong> Julie Vachon, Francisco de Paula S\u00e1nchez y Lorena Fern\u00e1ndez<\/p>\n<p><strong>M\u00e1scaras:<\/strong> Julie Vachon y Francisco de Paula S\u00e1nchez<\/p>\n<p><strong>Dise\u00f1o iluminaci\u00f3n y sonoro:<\/strong> Francisco de Paula S\u00e1nchez<\/p>\n<p><strong>Metalurgia:<\/strong> Manuel Garc\u00eda.<\/p>\n<\/div><\/div><\/div><div class=\"fusion-layout-column fusion_builder_column fusion-builder-column-6 fusion_builder_column_1_1 1_1 fusion-flex-column\" style=\"--awb-bg-size:cover;--awb-width-large:100%;--awb-margin-top-large:0px;--awb-spacing-right-large:1.92%;--awb-margin-bottom-large:0px;--awb-spacing-left-large:1.92%;--awb-width-medium:100%;--awb-order-medium:0;--awb-spacing-right-medium:1.92%;--awb-spacing-left-medium:1.92%;--awb-width-small:100%;--awb-order-small:0;--awb-spacing-right-small:1.92%;--awb-spacing-left-small:1.92%;\"><div class=\"fusion-column-wrapper fusion-column-has-shadow fusion-flex-justify-content-flex-start fusion-content-layout-column\"><div class=\"fusion-text fusion-text-6\"><h5><a href=\"https:\/\/www.feriadeteatro.es\/feria2023\/cuadrante-programacion-2023.htm\">[volver al cuadrante de programaci\u00f3n]<\/a><\/h5>\n<\/div><\/div><\/div><\/div><\/div><div class=\"fusion-fullwidth fullwidth-box fusion-builder-row-2 fusion-flex-container nonhundred-percent-fullwidth non-hundred-percent-height-scrolling\" style=\"--awb-border-radius-top-left:0px;--awb-border-radius-top-right:0px;--awb-border-radius-bottom-right:0px;--awb-border-radius-bottom-left:0px;--awb-flex-wrap:wrap;\" ><div class=\"fusion-builder-row fusion-row fusion-flex-align-items-flex-start fusion-flex-content-wrap\" style=\"max-width:1216.8px;margin-left: calc(-4% \/ 2 );margin-right: calc(-4% \/ 2 );\"><div class=\"fusion-layout-column fusion_builder_column fusion-builder-column-7 fusion_builder_column_1_1 1_1 fusion-flex-column\" style=\"--awb-bg-size:cover;--awb-width-large:100%;--awb-margin-top-large:0px;--awb-spacing-right-large:1.92%;--awb-margin-bottom-large:0px;--awb-spacing-left-large:1.92%;--awb-width-medium:100%;--awb-order-medium:0;--awb-spacing-right-medium:1.92%;--awb-spacing-left-medium:1.92%;--awb-width-small:100%;--awb-order-small:0;--awb-spacing-right-small:1.92%;--awb-spacing-left-small:1.92%;\"><div class=\"fusion-column-wrapper fusion-column-has-shadow fusion-flex-justify-content-flex-start fusion-content-layout-column\"><\/div><\/div><\/div><\/div><\/p>\n","protected":false},"excerpt":{"rendered":"","protected":false},"author":1,"featured_media":0,"parent":0,"menu_order":0,"comment_status":"closed","ping_status":"closed","template":"","meta":{"footnotes":""},"class_list":["post-9021","page","type-page","status-publish","hentry"],"_links":{"self":[{"href":"https:\/\/feriadeteatro.com\/feria2023\/wp-json\/wp\/v2\/pages\/9021","targetHints":{"allow":["GET"]}}],"collection":[{"href":"https:\/\/feriadeteatro.com\/feria2023\/wp-json\/wp\/v2\/pages"}],"about":[{"href":"https:\/\/feriadeteatro.com\/feria2023\/wp-json\/wp\/v2\/types\/page"}],"author":[{"embeddable":true,"href":"https:\/\/feriadeteatro.com\/feria2023\/wp-json\/wp\/v2\/users\/1"}],"replies":[{"embeddable":true,"href":"https:\/\/feriadeteatro.com\/feria2023\/wp-json\/wp\/v2\/comments?post=9021"}],"version-history":[{"count":21,"href":"https:\/\/feriadeteatro.com\/feria2023\/wp-json\/wp\/v2\/pages\/9021\/revisions"}],"predecessor-version":[{"id":9045,"href":"https:\/\/feriadeteatro.com\/feria2023\/wp-json\/wp\/v2\/pages\/9021\/revisions\/9045"}],"wp:attachment":[{"href":"https:\/\/feriadeteatro.com\/feria2023\/wp-json\/wp\/v2\/media?parent=9021"}],"curies":[{"name":"wp","href":"https:\/\/api.w.org\/{rel}","templated":true}]}}