{"id":9354,"date":"2023-08-17T10:48:37","date_gmt":"2023-08-17T10:48:37","guid":{"rendered":"https:\/\/feriadeteatro.com\/feria2023\/?page_id=9354"},"modified":"2023-08-18T07:58:41","modified_gmt":"2023-08-18T07:58:41","slug":"antigona-companhia-do-chapito","status":"publish","type":"page","link":"https:\/\/feriadeteatro.com\/feria2023\/antigona-companhia-do-chapito\/","title":{"rendered":"Ant\u00edgona &#8211; COMPANHIA DO CHAPIT\u00d4"},"content":{"rendered":"<div class=\"fusion-fullwidth fullwidth-box fusion-builder-row-1 fusion-flex-container nonhundred-percent-fullwidth non-hundred-percent-height-scrolling\" style=\"--awb-border-radius-top-left:0px;--awb-border-radius-top-right:0px;--awb-border-radius-bottom-right:0px;--awb-border-radius-bottom-left:0px;--awb-flex-wrap:wrap;\" ><div class=\"fusion-builder-row fusion-row fusion-flex-align-items-flex-start fusion-flex-content-wrap\" style=\"max-width:1216.8px;margin-left: calc(-4% \/ 2 );margin-right: calc(-4% \/ 2 );\"><div class=\"fusion-layout-column fusion_builder_column fusion-builder-column-0 fusion_builder_column_1_1 1_1 fusion-flex-column\" style=\"--awb-bg-size:cover;--awb-width-large:100%;--awb-margin-top-large:0px;--awb-spacing-right-large:1.92%;--awb-margin-bottom-large:0px;--awb-spacing-left-large:1.92%;--awb-width-medium:100%;--awb-order-medium:0;--awb-spacing-right-medium:1.92%;--awb-spacing-left-medium:1.92%;--awb-width-small:100%;--awb-order-small:0;--awb-spacing-right-small:1.92%;--awb-spacing-left-small:1.92%;\"><div class=\"fusion-column-wrapper fusion-column-has-shadow fusion-flex-justify-content-flex-start fusion-content-layout-column\"><div class=\"fusion-text fusion-text-1\"><h2 style=\"text-align: center;\">COMPANHIA DO CHAPIT\u00d4<\/h2>\n<\/div><div class=\"fusion-text fusion-text-2\"><h3 style=\"text-align: center;\">Antigona (3 por 3,5)<\/h3>\n<\/div><div class=\"fusion-separator fusion-full-width-sep\" style=\"align-self: center;margin-left: auto;margin-right: auto;width:100%;\"><div class=\"fusion-separator-border sep-single sep-solid\" style=\"--awb-height:20px;--awb-amount:20px;border-color:#e0dede;border-top-width:1px;\"><\/div><\/div><div class=\"fusion-separator fusion-full-width-sep\" style=\"align-self: center;margin-left: auto;margin-right: auto;margin-top:20px;margin-bottom:20px;width:100%;\"><\/div><div class=\"fusion-text fusion-text-3\"><h5 style=\"text-align: center;\">Por accidente de uno de los actores,<br \/>\n<strong>el espect\u00e1culo \u00abJulio C\u00e9sar\u00bb ser\u00e1 sustituido por \u00abAnt\u00edgona\u00bb, de la misma compa\u00f1\u00eda<\/strong>.<br \/>\nLa entrada para \u00abJulio C\u00e9sar\u00bb es igualmente v\u00e1lida para \u00abAntigona\u00bb, y las personas que lo deseen pueden realizar la devoluci\u00f3n de la entrada para \u00abJulio C\u00e9sar\u00bb en la taquilla del Teatro Nuevo Fernando Arrabal a partir del Martes 22, en horario de taquilla.<\/h5>\n<\/div><div class=\"fusion-separator fusion-full-width-sep\" style=\"align-self: center;margin-left: auto;margin-right: auto;margin-top:20px;margin-bottom:20px;width:100%;\"><\/div><\/div><\/div><div class=\"fusion-layout-column fusion_builder_column fusion-builder-column-1 fusion_builder_column_1_2 1_2 fusion-flex-column\" style=\"--awb-padding-top:10px;--awb-padding-right:10px;--awb-padding-left:10px;--awb-bg-color:#f4f4f4;--awb-bg-color-hover:#f4f4f4;--awb-bg-size:cover;--awb-width-large:50%;--awb-margin-top-large:0px;--awb-spacing-right-large:3.84%;--awb-margin-bottom-large:0px;--awb-spacing-left-large:3.84%;--awb-width-medium:100%;--awb-order-medium:0;--awb-spacing-right-medium:1.92%;--awb-spacing-left-medium:1.92%;--awb-width-small:100%;--awb-order-small:0;--awb-spacing-right-small:1.92%;--awb-spacing-left-small:1.92%;\"><div class=\"fusion-column-wrapper fusion-column-has-shadow fusion-flex-justify-content-flex-start fusion-content-layout-column\"><div class=\"fusion-text fusion-text-4\"><p><strong>D\u00eda:<\/strong> Mi\u00e9rcoles 23<br \/>\n<strong>Lugar: <\/strong><a href=\"https:\/\/goo.gl\/maps\/8HZ4tm1bor9bYL257\" target=\"_blank\" rel=\"noopener\">PATIO DE \u00abLOS SITIOS\u00bb<\/a><br \/>\n<strong>Hora:<\/strong> 23:30h<\/p>\n<h4>DATOS DE CONTACTO:<\/h4>\n<p><strong>Persona de contacto:<\/strong> C\u00e9sar Arias<br \/>\n<strong>Tel\u00e9fono: <\/strong><a href=\"tel:+34640043717\">+34 640 043 717<\/a><br \/>\n<strong>Direcci\u00f3n postal:<\/strong> Zacar\u00edas de la Hera, 7 \u2013 06200 Almendralejo (Badajoz)<br \/>\n<strong>Email:<\/strong> <a href=\"mailto:cesar@marmore.net\">cesar@marmore.net<\/a><br \/>\n<strong>P\u00e1gina web:<\/strong> <a href=\"https:\/\/cesararias.es\/?lang=es\" target=\"_blank\" rel=\"noopener\">cesararias.es<\/a><\/p>\n<\/div><\/div><\/div><div class=\"fusion-layout-column fusion_builder_column fusion-builder-column-2 fusion_builder_column_1_2 1_2 fusion-flex-column\" style=\"--awb-bg-size:cover;--awb-width-large:50%;--awb-margin-top-large:0px;--awb-spacing-right-large:3.84%;--awb-margin-bottom-large:0px;--awb-spacing-left-large:3.84%;--awb-width-medium:100%;--awb-order-medium:0;--awb-spacing-right-medium:1.92%;--awb-spacing-left-medium:1.92%;--awb-width-small:100%;--awb-order-small:0;--awb-spacing-right-small:1.92%;--awb-spacing-left-small:1.92%;\"><div class=\"fusion-column-wrapper fusion-column-has-shadow fusion-flex-justify-content-flex-start fusion-content-layout-column\"><div class=\"fusion-image-element \" style=\"--awb-caption-title-font-family:var(--h2_typography-font-family);--awb-caption-title-font-weight:var(--h2_typography-font-weight);--awb-caption-title-font-style:var(--h2_typography-font-style);--awb-caption-title-size:var(--h2_typography-font-size);--awb-caption-title-transform:var(--h2_typography-text-transform);--awb-caption-title-line-height:var(--h2_typography-line-height);--awb-caption-title-letter-spacing:var(--h2_typography-letter-spacing);\"><span class=\" fusion-imageframe imageframe-none imageframe-1 hover-type-none\"><img decoding=\"async\" width=\"800\" height=\"800\" title=\"foto-antigona\" data-src=\"https:\/\/feriadeteatro.com\/feria2023\/wp-content\/uploads\/2023\/08\/foto-antigona-1.jpg\" alt class=\"img-responsive wp-image-9356 lazyload\" data-srcset=\"https:\/\/feriadeteatro.com\/feria2023\/wp-content\/uploads\/2023\/08\/foto-antigona-1-200x200.jpg 200w, https:\/\/feriadeteatro.com\/feria2023\/wp-content\/uploads\/2023\/08\/foto-antigona-1-400x400.jpg 400w, https:\/\/feriadeteatro.com\/feria2023\/wp-content\/uploads\/2023\/08\/foto-antigona-1-600x600.jpg 600w, https:\/\/feriadeteatro.com\/feria2023\/wp-content\/uploads\/2023\/08\/foto-antigona-1.jpg 800w\" data-sizes=\"(max-width: 1024px) 100vw, (max-width: 640px) 100vw, 600px\" src=\"data:image\/svg+xml;base64,PHN2ZyB3aWR0aD0iMSIgaGVpZ2h0PSIxIiB4bWxucz0iaHR0cDovL3d3dy53My5vcmcvMjAwMC9zdmciPjwvc3ZnPg==\" style=\"--smush-placeholder-width: 800px; --smush-placeholder-aspect-ratio: 800\/800;\" \/><\/span><\/div><\/div><\/div><div class=\"fusion-layout-column fusion_builder_column fusion-builder-column-3 fusion_builder_column_1_1 1_1 fusion-flex-column\" style=\"--awb-bg-size:cover;--awb-width-large:100%;--awb-margin-top-large:0px;--awb-spacing-right-large:1.92%;--awb-margin-bottom-large:0px;--awb-spacing-left-large:1.92%;--awb-width-medium:100%;--awb-order-medium:0;--awb-spacing-right-medium:1.92%;--awb-spacing-left-medium:1.92%;--awb-width-small:100%;--awb-order-small:0;--awb-spacing-right-small:1.92%;--awb-spacing-left-small:1.92%;\"><div class=\"fusion-column-wrapper fusion-column-has-shadow fusion-flex-justify-content-flex-start fusion-content-layout-column\"><\/div><\/div><div class=\"fusion-layout-column fusion_builder_column fusion-builder-column-4 fusion_builder_column_1_1 1_1 fusion-flex-column\" style=\"--awb-bg-color:#ffffff;--awb-bg-color-hover:#ffffff;--awb-bg-size:cover;--awb-width-large:100%;--awb-margin-top-large:0px;--awb-spacing-right-large:1.92%;--awb-margin-bottom-large:0px;--awb-spacing-left-large:1.92%;--awb-width-medium:100%;--awb-order-medium:0;--awb-spacing-right-medium:1.92%;--awb-spacing-left-medium:1.92%;--awb-width-small:100%;--awb-order-small:0;--awb-spacing-right-small:1.92%;--awb-spacing-left-small:1.92%;\"><div class=\"fusion-column-wrapper fusion-column-has-shadow fusion-flex-justify-content-flex-start fusion-content-layout-column\"><div class=\"fusion-text fusion-text-5\"><h4>SINOPSIS:<\/h4>\n<p style=\"text-align: justify;\"><strong>Cierra la trilog\u00eda de tragedia griega que comenz\u00f3 con Edipo, sigui\u00f3 con Electra y ahora culmina con <u>ANT\u00cdGONA (3 por 3,5)<\/u><\/strong><\/p>\n<p style=\"text-align: justify;\"><strong><em>\u00bfCu\u00e1nta sangre cabe en un cuadrado?<\/em><\/strong><\/p>\n<p style=\"text-align: justify;\">Esta nueva creaci\u00f3n colectiva de la Companhia do Chapit\u00f4, la 38\u00aa de su repertorio, sigue explorando el estilo de la absoluta comedia visual y f\u00edsica que invita a la imaginaci\u00f3n del p\u00fablico.<\/p>\n<p style=\"text-align: justify;\">El argumento es sencillo: Muere Edipo, sus dos hijos, Eteocles y Polinices, luchan entre s\u00ed por el trono de Tebas y mueren, Creonte (ahora rey) decreta que Eteocles sea enterrado con todos los honores y Polinices sea dejado a la intemperie para que su cad\u00e1ver sea pasto de los carro\u00f1eros. Ant\u00edgona se rebela ante este decreto y es condenada a la muerte por piedra (atenci\u00f3n a este detalle). Hem\u00f3n, hijo de Creonte, se suicida y Ant\u00edgona al final tambi\u00e9n muere. Un ba\u00f1o de sangre familiar que provocar\u00e1 l\u00e1grimas &#8211; de risa- al p\u00fablico.<\/p>\n<p style=\"text-align: justify;\">Al estilo inconfundible de la Companhia do Chapit\u00f4: (in)adaptando cl\u00e1sicos. Destruyendo, transformando y reciclando tragedias, utilizando la comedia para cuestionar todos los aspectos de la realidad f\u00edsica y social con tres int\u00e9rpretes que lo son todo en la escena.<\/p>\n<\/div><\/div><\/div><div class=\"fusion-layout-column fusion_builder_column fusion-builder-column-5 fusion_builder_column_1_2 1_2 fusion-flex-column\" style=\"--awb-bg-color:#ffffff;--awb-bg-color-hover:#ffffff;--awb-bg-size:cover;--awb-width-large:50%;--awb-margin-top-large:0px;--awb-spacing-right-large:3.84%;--awb-margin-bottom-large:0px;--awb-spacing-left-large:3.84%;--awb-width-medium:100%;--awb-order-medium:0;--awb-spacing-right-medium:1.92%;--awb-spacing-left-medium:1.92%;--awb-width-small:100%;--awb-order-small:0;--awb-spacing-right-small:1.92%;--awb-spacing-left-small:1.92%;\"><div class=\"fusion-column-wrapper fusion-column-has-shadow fusion-flex-justify-content-flex-start fusion-content-layout-column\"><iframe width=\"98%\" height=\"425\" data-src=\"https:\/\/www.youtube.com\/embed\/3wZFxhdT7xQ\" title=\"YouTube video player\" frameborder=\"0\" allow=\"accelerometer; autoplay; clipboard-write; encrypted-media; gyroscope; picture-in-picture; web-share\" allowfullscreen src=\"data:image\/svg+xml;base64,PHN2ZyB3aWR0aD0iMSIgaGVpZ2h0PSIxIiB4bWxucz0iaHR0cDovL3d3dy53My5vcmcvMjAwMC9zdmciPjwvc3ZnPg==\" class=\"lazyload\" data-load-mode=\"1\"><\/iframe><\/div><\/div><div class=\"fusion-layout-column fusion_builder_column fusion-builder-column-6 fusion_builder_column_1_2 1_2 fusion-flex-column\" style=\"--awb-bg-color:#ffffff;--awb-bg-color-hover:#ffffff;--awb-bg-size:cover;--awb-width-large:50%;--awb-margin-top-large:0px;--awb-spacing-right-large:3.84%;--awb-margin-bottom-large:0px;--awb-spacing-left-large:3.84%;--awb-width-medium:100%;--awb-order-medium:0;--awb-spacing-right-medium:1.92%;--awb-spacing-left-medium:1.92%;--awb-width-small:100%;--awb-order-small:0;--awb-spacing-right-small:1.92%;--awb-spacing-left-small:1.92%;\"><div class=\"fusion-column-wrapper fusion-column-has-shadow fusion-flex-justify-content-flex-start fusion-content-layout-column\"><div class=\"fusion-text fusion-text-6\"><h4>FICHA ART\u00cdSTICA<\/h4>\n<p>Creaci\u00f3n colectiva de la Companhia do Chapit\u00f4<\/p>\n<p><strong>Dirigida por:<\/strong> Jos\u00e9 C. Garc\u00eda y Cl\u00e1udia N\u00f3voa<\/p>\n<p><strong>Interpretaci\u00f3n:<\/strong> Jorge Cruz, Pedro Diogo y Susana Nunes<\/p>\n<p><strong>Direcci\u00f3n de Producci\u00f3n:<\/strong> T\u00e2nia Melo Rodrigues<\/p>\n<p><strong>Dise\u00f1o de luces:<\/strong> Bruno Boaro y Jos\u00e9 C. Garc\u00eda<\/p>\n<p><strong>Dise\u00f1ador Gr\u00e1fico:<\/strong> Silvio Rosado<\/p>\n<p><strong>Comunicaci\u00f3n:<\/strong> Cristina Carvalho<\/p>\n<p><strong>Audiovisuales:<\/strong> Frank Saalfeld<\/p>\n<p><strong>Distribuci\u00f3n:<\/strong> C\u00e9sar Arias \u2013 MARM\u00d4RE<\/p>\n<\/div><\/div><\/div><div class=\"fusion-layout-column fusion_builder_column fusion-builder-column-7 fusion_builder_column_1_1 1_1 fusion-flex-column\" style=\"--awb-bg-size:cover;--awb-width-large:100%;--awb-margin-top-large:0px;--awb-spacing-right-large:1.92%;--awb-margin-bottom-large:0px;--awb-spacing-left-large:1.92%;--awb-width-medium:100%;--awb-order-medium:0;--awb-spacing-right-medium:1.92%;--awb-spacing-left-medium:1.92%;--awb-width-small:100%;--awb-order-small:0;--awb-spacing-right-small:1.92%;--awb-spacing-left-small:1.92%;\"><div class=\"fusion-column-wrapper fusion-column-has-shadow fusion-flex-justify-content-flex-start fusion-content-layout-column\"><div class=\"fusion-text fusion-text-7\"><h5><a href=\"https:\/\/www.feriadeteatro.es\/feria2023\/cuadrante-programacion-2023.htm\">[volver al cuadrante de programaci\u00f3n]<\/a><\/h5>\n<\/div><\/div><\/div><\/div><\/div>\n","protected":false},"excerpt":{"rendered":"","protected":false},"author":1,"featured_media":0,"parent":0,"menu_order":0,"comment_status":"closed","ping_status":"closed","template":"","meta":{"footnotes":""},"class_list":["post-9354","page","type-page","status-publish","hentry"],"_links":{"self":[{"href":"https:\/\/feriadeteatro.com\/feria2023\/wp-json\/wp\/v2\/pages\/9354","targetHints":{"allow":["GET"]}}],"collection":[{"href":"https:\/\/feriadeteatro.com\/feria2023\/wp-json\/wp\/v2\/pages"}],"about":[{"href":"https:\/\/feriadeteatro.com\/feria2023\/wp-json\/wp\/v2\/types\/page"}],"author":[{"embeddable":true,"href":"https:\/\/feriadeteatro.com\/feria2023\/wp-json\/wp\/v2\/users\/1"}],"replies":[{"embeddable":true,"href":"https:\/\/feriadeteatro.com\/feria2023\/wp-json\/wp\/v2\/comments?post=9354"}],"version-history":[{"count":3,"href":"https:\/\/feriadeteatro.com\/feria2023\/wp-json\/wp\/v2\/pages\/9354\/revisions"}],"predecessor-version":[{"id":9367,"href":"https:\/\/feriadeteatro.com\/feria2023\/wp-json\/wp\/v2\/pages\/9354\/revisions\/9367"}],"wp:attachment":[{"href":"https:\/\/feriadeteatro.com\/feria2023\/wp-json\/wp\/v2\/media?parent=9354"}],"curies":[{"name":"wp","href":"https:\/\/api.w.org\/{rel}","templated":true}]}}