{"id":107,"date":"2017-08-04T11:15:45","date_gmt":"2017-08-04T11:15:45","guid":{"rendered":"http:\/\/feriadeteatro.es\/webmovil\/?page_id=107"},"modified":"2024-01-22T12:04:23","modified_gmt":"2024-01-22T11:04:23","slug":"mas-feria-divierteatro","status":"publish","type":"page","link":"https:\/\/feriadeteatro.com\/feria2024\/mas-feria-divierteatro\/","title":{"rendered":"Divierteatro"},"content":{"rendered":"<p><div class=\"fusion-fullwidth fullwidth-box fusion-builder-row-1 fusion-flex-container has-pattern-background has-mask-background hundred-percent-fullwidth non-hundred-percent-height-scrolling\" style=\"--awb-border-radius-top-left:0px;--awb-border-radius-top-right:0px;--awb-border-radius-bottom-right:0px;--awb-border-radius-bottom-left:0px;--awb-flex-wrap:wrap;\" ><div class=\"fusion-builder-row fusion-row fusion-flex-align-items-flex-start fusion-flex-justify-content-space-evenly fusion-flex-content-wrap\" style=\"width:104% !important;max-width:104% !important;margin-left: calc(-4% \/ 2 );margin-right: calc(-4% \/ 2 );\"><div class=\"fusion-layout-column fusion_builder_column fusion-builder-column-0 fusion_builder_column_1_1 1_1 fusion-flex-column\" style=\"--awb-bg-size:cover;--awb-width-large:100%;--awb-margin-top-large:0px;--awb-spacing-right-large:1.92%;--awb-margin-bottom-large:0px;--awb-spacing-left-large:1.92%;--awb-width-medium:100%;--awb-spacing-right-medium:1.92%;--awb-spacing-left-medium:1.92%;--awb-width-small:100%;--awb-spacing-right-small:1.92%;--awb-spacing-left-small:1.92%;\"><div class=\"fusion-column-wrapper fusion-column-has-shadow fusion-flex-justify-content-center fusion-content-layout-column\"><div class=\"fusion-title title fusion-title-1 fusion-title-text fusion-title-size-three\"><div class=\"title-sep-container title-sep-container-left fusion-no-large-visibility fusion-no-medium-visibility fusion-no-small-visibility\"><div class=\"title-sep sep-single sep-dashed\" style=\"border-color:#f46f72;\"><\/div><\/div><span class=\"awb-title-spacer fusion-no-large-visibility fusion-no-medium-visibility fusion-no-small-visibility\"><\/span><h3 class=\"fusion-title-heading title-heading-left\" style=\"margin:0;\"><h3>M\u00e1s Feria<\/h3><\/h3><span class=\"awb-title-spacer\"><\/span><div class=\"title-sep-container title-sep-container-right\"><div class=\"title-sep sep-single sep-dashed\" style=\"border-color:#f46f72;\"><\/div><\/div><\/div><\/div><\/div><div class=\"fusion-layout-column fusion_builder_column fusion-builder-column-1 fusion_builder_column_1_6 1_6 fusion-flex-column\" style=\"--awb-bg-size:cover;--awb-width-large:16.666666666667%;--awb-margin-top-large:0px;--awb-spacing-right-large:11.52%;--awb-margin-bottom-large:0px;--awb-spacing-left-large:11.52%;--awb-width-medium:100%;--awb-order-medium:0;--awb-spacing-right-medium:1.92%;--awb-spacing-left-medium:1.92%;--awb-width-small:100%;--awb-order-small:0;--awb-spacing-right-small:1.92%;--awb-spacing-left-small:1.92%;\"><div class=\"fusion-column-wrapper fusion-column-has-shadow fusion-flex-justify-content-flex-start fusion-content-layout-column\"><div class=\"fusion-image-element \" style=\"--awb-caption-title-font-family:var(--h2_typography-font-family);--awb-caption-title-font-weight:var(--h2_typography-font-weight);--awb-caption-title-font-style:var(--h2_typography-font-style);--awb-caption-title-size:var(--h2_typography-font-size);--awb-caption-title-transform:var(--h2_typography-text-transform);--awb-caption-title-line-height:var(--h2_typography-line-height);--awb-caption-title-letter-spacing:var(--h2_typography-letter-spacing);\"><span class=\" fusion-imageframe imageframe-none imageframe-1 hover-type-none\"><a class=\"fusion-no-lightbox\" href=\"https:\/\/feriadeteatro.com\/feria2024\/mas-feria-area-de-fomento-formacion-y-educacion-de-nuevos-publicos\/\" target=\"_self\" aria-label=\"boton-mas-feria-fomento\"><img decoding=\"async\" width=\"350\" height=\"350\" src=\"https:\/\/feriadeteatro.com\/feria2024\/wp-content\/uploads\/2024\/08\/boton-mas-feria-fomento.jpg\" alt class=\"img-responsive wp-image-10754\" srcset=\"https:\/\/feriadeteatro.com\/feria2024\/wp-content\/uploads\/2024\/08\/boton-mas-feria-fomento-200x200.jpg 200w, https:\/\/feriadeteatro.com\/feria2024\/wp-content\/uploads\/2024\/08\/boton-mas-feria-fomento.jpg 350w\" sizes=\"(max-width: 1024px) 100vw, (max-width: 640px) 100vw, 200px\" \/><\/a><\/span><\/div><\/div><\/div><div class=\"fusion-layout-column fusion_builder_column fusion-builder-column-2 fusion_builder_column_1_6 1_6 fusion-flex-column\" style=\"--awb-bg-size:cover;--awb-width-large:16.666666666667%;--awb-margin-top-large:0px;--awb-spacing-right-large:11.52%;--awb-margin-bottom-large:0px;--awb-spacing-left-large:11.52%;--awb-width-medium:100%;--awb-order-medium:0;--awb-spacing-right-medium:1.92%;--awb-spacing-left-medium:1.92%;--awb-width-small:100%;--awb-order-small:0;--awb-spacing-right-small:1.92%;--awb-spacing-left-small:1.92%;\"><div class=\"fusion-column-wrapper fusion-column-has-shadow fusion-flex-justify-content-flex-start fusion-content-layout-column\"><div class=\"fusion-image-element \" style=\"--awb-caption-title-font-family:var(--h2_typography-font-family);--awb-caption-title-font-weight:var(--h2_typography-font-weight);--awb-caption-title-font-style:var(--h2_typography-font-style);--awb-caption-title-size:var(--h2_typography-font-size);--awb-caption-title-transform:var(--h2_typography-text-transform);--awb-caption-title-line-height:var(--h2_typography-line-height);--awb-caption-title-letter-spacing:var(--h2_typography-letter-spacing);\"><span class=\" fusion-imageframe imageframe-none imageframe-2 hover-type-none\"><a class=\"fusion-no-lightbox\" href=\"https:\/\/feriadeteatro.com\/feria2024\/mas-feria-escuela-de-espectadores\/\" target=\"_self\" aria-label=\"boton-mas-feria-escuela-de-espectadores\"><img decoding=\"async\" width=\"350\" height=\"350\" src=\"https:\/\/feriadeteatro.com\/feria2024\/wp-content\/uploads\/2024\/08\/boton-mas-feria-escuela-de-espectadores.jpg\" alt class=\"img-responsive wp-image-10753\" srcset=\"https:\/\/feriadeteatro.com\/feria2024\/wp-content\/uploads\/2024\/08\/boton-mas-feria-escuela-de-espectadores-200x200.jpg 200w, https:\/\/feriadeteatro.com\/feria2024\/wp-content\/uploads\/2024\/08\/boton-mas-feria-escuela-de-espectadores.jpg 350w\" sizes=\"(max-width: 1024px) 100vw, (max-width: 640px) 100vw, 200px\" \/><\/a><\/span><\/div><\/div><\/div><div class=\"fusion-layout-column fusion_builder_column fusion-builder-column-3 fusion_builder_column_1_6 1_6 fusion-flex-column\" style=\"--awb-bg-size:cover;--awb-width-large:16.666666666667%;--awb-margin-top-large:0px;--awb-spacing-right-large:11.52%;--awb-margin-bottom-large:0px;--awb-spacing-left-large:11.52%;--awb-width-medium:100%;--awb-order-medium:0;--awb-spacing-right-medium:1.92%;--awb-spacing-left-medium:1.92%;--awb-width-small:100%;--awb-order-small:0;--awb-spacing-right-small:1.92%;--awb-spacing-left-small:1.92%;\"><div class=\"fusion-column-wrapper fusion-column-has-shadow fusion-flex-justify-content-flex-start fusion-content-layout-column\"><div class=\"fusion-image-element \" style=\"--awb-caption-title-font-family:var(--h2_typography-font-family);--awb-caption-title-font-weight:var(--h2_typography-font-weight);--awb-caption-title-font-style:var(--h2_typography-font-style);--awb-caption-title-size:var(--h2_typography-font-size);--awb-caption-title-transform:var(--h2_typography-text-transform);--awb-caption-title-line-height:var(--h2_typography-line-height);--awb-caption-title-letter-spacing:var(--h2_typography-letter-spacing);\"><span class=\" fusion-imageframe imageframe-none imageframe-3 hover-type-none\"><a class=\"fusion-no-lightbox\" href=\"https:\/\/www.provinciaaescena.es\/\" target=\"_blank\" aria-label=\"boton-mas-feria-provincia-a-escena\" rel=\"noopener noreferrer\"><img decoding=\"async\" width=\"350\" height=\"350\" src=\"https:\/\/feriadeteatro.com\/feria2024\/wp-content\/uploads\/2024\/08\/boton-mas-feria-provincia-a-escena.jpg\" alt class=\"img-responsive wp-image-10752\" srcset=\"https:\/\/feriadeteatro.com\/feria2024\/wp-content\/uploads\/2024\/08\/boton-mas-feria-provincia-a-escena-200x200.jpg 200w, https:\/\/feriadeteatro.com\/feria2024\/wp-content\/uploads\/2024\/08\/boton-mas-feria-provincia-a-escena.jpg 350w\" sizes=\"(max-width: 1024px) 100vw, (max-width: 640px) 100vw, 200px\" \/><\/a><\/span><\/div><\/div><\/div><div class=\"fusion-layout-column fusion_builder_column fusion-builder-column-4 fusion_builder_column_1_6 1_6 fusion-flex-column\" style=\"--awb-bg-size:cover;--awb-width-large:16.666666666667%;--awb-margin-top-large:0px;--awb-spacing-right-large:11.52%;--awb-margin-bottom-large:0px;--awb-spacing-left-large:11.52%;--awb-width-medium:100%;--awb-order-medium:0;--awb-spacing-right-medium:1.92%;--awb-spacing-left-medium:1.92%;--awb-width-small:100%;--awb-order-small:0;--awb-spacing-right-small:1.92%;--awb-spacing-left-small:1.92%;\"><div class=\"fusion-column-wrapper fusion-column-has-shadow fusion-flex-justify-content-flex-start fusion-content-layout-column\"><div class=\"fusion-image-element \" style=\"--awb-caption-title-font-family:var(--h2_typography-font-family);--awb-caption-title-font-weight:var(--h2_typography-font-weight);--awb-caption-title-font-style:var(--h2_typography-font-style);--awb-caption-title-size:var(--h2_typography-font-size);--awb-caption-title-transform:var(--h2_typography-text-transform);--awb-caption-title-line-height:var(--h2_typography-line-height);--awb-caption-title-letter-spacing:var(--h2_typography-letter-spacing);\"><span class=\" fusion-imageframe imageframe-none imageframe-4 hover-type-none\"><a class=\"fusion-no-lightbox\" href=\"https:\/\/feriadeteatro.com\/feria2024\/exposicion-20-anos-de-divierteatro\/\" target=\"_self\" aria-label=\"boton-mas-feria-expo-divierteatro\"><img decoding=\"async\" width=\"350\" height=\"350\" src=\"https:\/\/feriadeteatro.com\/feria2024\/wp-content\/uploads\/2024\/08\/boton-mas-feria-expo-divierteatro.jpg\" alt class=\"img-responsive wp-image-10751\" srcset=\"https:\/\/feriadeteatro.com\/feria2024\/wp-content\/uploads\/2024\/08\/boton-mas-feria-expo-divierteatro-200x200.jpg 200w, https:\/\/feriadeteatro.com\/feria2024\/wp-content\/uploads\/2024\/08\/boton-mas-feria-expo-divierteatro.jpg 350w\" sizes=\"(max-width: 1024px) 100vw, (max-width: 640px) 100vw, 200px\" \/><\/a><\/span><\/div><\/div><\/div><div class=\"fusion-layout-column fusion_builder_column fusion-builder-column-5 fusion_builder_column_1_6 1_6 fusion-flex-column\" style=\"--awb-bg-size:cover;--awb-width-large:16.666666666667%;--awb-margin-top-large:0px;--awb-spacing-right-large:11.52%;--awb-margin-bottom-large:0px;--awb-spacing-left-large:11.52%;--awb-width-medium:100%;--awb-order-medium:0;--awb-spacing-right-medium:1.92%;--awb-spacing-left-medium:1.92%;--awb-width-small:100%;--awb-order-small:0;--awb-spacing-right-small:1.92%;--awb-spacing-left-small:1.92%;\"><div class=\"fusion-column-wrapper fusion-column-has-shadow fusion-flex-justify-content-flex-start fusion-content-layout-column\"><div class=\"fusion-image-element \" style=\"--awb-caption-title-font-family:var(--h2_typography-font-family);--awb-caption-title-font-weight:var(--h2_typography-font-weight);--awb-caption-title-font-style:var(--h2_typography-font-style);--awb-caption-title-size:var(--h2_typography-font-size);--awb-caption-title-transform:var(--h2_typography-text-transform);--awb-caption-title-line-height:var(--h2_typography-line-height);--awb-caption-title-letter-spacing:var(--h2_typography-letter-spacing);\"><span class=\" fusion-imageframe imageframe-none imageframe-5 hover-type-none\"><a class=\"fusion-no-lightbox\" href=\"https:\/\/feriadeteatro.com\/feria2024\/exposicion-carteles\/\" target=\"_self\" aria-label=\"boton-mas-feria-carteles\"><img decoding=\"async\" width=\"350\" height=\"350\" src=\"https:\/\/feriadeteatro.com\/feria2024\/wp-content\/uploads\/2024\/08\/boton-mas-feria-carteles.jpg\" alt class=\"img-responsive wp-image-10750\" srcset=\"https:\/\/feriadeteatro.com\/feria2024\/wp-content\/uploads\/2024\/08\/boton-mas-feria-carteles-200x200.jpg 200w, https:\/\/feriadeteatro.com\/feria2024\/wp-content\/uploads\/2024\/08\/boton-mas-feria-carteles.jpg 350w\" sizes=\"(max-width: 1024px) 100vw, (max-width: 640px) 100vw, 200px\" \/><\/a><\/span><\/div><\/div><\/div><div class=\"fusion-layout-column fusion_builder_column fusion-builder-column-6 fusion_builder_column_1_6 1_6 fusion-flex-column\" style=\"--awb-bg-size:cover;--awb-width-large:16.666666666667%;--awb-margin-top-large:0px;--awb-spacing-right-large:11.52%;--awb-margin-bottom-large:0px;--awb-spacing-left-large:11.52%;--awb-width-medium:100%;--awb-order-medium:0;--awb-spacing-right-medium:1.92%;--awb-spacing-left-medium:1.92%;--awb-width-small:100%;--awb-order-small:0;--awb-spacing-right-small:1.92%;--awb-spacing-left-small:1.92%;\"><div class=\"fusion-column-wrapper fusion-column-has-shadow fusion-flex-justify-content-flex-start fusion-content-layout-column\"><div class=\"fusion-image-element \" style=\"--awb-caption-title-font-family:var(--h2_typography-font-family);--awb-caption-title-font-weight:var(--h2_typography-font-weight);--awb-caption-title-font-style:var(--h2_typography-font-style);--awb-caption-title-size:var(--h2_typography-font-size);--awb-caption-title-transform:var(--h2_typography-text-transform);--awb-caption-title-line-height:var(--h2_typography-line-height);--awb-caption-title-letter-spacing:var(--h2_typography-letter-spacing);\"><span class=\" fusion-imageframe imageframe-none imageframe-6 hover-type-none\"><a class=\"fusion-no-lightbox\" href=\"https:\/\/feriadeteatro.com\/feria2024\/divierteatro-2024\/\" target=\"_self\" aria-label=\"boton-mas-feria-divierteatro\"><img decoding=\"async\" width=\"350\" height=\"350\" src=\"https:\/\/feriadeteatro.com\/feria2024\/wp-content\/uploads\/2024\/08\/boton-mas-feria-divierteatro.jpg\" alt class=\"img-responsive wp-image-10749\" srcset=\"https:\/\/feriadeteatro.com\/feria2024\/wp-content\/uploads\/2024\/08\/boton-mas-feria-divierteatro-200x200.jpg 200w, https:\/\/feriadeteatro.com\/feria2024\/wp-content\/uploads\/2024\/08\/boton-mas-feria-divierteatro.jpg 350w\" sizes=\"(max-width: 1024px) 100vw, (max-width: 640px) 100vw, 200px\" \/><\/a><\/span><\/div><\/div><\/div><\/div><\/div>\n<div class=\"fusion-fullwidth fullwidth-box fusion-builder-row-2 nonhundred-percent-fullwidth non-hundred-percent-height-scrolling\" style=\"--awb-border-radius-top-left:0px;--awb-border-radius-top-right:0px;--awb-border-radius-bottom-right:0px;--awb-border-radius-bottom-left:0px;--awb-flex-wrap:wrap;\" ><div class=\"fusion-builder-row fusion-row\"><div class=\"fusion-layout-column fusion_builder_column fusion-builder-column-7 fusion_builder_column_1_1 1_1 fusion-one-full fusion-column-first fusion-column-last\" style=\"--awb-bg-size:cover;\"><div class=\"fusion-column-wrapper fusion-column-has-shadow fusion-flex-column-wrapper-legacy\"><div class=\"fusion-sep-clear\"><\/div><div class=\"fusion-separator fusion-full-width-sep\" style=\"margin-left: auto;margin-right: auto;margin-top:20px;margin-bottom:20px;width:100%;\"><\/div><div class=\"fusion-sep-clear\"><\/div><div class=\"fusion-clearfix\"><\/div><\/div><\/div><\/div><\/div><div class=\"fusion-fullwidth fullwidth-box fusion-builder-row-3 nonhundred-percent-fullwidth non-hundred-percent-height-scrolling\" style=\"--awb-border-radius-top-left:0px;--awb-border-radius-top-right:0px;--awb-border-radius-bottom-right:0px;--awb-border-radius-bottom-left:0px;--awb-flex-wrap:wrap;\" ><div class=\"fusion-builder-row fusion-row\"><div class=\"fusion-layout-column fusion_builder_column fusion-builder-column-8 fusion_builder_column_1_1 1_1 fusion-one-full fusion-column-first fusion-column-last\" style=\"--awb-bg-size:cover;\"><div class=\"fusion-column-wrapper fusion-flex-column-wrapper-legacy\"><div class=\"fusion-text fusion-text-1\"><h2>Divierteatro<\/h2>\n<\/div><div class=\"fusion-text fusion-text-2\"><h5>21, 22, 23 y 24 de agosto de 2024, de 10:00 a 13:00 h.<br \/>\nEntrada libre hasta completar aforo<br \/>\n<a href=\"https:\/\/goo.gl\/maps\/eXLsKd4ketv4P2az8\" target=\"_blank\" rel=\"noopener\">Plaza del buen Alcalde<\/a>. Ni\u00f1os\/as y j\u00f3venes de 6 a 14 a\u00f1os<br \/>\nPlaza del Conde. Ni\u00f1os\/as de 3 a 6 a\u00f1os<br \/>\nAsociaci\u00f3n Cultural C\u00cdVITAS A.T.<br \/>\nE-mail: <a href=\"mailto:civitas@civitasanimacion.com\">civitas@civitasanimacion.com<\/a><br \/>\nC\/ La Florida, 22. 37500 Ciudad Rodrigo. Salamanca<br \/>\nTfno.: <a href=\"tel:923482222\">923 482 222<\/a><\/h5>\n<\/div><div class=\"fusion-text fusion-text-3\"><p style=\"text-align: justify;\">DIVIERTEATRO, el programa de Animaci\u00f3n Infantil de la Feria de Teatro de Castilla y Le\u00f3n-Ciudad , es una de las actividades complementarias estables de la programaci\u00f3n de la Feria; y se ha convertido para muchos ni\u00f1os y ni\u00f1as en uno de los primeros momentos de encuentro con el hecho teatral, en una forma de introducirlos en las artes esc\u00e9nicas utilizando para ello estrategias l\u00fadicas, art\u00edsticas y participativas destinadas a difundir, promocionar y ense\u00f1ar la cultura teatral.<\/p>\n<p style=\"text-align: justify;\">Durante las ma\u00f1anas de la Feria de Teatro, las Plazas de buen Alcalde y Plaza del Conde se reinventan para convertirse en un espacio educativo en el que participan m\u00e1s de cinco mil ni\u00f1os y ni\u00f1as de 3 a 14 a\u00f1os, tanto de la localidad como de toda la provincia de Salamanca. Cada edici\u00f3n est\u00e1 dedicada de forma monogr\u00e1fica a una tem\u00e1tica distinta, con el objetivo de acercar a los ni\u00f1os y ni\u00f1as al mundo de las artes esc\u00e9nicas desde los afectos y las emociones. Las actividades est\u00e1n articuladas en torno a diferentes centros de inter\u00e9s, que engloban actividades de expresi\u00f3n corporal y juego, actividades pl\u00e1sticas y creativas, espacios de conocimiento y espacios de actuaciones esc\u00e9nicas con diferentes compa\u00f1\u00edas profesionales.<\/p>\n<p style=\"text-align: justify;\">La Plaza del Conde acoge las actividades para los ni\u00f1os\/as de 3 a 6 a\u00f1os en el espacio Palabreando, y en la Plaza del buen Alcalde se desarrolla una veintena de actividades, para los mayores de 6 a\u00f1os.<\/p>\n<\/div><div class=\"fusion-clearfix\"><\/div><\/div><\/div><div class=\"fusion-layout-column fusion_builder_column fusion-builder-column-9 fusion_builder_column_1_2 1_2 fusion-one-half fusion-column-first\" style=\"--awb-bg-size:cover;width:50%;width:calc(50% - ( ( 4% ) * 0.5 ) );margin-right: 4%;\"><div class=\"fusion-column-wrapper fusion-column-has-shadow fusion-flex-column-wrapper-legacy\"><div class=\"fusion-text fusion-text-4\"><p>En las diferentes ediciones, el Divierteatro se ha centrado en diferentes tem\u00e1ticas:<\/p>\n<p>26\u00aa Feria: del 22 al 26 de agosto de 2023<br \/>\n<span style=\"color: #ff0000;\">DIVIERTEATRO: DEL PAPEL A LAS TABLAS<\/span><\/p>\n<p>25\u00aa Feria: del 23 al 27 de agosto de 2022<br \/>\n<span style=\"color: #ff0000;\">DIVIERTEATRO: 25 CUMPLEA\u00d1OS DE LA FERIA DE TEATRO<\/span><\/p>\n<p>24\u00aa Feria: del\u00a0 24 al 28 de agosto de 2021<br \/>\n<span style=\"color: #ff0000;\">DIVIERTEATRO: EL P\u00daBLICO<\/span><\/p>\n<p>23\u00ba Feria: del 25 al 29 de agosto de 2020<br \/>\n<span style=\"color: #ff0000;\">DIVIERTEATRO: DIVIERCLOWN<\/span><\/p>\n<p>22\u00ba Feria: del\u00a0 21 al 24\u00a0 de agosto de 2019<br \/>\n<span style=\"color: #ff0000;\">DIVIERTEATRO: LA PL\u00c1STICA ESC\u00c9NICA<\/span><\/p>\n<p>21\u00aa Feria: del 21 al 25 de Agosto de 2018<br \/>\n<span style=\"color: #ff0000;\">DIVIERTEATRO: LA MUJER EN LAS ARTES ESC\u00c9NICAS<\/span><\/p>\n<p>20\u00aa Feria: del 22 al 26 de Agosto de 2017<br \/>\n<span style=\"color: #ff0000;\">DIVIERTEATRO: LAS ARTES DE CALLE Y EL ESPACIO P\u00daBLICO<\/span><\/p>\n<p>19\u00aa Feria: del 23 al 27 de Agosto de 2016<br \/>\n<span style=\"color: #ff0000;\">DIVIERTEATRO: DIVIERARTE<\/span><\/p>\n<p>18\u00aa Feria: del 25 al 29 de Agosto de 2015<br \/>\n<span style=\"color: #ff0000;\">DIVIERTEATRO: DIVIERTEATRO SIN PALABRAS.\u00a0DEL TEATRO DE M\u00c1SCARA AL TEATRO GESTUAL<\/span><\/p>\n<p>17\u00aa Feria: del 26 al 30 de Agosto de 2014<br \/>\n<span style=\"color: #ff0000;\">DIVIERTEATRO: DIVIERT\u00cdTERE<\/span><\/p>\n<p>16\u00aa Feria: del 21 al 24 de Agosto de 2013<br \/>\n<span style=\"color: #ff0000;\">DIVIERTEATRO: LA M\u00daSICA A ESCENA<\/span><\/p>\n<p>15\u00aa Feria: del 21 al 25 de Agosto de 2012<br \/>\n<span style=\"color: #ff0000;\">DIVIERTEATRO: DIVIERMAGIA<\/span><\/p>\n<p>14\u00aa Feria: del 24 al 27 de Agosto de 2011<br \/>\n<span style=\"color: #ff0000;\">ENTRECAJAS: EL TEATRO POR DENTRO<\/span><\/p>\n<p>13\u00aa Feria: del 25 al 28 de Agosto de 2010<br \/>\n<span style=\"color: #ff0000;\">DIVIERDANZA: LAS ARTES DEL MOVIMIENTO<\/span><\/p>\n<p>12\u00aa Feria: del 26 al 29 de Agosto de 2009<br \/>\n<span style=\"color: #ff0000;\">DIVIERTEATRO: TEATROMUNDO, PAISAJES IMAGINARIOS DE LA DIVERSIDAD<\/span><\/p>\n<p>11\u00aa Feria: del 27 al 30 de Agosto de 2008<br \/>\n<span style=\"color: #ff0000;\">DIVIERTEATRO: RE-CREA<\/span><\/p>\n<p>10\u00aa Feria: del 21 al 25 de Agosto de 2007<br \/>\n<span style=\"color: #ff0000;\">DIVIERTEATRO: HISTORIA DEL TEATRO.\u00a0EL SIGLO DE ORO ESPA\u00d1OL: UN TEATRO 10<\/span><\/p>\n<p>9\u00aa Feria: del 22 al 26 de Agosto de 2006<br \/>\n<span style=\"color: #ff0000;\">DIVIERTEATRO: HISTORIA DEL TEATRO.\u00a0EL MISTERIO DEL TEATRO: LA EDAD MEDIA<\/span><\/p>\n<p>8\u00aa Feria: del 23 al 27 de Agosto de 2005<br \/>\n<span style=\"color: #ff0000;\">DIVIERTEATRO: HISTORIA DEL TEATRO.\u00a0EN LOS OR\u00cdGENES DEL TEATRO: GRECIA Y ROMA<\/span><\/p>\n<p>7\u00aa Feria: del 24 al 28 de Agosto de 2004<br \/>\n<span style=\"color: #ff0000;\">DIVIERTEATRO: MIRANDO AL CIRCO<\/span><\/p>\n<p>6\u00aa Feria: Del 19 al 23 de Agosto de 2003<br \/>\n<span style=\"color: #ff0000;\">DIVIERTEATRO: A\u00d1O EUROPEO DE LAS PERSONAS CON DISCAPACIDAD<\/span><\/p>\n<p>5\u00aa Feria: Del 21 al 24 de Agosto de 2002<br \/>\n<span style=\"color: #ff0000;\">DIVIERTEATRO: JUGANDO CON LAS PALABRAS<\/span><\/p>\n<p>4\u00aa Feria: Del 22 al 25 de Agosto de 2001<br \/>\n<span style=\"color: #ff0000;\">DIVIERTEATRO: EL EURO A ESCENA<\/span><\/p>\n<p>3\u00aa Feria: Del 23 al 26 de Agosto de 2000<br \/>\n<span style=\"color: #ff0000;\">DIVIERTEATRO. CELEBRACI\u00d3N DEL CENTENARIO DEL TEATRO NUEVO<\/span><\/p>\n<p>2\u00aa Feria: Del 25 al 28 de Agosto de 1999<br \/>\n<span style=\"color: #ff0000;\">EL MUNDO DE LOS CUENTOS<\/span><\/p>\n<p>1\u00aa Feria: Del 27 al 30 de Agosto de 1998<br \/>\n<span style=\"color: #ff0000;\">TALLERES DE ANIMACI\u00d3N INFANTIL<\/span><\/p>\n<\/div><div class=\"fusion-clearfix\"><\/div><\/div><\/div><div class=\"fusion-layout-column fusion_builder_column fusion-builder-column-10 fusion_builder_column_1_2 1_2 fusion-one-half fusion-column-last\" style=\"--awb-bg-size:cover;width:50%;width:calc(50% - ( ( 4% ) * 0.5 ) );\"><div class=\"fusion-column-wrapper fusion-column-has-shadow fusion-flex-column-wrapper-legacy\"><div class=\"fusion-image-element in-legacy-container\" style=\"--awb-caption-title-font-family:var(--h2_typography-font-family);--awb-caption-title-font-weight:var(--h2_typography-font-weight);--awb-caption-title-font-style:var(--h2_typography-font-style);--awb-caption-title-size:var(--h2_typography-font-size);--awb-caption-title-transform:var(--h2_typography-text-transform);--awb-caption-title-line-height:var(--h2_typography-line-height);--awb-caption-title-letter-spacing:var(--h2_typography-letter-spacing);\"><span class=\" fusion-imageframe imageframe-none imageframe-7 hover-type-none\"><img decoding=\"async\" width=\"400\" height=\"1304\" title=\"fotodivierteatromontaje\" src=\"https:\/\/feriadeteatro.com\/feria2024\/wp-content\/uploads\/2017\/08\/fotodivierteatromontaje.jpg\" alt class=\"img-responsive wp-image-244\" srcset=\"https:\/\/feriadeteatro.com\/feria2024\/wp-content\/uploads\/2017\/08\/fotodivierteatromontaje-200x652.jpg 200w, https:\/\/feriadeteatro.com\/feria2024\/wp-content\/uploads\/2017\/08\/fotodivierteatromontaje.jpg 400w\" sizes=\"(max-width: 800px) 100vw, 400px\" \/><\/span><\/div><div class=\"fusion-clearfix\"><\/div><\/div><\/div><\/div><\/div><\/p>\n","protected":false},"excerpt":{"rendered":"","protected":false},"author":1,"featured_media":0,"parent":0,"menu_order":0,"comment_status":"closed","ping_status":"closed","template":"","meta":{"footnotes":""},"class_list":["post-107","page","type-page","status-publish","hentry"],"_links":{"self":[{"href":"https:\/\/feriadeteatro.com\/feria2024\/wp-json\/wp\/v2\/pages\/107","targetHints":{"allow":["GET"]}}],"collection":[{"href":"https:\/\/feriadeteatro.com\/feria2024\/wp-json\/wp\/v2\/pages"}],"about":[{"href":"https:\/\/feriadeteatro.com\/feria2024\/wp-json\/wp\/v2\/types\/page"}],"author":[{"embeddable":true,"href":"https:\/\/feriadeteatro.com\/feria2024\/wp-json\/wp\/v2\/users\/1"}],"replies":[{"embeddable":true,"href":"https:\/\/feriadeteatro.com\/feria2024\/wp-json\/wp\/v2\/comments?post=107"}],"version-history":[{"count":13,"href":"https:\/\/feriadeteatro.com\/feria2024\/wp-json\/wp\/v2\/pages\/107\/revisions"}],"predecessor-version":[{"id":9169,"href":"https:\/\/feriadeteatro.com\/feria2024\/wp-json\/wp\/v2\/pages\/107\/revisions\/9169"}],"wp:attachment":[{"href":"https:\/\/feriadeteatro.com\/feria2024\/wp-json\/wp\/v2\/media?parent=107"}],"curies":[{"name":"wp","href":"https:\/\/api.w.org\/{rel}","templated":true}]}}