{"id":1206,"date":"2017-08-04T09:11:26","date_gmt":"2017-08-04T09:11:26","guid":{"rendered":"http:\/\/feriadeteatro.es\/webmovil\/?page_id=8"},"modified":"2021-12-14T18:29:51","modified_gmt":"2021-12-14T18:29:51","slug":"descripcion-y-objetivos","status":"publish","type":"page","link":"https:\/\/feriadeteatro.com\/feria2024\/descripcion-y-objetivos\/","title":{"rendered":"Descripci\u00f3n y objetivos"},"content":{"rendered":"<p><div class=\"fusion-fullwidth fullwidth-box fusion-builder-row-1 fusion-flex-container has-pattern-background has-mask-background nonhundred-percent-fullwidth non-hundred-percent-height-scrolling\" style=\"--awb-border-radius-top-left:0px;--awb-border-radius-top-right:0px;--awb-border-radius-bottom-right:0px;--awb-border-radius-bottom-left:0px;--awb-padding-top:20px;--awb-padding-right:10px;--awb-padding-bottom:20px;--awb-padding-left:10px;--awb-margin-top:-20px;--awb-margin-bottom:0px;--awb-background-color:#ffffff;--awb-flex-wrap:wrap;\" ><div class=\"fusion-builder-row fusion-row fusion-flex-align-items-flex-start fusion-flex-content-wrap\" style=\"max-width:1216.8px;margin-left: calc(-4% \/ 2 );margin-right: calc(-4% \/ 2 );\"><div class=\"fusion-layout-column fusion_builder_column fusion-builder-column-0 fusion_builder_column_1_1 1_1 fusion-flex-column\" style=\"--awb-bg-size:cover;--awb-width-large:100%;--awb-margin-top-large:0px;--awb-spacing-right-large:1.92%;--awb-margin-bottom-large:0px;--awb-spacing-left-large:1.92%;--awb-width-medium:100%;--awb-spacing-right-medium:1.92%;--awb-spacing-left-medium:1.92%;--awb-width-small:100%;--awb-spacing-right-small:1.92%;--awb-spacing-left-small:1.92%;\"><div class=\"fusion-column-wrapper fusion-column-has-shadow fusion-flex-justify-content-center fusion-content-layout-column\"><div class=\"fusion-title title fusion-title-1 fusion-title-text fusion-title-size-three\"><div class=\"title-sep-container title-sep-container-left fusion-no-large-visibility fusion-no-medium-visibility fusion-no-small-visibility\"><div class=\"title-sep sep-single sep-dashed\" style=\"border-color:#f46f72;\"><\/div><\/div><span class=\"awb-title-spacer fusion-no-large-visibility fusion-no-medium-visibility fusion-no-small-visibility\"><\/span><h3 class=\"fusion-title-heading title-heading-left\" style=\"margin:0;\"><h3>La Feria<\/h3><\/h3><span class=\"awb-title-spacer\"><\/span><div class=\"title-sep-container title-sep-container-right\"><div class=\"title-sep sep-single sep-dashed\" style=\"border-color:#f46f72;\"><\/div><\/div><\/div><\/div><\/div><div class=\"fusion-layout-column fusion_builder_column fusion-builder-column-1 fusion_builder_column_1_4 1_4 fusion-flex-column\" style=\"--awb-bg-size:cover;--awb-width-large:25%;--awb-margin-top-large:0px;--awb-spacing-right-large:7.68%;--awb-margin-bottom-large:0px;--awb-spacing-left-large:7.68%;--awb-width-medium:100%;--awb-spacing-right-medium:1.92%;--awb-spacing-left-medium:1.92%;--awb-width-small:100%;--awb-spacing-right-small:1.92%;--awb-spacing-left-small:1.92%;\"><div class=\"fusion-column-wrapper fusion-column-has-shadow fusion-flex-justify-content-center fusion-content-layout-column\"><div class=\"fusion-image-element \" style=\"text-align:center;--awb-caption-title-font-family:var(--h2_typography-font-family);--awb-caption-title-font-weight:var(--h2_typography-font-weight);--awb-caption-title-font-style:var(--h2_typography-font-style);--awb-caption-title-size:var(--h2_typography-font-size);--awb-caption-title-transform:var(--h2_typography-text-transform);--awb-caption-title-line-height:var(--h2_typography-line-height);--awb-caption-title-letter-spacing:var(--h2_typography-letter-spacing);\"><span class=\" fusion-imageframe imageframe-none imageframe-1 hover-type-none\"><a class=\"fusion-no-lightbox\" href=\"https:\/\/feriadeteatro.com\/feria2024\/presentacion\/\" target=\"_self\" aria-label=\"botonLaFeria-presentacion\"><img decoding=\"async\" width=\"250\" height=\"250\" src=\"https:\/\/feriadeteatro.com\/feria2024\/wp-content\/uploads\/2024\/08\/botonLaFeria-presentacion.jpg\" alt class=\"img-responsive wp-image-10764\" srcset=\"https:\/\/feriadeteatro.com\/feria2024\/wp-content\/uploads\/2024\/08\/botonLaFeria-presentacion-200x200.jpg 200w, https:\/\/feriadeteatro.com\/feria2024\/wp-content\/uploads\/2024\/08\/botonLaFeria-presentacion.jpg 250w\" sizes=\"(max-width: 1024px) 100vw, (max-width: 640px) 100vw, 250px\" \/><\/a><\/span><\/div><div class=\"fusion-separator fusion-full-width-sep\" style=\"align-self: center;margin-left: auto;margin-right: auto;margin-top:10px;width:100%;\"><\/div><\/div><\/div><div class=\"fusion-layout-column fusion_builder_column fusion-builder-column-2 fusion_builder_column_1_4 1_4 fusion-flex-column\" style=\"--awb-bg-size:cover;--awb-width-large:25%;--awb-margin-top-large:0px;--awb-spacing-right-large:7.68%;--awb-margin-bottom-large:0px;--awb-spacing-left-large:7.68%;--awb-width-medium:100%;--awb-spacing-right-medium:1.92%;--awb-spacing-left-medium:1.92%;--awb-width-small:100%;--awb-spacing-right-small:1.92%;--awb-spacing-left-small:1.92%;\"><div class=\"fusion-column-wrapper fusion-column-has-shadow fusion-flex-justify-content-center fusion-content-layout-column\"><div class=\"fusion-image-element \" style=\"text-align:center;--awb-caption-title-font-family:var(--h2_typography-font-family);--awb-caption-title-font-weight:var(--h2_typography-font-weight);--awb-caption-title-font-style:var(--h2_typography-font-style);--awb-caption-title-size:var(--h2_typography-font-size);--awb-caption-title-transform:var(--h2_typography-text-transform);--awb-caption-title-line-height:var(--h2_typography-line-height);--awb-caption-title-letter-spacing:var(--h2_typography-letter-spacing);\"><span class=\" fusion-imageframe imageframe-none imageframe-2 hover-type-none\"><a class=\"fusion-no-lightbox\" href=\"https:\/\/feriadeteatro.com\/feria2024\/descripcion-y-objetivos\/\" target=\"_self\" aria-label=\"botonLaFeriaDescripcion\"><img decoding=\"async\" width=\"250\" height=\"250\" src=\"https:\/\/feriadeteatro.com\/feria2024\/wp-content\/uploads\/2024\/08\/botonLaFeriaDescripcion.jpg\" alt class=\"img-responsive wp-image-10765\" srcset=\"https:\/\/feriadeteatro.com\/feria2024\/wp-content\/uploads\/2024\/08\/botonLaFeriaDescripcion-200x200.jpg 200w, https:\/\/feriadeteatro.com\/feria2024\/wp-content\/uploads\/2024\/08\/botonLaFeriaDescripcion.jpg 250w\" sizes=\"(max-width: 1024px) 100vw, (max-width: 640px) 100vw, 250px\" \/><\/a><\/span><\/div><div class=\"fusion-separator fusion-full-width-sep\" style=\"align-self: center;margin-left: auto;margin-right: auto;margin-top:10px;width:100%;\"><\/div><\/div><\/div><div class=\"fusion-layout-column fusion_builder_column fusion-builder-column-3 fusion_builder_column_1_4 1_4 fusion-flex-column\" style=\"--awb-bg-size:cover;--awb-width-large:25%;--awb-margin-top-large:0px;--awb-spacing-right-large:7.68%;--awb-margin-bottom-large:0px;--awb-spacing-left-large:7.68%;--awb-width-medium:100%;--awb-spacing-right-medium:1.92%;--awb-spacing-left-medium:1.92%;--awb-width-small:100%;--awb-spacing-right-small:1.92%;--awb-spacing-left-small:1.92%;\"><div class=\"fusion-column-wrapper fusion-column-has-shadow fusion-flex-justify-content-flex-start fusion-content-layout-column\"><div class=\"fusion-image-element \" style=\"text-align:center;--awb-caption-title-font-family:var(--h2_typography-font-family);--awb-caption-title-font-weight:var(--h2_typography-font-weight);--awb-caption-title-font-style:var(--h2_typography-font-style);--awb-caption-title-size:var(--h2_typography-font-size);--awb-caption-title-transform:var(--h2_typography-text-transform);--awb-caption-title-line-height:var(--h2_typography-line-height);--awb-caption-title-letter-spacing:var(--h2_typography-letter-spacing);\"><span class=\" fusion-imageframe imageframe-none imageframe-3 hover-type-none\"><a class=\"fusion-no-lightbox\" href=\"https:\/\/feriadeteatro.com\/feria2024\/espacios-de-feria\/\" target=\"_self\" aria-label=\"botonLaFeria-espacios\"><img decoding=\"async\" width=\"250\" height=\"250\" src=\"https:\/\/feriadeteatro.com\/feria2024\/wp-content\/uploads\/2024\/08\/botonLaFeria-espacios.jpg\" alt class=\"img-responsive wp-image-10762\" srcset=\"https:\/\/feriadeteatro.com\/feria2024\/wp-content\/uploads\/2024\/08\/botonLaFeria-espacios-200x200.jpg 200w, https:\/\/feriadeteatro.com\/feria2024\/wp-content\/uploads\/2024\/08\/botonLaFeria-espacios.jpg 250w\" sizes=\"(max-width: 1024px) 100vw, (max-width: 640px) 100vw, 250px\" \/><\/a><\/span><\/div><div class=\"fusion-separator fusion-full-width-sep\" style=\"align-self: center;margin-left: auto;margin-right: auto;margin-top:10px;width:100%;\"><\/div><\/div><\/div><div class=\"fusion-layout-column fusion_builder_column fusion-builder-column-4 fusion_builder_column_1_4 1_4 fusion-flex-column\" style=\"--awb-bg-size:cover;--awb-width-large:25%;--awb-margin-top-large:0px;--awb-spacing-right-large:7.68%;--awb-margin-bottom-large:0px;--awb-spacing-left-large:7.68%;--awb-width-medium:100%;--awb-spacing-right-medium:1.92%;--awb-spacing-left-medium:1.92%;--awb-width-small:100%;--awb-spacing-right-small:1.92%;--awb-spacing-left-small:1.92%;\"><div class=\"fusion-column-wrapper fusion-column-has-shadow fusion-flex-justify-content-flex-start fusion-content-layout-column\"><div class=\"fusion-image-element \" style=\"text-align:center;--awb-caption-title-font-family:var(--h2_typography-font-family);--awb-caption-title-font-weight:var(--h2_typography-font-weight);--awb-caption-title-font-style:var(--h2_typography-font-style);--awb-caption-title-size:var(--h2_typography-font-size);--awb-caption-title-transform:var(--h2_typography-text-transform);--awb-caption-title-line-height:var(--h2_typography-line-height);--awb-caption-title-letter-spacing:var(--h2_typography-letter-spacing);\"><span class=\" fusion-imageframe imageframe-none imageframe-4 hover-type-none\"><a class=\"fusion-no-lightbox\" href=\"https:\/\/feriadeteatro.com\/feria2024\/organizacion\/\" target=\"_self\" aria-label=\"botonLaFeria-organizacion\"><img decoding=\"async\" width=\"250\" height=\"250\" src=\"https:\/\/feriadeteatro.com\/feria2024\/wp-content\/uploads\/2024\/08\/botonLaFeria-organizacion.jpg\" alt class=\"img-responsive wp-image-10763\" srcset=\"https:\/\/feriadeteatro.com\/feria2024\/wp-content\/uploads\/2024\/08\/botonLaFeria-organizacion-200x200.jpg 200w, https:\/\/feriadeteatro.com\/feria2024\/wp-content\/uploads\/2024\/08\/botonLaFeria-organizacion.jpg 250w\" sizes=\"(max-width: 1024px) 100vw, (max-width: 640px) 100vw, 250px\" \/><\/a><\/span><\/div><div class=\"fusion-separator fusion-full-width-sep\" style=\"align-self: center;margin-left: auto;margin-right: auto;margin-top:10px;width:100%;\"><\/div><\/div><\/div><div class=\"fusion-layout-column fusion_builder_column fusion-builder-column-5 fusion_builder_column_1_4 1_4 fusion-flex-column\" style=\"--awb-bg-size:cover;--awb-width-large:25%;--awb-margin-top-large:0px;--awb-spacing-right-large:7.68%;--awb-margin-bottom-large:0px;--awb-spacing-left-large:7.68%;--awb-width-medium:100%;--awb-spacing-right-medium:1.92%;--awb-spacing-left-medium:1.92%;--awb-width-small:100%;--awb-spacing-right-small:1.92%;--awb-spacing-left-small:1.92%;\"><div class=\"fusion-column-wrapper fusion-column-has-shadow fusion-flex-justify-content-flex-start fusion-content-layout-column\"><div class=\"fusion-image-element \" style=\"text-align:center;--awb-caption-title-font-family:var(--h2_typography-font-family);--awb-caption-title-font-weight:var(--h2_typography-font-weight);--awb-caption-title-font-style:var(--h2_typography-font-style);--awb-caption-title-size:var(--h2_typography-font-size);--awb-caption-title-transform:var(--h2_typography-text-transform);--awb-caption-title-line-height:var(--h2_typography-line-height);--awb-caption-title-letter-spacing:var(--h2_typography-letter-spacing);\"><span class=\" fusion-imageframe imageframe-none imageframe-5 hover-type-none\"><a class=\"fusion-no-lightbox\" href=\"https:\/\/feriadeteatro.com\/feria2024\/equipo-de-gestion\/\" target=\"_self\" aria-label=\"botonLaFeria-equipo-de-gestion\"><img decoding=\"async\" width=\"250\" height=\"250\" src=\"https:\/\/feriadeteatro.com\/feria2024\/wp-content\/uploads\/2024\/08\/botonLaFeria-equipo-de-gestion.jpg\" alt class=\"img-responsive wp-image-10761\" srcset=\"https:\/\/feriadeteatro.com\/feria2024\/wp-content\/uploads\/2024\/08\/botonLaFeria-equipo-de-gestion-200x200.jpg 200w, https:\/\/feriadeteatro.com\/feria2024\/wp-content\/uploads\/2024\/08\/botonLaFeria-equipo-de-gestion.jpg 250w\" sizes=\"(max-width: 1024px) 100vw, (max-width: 640px) 100vw, 250px\" \/><\/a><\/span><\/div><\/div><\/div><div class=\"fusion-layout-column fusion_builder_column fusion-builder-column-6 fusion_builder_column_1_4 1_4 fusion-flex-column\" style=\"--awb-bg-size:cover;--awb-width-large:25%;--awb-margin-top-large:0px;--awb-spacing-right-large:7.68%;--awb-margin-bottom-large:0px;--awb-spacing-left-large:7.68%;--awb-width-medium:100%;--awb-spacing-right-medium:1.92%;--awb-spacing-left-medium:1.92%;--awb-width-small:100%;--awb-spacing-right-small:1.92%;--awb-spacing-left-small:1.92%;\"><div class=\"fusion-column-wrapper fusion-column-has-shadow fusion-flex-justify-content-flex-start fusion-content-layout-column\"><div class=\"fusion-image-element \" style=\"text-align:center;--awb-caption-title-font-family:var(--h2_typography-font-family);--awb-caption-title-font-weight:var(--h2_typography-font-weight);--awb-caption-title-font-style:var(--h2_typography-font-style);--awb-caption-title-size:var(--h2_typography-font-size);--awb-caption-title-transform:var(--h2_typography-text-transform);--awb-caption-title-line-height:var(--h2_typography-line-height);--awb-caption-title-letter-spacing:var(--h2_typography-letter-spacing);\"><span class=\" fusion-imageframe imageframe-none imageframe-6 hover-type-none\"><a class=\"fusion-no-lightbox\" href=\"https:\/\/feriadeteatro.com\/feria2024\/fundadores\/\" target=\"_self\" aria-label=\"botonLaFeria-fundadores\"><img decoding=\"async\" width=\"250\" height=\"250\" src=\"https:\/\/feriadeteatro.com\/feria2024\/wp-content\/uploads\/2024\/08\/botonLaFeria-fundadores.jpg\" alt class=\"img-responsive wp-image-10760\" srcset=\"https:\/\/feriadeteatro.com\/feria2024\/wp-content\/uploads\/2024\/08\/botonLaFeria-fundadores-200x200.jpg 200w, https:\/\/feriadeteatro.com\/feria2024\/wp-content\/uploads\/2024\/08\/botonLaFeria-fundadores.jpg 250w\" sizes=\"(max-width: 1024px) 100vw, (max-width: 640px) 100vw, 250px\" \/><\/a><\/span><\/div><\/div><\/div><div class=\"fusion-layout-column fusion_builder_column fusion-builder-column-7 fusion_builder_column_1_4 1_4 fusion-flex-column\" style=\"--awb-bg-size:cover;--awb-width-large:25%;--awb-margin-top-large:0px;--awb-spacing-right-large:7.68%;--awb-margin-bottom-large:0px;--awb-spacing-left-large:7.68%;--awb-width-medium:100%;--awb-spacing-right-medium:1.92%;--awb-spacing-left-medium:1.92%;--awb-width-small:100%;--awb-spacing-right-small:1.92%;--awb-spacing-left-small:1.92%;\"><div class=\"fusion-column-wrapper fusion-column-has-shadow fusion-flex-justify-content-flex-start fusion-content-layout-column\"><div class=\"fusion-image-element \" style=\"text-align:center;--awb-caption-title-font-family:var(--h2_typography-font-family);--awb-caption-title-font-weight:var(--h2_typography-font-weight);--awb-caption-title-font-style:var(--h2_typography-font-style);--awb-caption-title-size:var(--h2_typography-font-size);--awb-caption-title-transform:var(--h2_typography-text-transform);--awb-caption-title-line-height:var(--h2_typography-line-height);--awb-caption-title-letter-spacing:var(--h2_typography-letter-spacing);\"><span class=\" fusion-imageframe imageframe-none imageframe-7 hover-type-none\"><a class=\"fusion-no-lightbox\" href=\"https:\/\/feriadeteatro.com\/feria2024\/ediciones-anteriores\/\" target=\"_self\" aria-label=\"botonLaFeria-edicionesanteriores\"><img decoding=\"async\" width=\"250\" height=\"250\" src=\"https:\/\/feriadeteatro.com\/feria2024\/wp-content\/uploads\/2024\/08\/botonLaFeria-edicionesanteriores.jpg\" alt class=\"img-responsive wp-image-10759\" srcset=\"https:\/\/feriadeteatro.com\/feria2024\/wp-content\/uploads\/2024\/08\/botonLaFeria-edicionesanteriores-200x200.jpg 200w, https:\/\/feriadeteatro.com\/feria2024\/wp-content\/uploads\/2024\/08\/botonLaFeria-edicionesanteriores.jpg 250w\" sizes=\"(max-width: 1024px) 100vw, (max-width: 640px) 100vw, 250px\" \/><\/a><\/span><\/div><\/div><\/div><div class=\"fusion-layout-column fusion_builder_column fusion-builder-column-8 fusion_builder_column_1_4 1_4 fusion-flex-column\" style=\"--awb-bg-size:cover;--awb-width-large:25%;--awb-margin-top-large:0px;--awb-spacing-right-large:7.68%;--awb-margin-bottom-large:0px;--awb-spacing-left-large:7.68%;--awb-width-medium:100%;--awb-spacing-right-medium:1.92%;--awb-spacing-left-medium:1.92%;--awb-width-small:100%;--awb-spacing-right-small:1.92%;--awb-spacing-left-small:1.92%;\"><div class=\"fusion-column-wrapper fusion-column-has-shadow fusion-flex-justify-content-flex-start fusion-content-layout-column\"><div class=\"fusion-image-element \" style=\"text-align:center;--awb-caption-title-font-family:var(--h2_typography-font-family);--awb-caption-title-font-weight:var(--h2_typography-font-weight);--awb-caption-title-font-style:var(--h2_typography-font-style);--awb-caption-title-size:var(--h2_typography-font-size);--awb-caption-title-transform:var(--h2_typography-text-transform);--awb-caption-title-line-height:var(--h2_typography-line-height);--awb-caption-title-letter-spacing:var(--h2_typography-letter-spacing);\"><span class=\" fusion-imageframe imageframe-none imageframe-8 hover-type-none\"><a class=\"fusion-no-lightbox\" href=\"https:\/\/feriadeteatro.com\/feria2024\/contactar\/\" target=\"_self\" aria-label=\"botonLaFeria-contactar\"><img decoding=\"async\" width=\"250\" height=\"250\" src=\"https:\/\/feriadeteatro.com\/feria2024\/wp-content\/uploads\/2024\/08\/botonLaFeria-contactar.jpg\" alt class=\"img-responsive wp-image-10756\" srcset=\"https:\/\/feriadeteatro.com\/feria2024\/wp-content\/uploads\/2024\/08\/botonLaFeria-contactar-200x200.jpg 200w, https:\/\/feriadeteatro.com\/feria2024\/wp-content\/uploads\/2024\/08\/botonLaFeria-contactar.jpg 250w\" sizes=\"(max-width: 1024px) 100vw, (max-width: 640px) 100vw, 250px\" \/><\/a><\/span><\/div><\/div><\/div><\/div><\/div>\n<div class=\"fusion-fullwidth fullwidth-box fusion-builder-row-2 nonhundred-percent-fullwidth non-hundred-percent-height-scrolling\" style=\"--awb-border-radius-top-left:0px;--awb-border-radius-top-right:0px;--awb-border-radius-bottom-right:0px;--awb-border-radius-bottom-left:0px;--awb-flex-wrap:wrap;\" ><div class=\"fusion-builder-row fusion-row\"><div class=\"fusion-layout-column fusion_builder_column fusion-builder-column-9 fusion_builder_column_1_1 1_1 fusion-one-full fusion-column-first fusion-column-last\" style=\"--awb-bg-size:cover;\"><div class=\"fusion-column-wrapper fusion-flex-column-wrapper-legacy\"><div class=\"fusion-sep-clear\"><\/div><div class=\"fusion-separator fusion-full-width-sep\" style=\"margin-left: auto;margin-right: auto;margin-top:10px;margin-bottom:10px;width:100%;\"><div class=\"fusion-separator-border sep-double\" style=\"--awb-height:20px;--awb-amount:20px;--awb-sep-color:#ffffff;border-color:#ffffff;border-top-width:0px;border-bottom-width:0px;\"><\/div><\/div><div class=\"fusion-sep-clear\"><\/div><div class=\"fusion-text fusion-text-1\"><h2><span style=\"color: #808080;\">Descripci\u00f3n y Objetivos<\/span><\/h2>\n<\/div><div class=\"fusion-sep-clear\"><\/div><div class=\"fusion-separator fusion-full-width-sep\" style=\"margin-left: auto;margin-right: auto;width:100%;\"><div class=\"fusion-separator-border sep-single sep-solid\" style=\"--awb-height:20px;--awb-amount:20px;--awb-sep-color:#c1c1bf;border-color:#c1c1bf;border-top-width:1px;\"><\/div><\/div><div class=\"fusion-sep-clear\"><\/div><div class=\"fusion-clearfix\"><\/div><\/div><\/div><div class=\"fusion-layout-column fusion_builder_column fusion-builder-column-10 fusion_builder_column_1_3 1_3 fusion-one-third fusion-column-first\" style=\"--awb-bg-size:cover;width:30.6666%; margin-right: 4%;\"><div class=\"fusion-column-wrapper fusion-flex-column-wrapper-legacy\"><div class=\"fusion-text fusion-text-2\"><p style=\"text-align: justify;\">La Feria de Teatro de Castilla y Le\u00f3n-Ciudad Rodrigo es un evento cultural que se desarrolla a lo largo de cinco d\u00edas durante la \u00faltima semana de agosto, dise\u00f1ando una programaci\u00f3n diversificada y novedosa, destinada a profesionales de las artes esc\u00e9nicas y a todos los segmentos de p\u00fablico. Es un mercado en el que se facilita el encuentro entre compradores (programadores culturales, agentes, gestores\u2026) y vendedores (distribuidores, compa\u00f1\u00edas,\u2026) que se desarrolla en un territorio particular, el suroeste de Castilla y Le\u00f3n.<\/p>\n<p style=\"text-align: justify;\">En Ciudad Rodrigo se programan de treinta a treinta y cinco compa\u00f1\u00edas que muestran sus espect\u00e1culos en vivo; para que de forma concentrada los programadores y agentes culturales puedan conocer una selecci\u00f3n de las propuestas esc\u00e9nicas m\u00e1s recientes y que generalmente no hayan sido vistas en otras ferias, festivales o circuitos de programaci\u00f3n. El p\u00fablico viene respaldando las acciones de la Feria de Teatro desde la primera edici\u00f3n, y se convierte en una herramienta m\u00e1s para los profesionales que pueden comprobar la aceptaci\u00f3n de los espect\u00e1culos por parte de los espectadores.<\/p>\n<p style=\"text-align: justify;\">La Feria acoge g\u00e9neros esc\u00e9nicos y formatos de todo tipo, programando casi un tercio de los espect\u00e1culos de artes de calle y el resto en espacios cerrados. Adem\u00e1s las franjas de programaci\u00f3n de las ma\u00f1anas est\u00e1n destinadas a espect\u00e1culos para p\u00fablico infantil y familiar, y a programas de animaci\u00f3n teatral infantil y juvenil; complementando toda la programaci\u00f3n una completa propuesta de actividades paralelas.<\/p>\n<\/div><div class=\"fusion-clearfix\"><\/div><\/div><\/div><div class=\"fusion-layout-column fusion_builder_column fusion-builder-column-11 fusion_builder_column_2_3 2_3 fusion-two-third fusion-column-last\" style=\"--awb-bg-size:cover;width:65.3333%;\"><div class=\"fusion-column-wrapper fusion-flex-column-wrapper-legacy\"><div class=\"fusion-text fusion-text-3\"><h3 style=\"text-align: justify;\"><strong>Las principales finalidades y objetivos de esta iniciativa<\/strong><\/h3>\n<p style=\"text-align: justify;\">La Feria de Teatro de Castilla y Le\u00f3n es una iniciativa consolidada que pretende:<\/p>\n<ul>\n<li style=\"text-align: justify;\">Polarizar iniciativas de mercado en el sector profesional de las artes esc\u00e9nicas de forma prioritaria en el occidente peninsular.<\/li>\n<li style=\"text-align: justify;\">Ofrecer una programaci\u00f3n variada, de calidad, multidisciplinar y reciente; que dinamice la promoci\u00f3n de las artes esc\u00e9nicas en todos los sentidos, tanto en el \u00e1mbito profesional como en el ciudadano.<\/li>\n<li style=\"text-align: justify;\">Crear un espacio, un escaparate, para que las compa\u00f1\u00edas profesionales puedan mostrar sus trabajos y dotarlos de visibilidad en el mercado.<\/li>\n<li style=\"text-align: justify;\">Facilitar la comunicaci\u00f3n, intercambio y la creaci\u00f3n de oportunidades de comercializaci\u00f3n entre los diferentes agentes del sector.<\/li>\n<li style=\"text-align: justify;\">Poner en valor las \u00faltimas producciones esc\u00e9nicas de empresas de los territorios prioritarios, y de forma expresa las de Castilla y Le\u00f3n.<\/li>\n<li style=\"text-align: justify;\">Generar un escaparate concentrado en el tiempo, pero amplio en las propuestas esc\u00e9nicas, formatos, g\u00e9neros y p\u00fablicos que se convierta en herramienta de conocimiento de mercado y selecci\u00f3n para los profesionales inscritos.<\/li>\n<li style=\"text-align: justify;\">Dinamizar la poblaci\u00f3n desde una iniciativa ligada a las industrias culturales y creativas, generando sinergias de promoci\u00f3n educativa, cultural, econ\u00f3mica y tur\u00edstica.<\/li>\n<li style=\"text-align: justify;\">Estimular iniciativas de cooperaci\u00f3n e intercambio entre los profesionales asistentes, tanto en el marco de la creaci\u00f3n, como en el de la distribuci\u00f3n y la comercializaci\u00f3n.<\/li>\n<li style=\"text-align: justify;\">Favorecer acciones que contribuyan a la internacionalizaci\u00f3n de las artes esc\u00e9nicas del occidente peninsular.<\/li>\n<li style=\"text-align: justify;\">Reivindicar el papel de las creaciones art\u00edsticas en nuestra sociedad contempor\u00e1nea, su influencia sociocultural y su importancia socioecon\u00f3mica.<\/li>\n<li style=\"text-align: justify;\">Motivar la creaci\u00f3n de nuevos p\u00fablicos.<\/li>\n<li style=\"text-align: justify;\">Generar un marco de encuentro profesional que facilite el an\u00e1lisis, la reflexi\u00f3n, la formaci\u00f3n y la comunicaci\u00f3n de forma conjunta y estable.<\/li>\n<li style=\"text-align: justify;\">Contribuir a la promoci\u00f3n exterior de Ciudad Rodrigo y su \u00e1mbito de influencia.<\/li>\n<\/ul>\n<\/div><div class=\"fusion-clearfix\"><\/div><\/div><\/div><\/div><\/div><\/p>\n","protected":false},"excerpt":{"rendered":"","protected":false},"author":1,"featured_media":0,"parent":0,"menu_order":0,"comment_status":"closed","ping_status":"closed","template":"","meta":{"footnotes":""},"class_list":["post-1206","page","type-page","status-publish","hentry"],"_links":{"self":[{"href":"https:\/\/feriadeteatro.com\/feria2024\/wp-json\/wp\/v2\/pages\/1206","targetHints":{"allow":["GET"]}}],"collection":[{"href":"https:\/\/feriadeteatro.com\/feria2024\/wp-json\/wp\/v2\/pages"}],"about":[{"href":"https:\/\/feriadeteatro.com\/feria2024\/wp-json\/wp\/v2\/types\/page"}],"author":[{"embeddable":true,"href":"https:\/\/feriadeteatro.com\/feria2024\/wp-json\/wp\/v2\/users\/1"}],"replies":[{"embeddable":true,"href":"https:\/\/feriadeteatro.com\/feria2024\/wp-json\/wp\/v2\/comments?post=1206"}],"version-history":[{"count":2,"href":"https:\/\/feriadeteatro.com\/feria2024\/wp-json\/wp\/v2\/pages\/1206\/revisions"}],"predecessor-version":[{"id":6943,"href":"https:\/\/feriadeteatro.com\/feria2024\/wp-json\/wp\/v2\/pages\/1206\/revisions\/6943"}],"wp:attachment":[{"href":"https:\/\/feriadeteatro.com\/feria2024\/wp-json\/wp\/v2\/media?parent=1206"}],"curies":[{"name":"wp","href":"https:\/\/api.w.org\/{rel}","templated":true}]}}