{"id":186,"date":"2017-08-04T12:08:12","date_gmt":"2017-08-04T12:08:12","guid":{"rendered":"http:\/\/feriadeteatro.es\/webmovil\/?page_id=186"},"modified":"2017-08-04T12:08:12","modified_gmt":"2017-08-04T12:08:12","slug":"creditos-web","status":"publish","type":"page","link":"https:\/\/feriadeteatro.com\/feria2024\/creditos-web\/","title":{"rendered":"Cr\u00e9ditos web"},"content":{"rendered":"<p><div class=\"fusion-fullwidth fullwidth-box fusion-builder-row-1 nonhundred-percent-fullwidth non-hundred-percent-height-scrolling\" style=\"--awb-border-radius-top-left:0px;--awb-border-radius-top-right:0px;--awb-border-radius-bottom-right:0px;--awb-border-radius-bottom-left:0px;--awb-flex-wrap:wrap;\" ><div class=\"fusion-builder-row fusion-row\"><div class=\"fusion-layout-column fusion_builder_column fusion-builder-column-0 fusion_builder_column_1_1 1_1 fusion-one-full fusion-column-first fusion-column-last\" style=\"--awb-bg-size:cover;\"><div class=\"fusion-column-wrapper fusion-column-has-shadow fusion-flex-column-wrapper-legacy\"><div class=\"fusion-sep-clear\"><\/div><div class=\"fusion-separator fusion-full-width-sep\" style=\"margin-left: auto;margin-right: auto;margin-top:20px;margin-bottom:20px;width:100%;\"><\/div><div class=\"fusion-sep-clear\"><\/div><div class=\"fusion-clearfix\"><\/div><\/div><\/div><\/div><\/div><div class=\"fusion-fullwidth fullwidth-box fusion-builder-row-2 nonhundred-percent-fullwidth non-hundred-percent-height-scrolling\" style=\"--awb-border-radius-top-left:0px;--awb-border-radius-top-right:0px;--awb-border-radius-bottom-right:0px;--awb-border-radius-bottom-left:0px;--awb-flex-wrap:wrap;\" ><div class=\"fusion-builder-row fusion-row\"><div class=\"fusion-layout-column fusion_builder_column fusion-builder-column-1 fusion_builder_column_1_1 1_1 fusion-one-full fusion-column-first fusion-column-last\" style=\"--awb-bg-size:cover;\"><div class=\"fusion-column-wrapper fusion-flex-column-wrapper-legacy\"><div class=\"fusion-text fusion-text-1\"><h2><span style=\"color: #808080;\">Cr\u00e9ditos web<\/span><\/h2>\n<p><span style=\"color: #808080;\">DISE\u00d1O, PROGRAMACI\u00d3N, MANTENIMIENTO Y PROMOCI\u00d3N WEB:<\/span><br \/>\n<strong>DT inform\u00e1tica &amp; multimedia<\/strong> <a href=\"http:\/\/www.dtinformatica.com\">www.dtinformatica.com<\/a><\/p>\n<p><span style=\"color: #808080;\">FOTOGRAF\u00cdA:<\/span><br \/>\nFot\u00f3grafo oficial de Feria:<strong> Jos\u00e9 Vicente<\/strong> <a href=\"http:\/\/www.josevicentefotografo.com\/feriadeteatro\">www.josevicentefotografo.com\/feriadeteatro<\/a><\/p>\n<p>Archivos propios de Civitas A.T. <a href=\"http:\/\/www.civitasanimacion.com\">www.civitasanimacion.com<\/a><\/p>\n<p><span style=\"color: #808080;\">DISE\u00d1O CARTELER\u00cdA E IMAGEN CORPORATIVA:<\/span><br \/>\n<strong>Creativos Dise\u00f1o Gr\u00e1fico<\/strong> <a href=\"http:\/\/www.creativossl.com\">www.creativossl.com<\/a><\/p>\n<p><span style=\"color: #808080;\">CONTENIDOS Y TEXTOS:<\/span><br \/>\n<strong>Civitas Animaci\u00f3n Teatral<\/strong><\/p>\n<\/div><div class=\"fusion-clearfix\"><\/div><\/div><\/div><\/div><\/div><\/p>\n","protected":false},"excerpt":{"rendered":"","protected":false},"author":1,"featured_media":0,"parent":0,"menu_order":0,"comment_status":"closed","ping_status":"closed","template":"","meta":{"footnotes":""},"class_list":["post-186","page","type-page","status-publish","hentry"],"_links":{"self":[{"href":"https:\/\/feriadeteatro.com\/feria2024\/wp-json\/wp\/v2\/pages\/186","targetHints":{"allow":["GET"]}}],"collection":[{"href":"https:\/\/feriadeteatro.com\/feria2024\/wp-json\/wp\/v2\/pages"}],"about":[{"href":"https:\/\/feriadeteatro.com\/feria2024\/wp-json\/wp\/v2\/types\/page"}],"author":[{"embeddable":true,"href":"https:\/\/feriadeteatro.com\/feria2024\/wp-json\/wp\/v2\/users\/1"}],"replies":[{"embeddable":true,"href":"https:\/\/feriadeteatro.com\/feria2024\/wp-json\/wp\/v2\/comments?post=186"}],"version-history":[{"count":0,"href":"https:\/\/feriadeteatro.com\/feria2024\/wp-json\/wp\/v2\/pages\/186\/revisions"}],"wp:attachment":[{"href":"https:\/\/feriadeteatro.com\/feria2024\/wp-json\/wp\/v2\/media?parent=186"}],"curies":[{"name":"wp","href":"https:\/\/api.w.org\/{rel}","templated":true}]}}