{"id":67,"date":"2017-08-04T09:37:02","date_gmt":"2017-08-04T09:37:02","guid":{"rendered":"http:\/\/feriadeteatro.es\/webmovil\/?page_id=67"},"modified":"2023-07-19T15:27:51","modified_gmt":"2023-07-19T15:27:51","slug":"premios-recibidos-por-la-feria","status":"publish","type":"page","link":"https:\/\/feriadeteatro.com\/feria2024\/premios-recibidos-por-la-feria\/","title":{"rendered":"Premios recibidos por la Feria"},"content":{"rendered":"<p><div class=\"fusion-fullwidth fullwidth-box fusion-builder-row-1 fusion-flex-container has-pattern-background has-mask-background nonhundred-percent-fullwidth non-hundred-percent-height-scrolling\" style=\"--awb-border-radius-top-left:0px;--awb-border-radius-top-right:0px;--awb-border-radius-bottom-right:0px;--awb-border-radius-bottom-left:0px;--awb-padding-top:20px;--awb-padding-right:10px;--awb-padding-bottom:20px;--awb-padding-left:10px;--awb-margin-top:-20px;--awb-margin-bottom:0px;--awb-background-color:#ffffff;--awb-flex-wrap:wrap;\" ><div class=\"fusion-builder-row fusion-row fusion-flex-align-items-flex-start fusion-flex-content-wrap\" style=\"max-width:1216.8px;margin-left: calc(-4% \/ 2 );margin-right: calc(-4% \/ 2 );\"><div class=\"fusion-layout-column fusion_builder_column fusion-builder-column-0 fusion_builder_column_1_1 1_1 fusion-flex-column\" style=\"--awb-bg-size:cover;--awb-width-large:100%;--awb-margin-top-large:0px;--awb-spacing-right-large:1.92%;--awb-margin-bottom-large:0px;--awb-spacing-left-large:1.92%;--awb-width-medium:100%;--awb-spacing-right-medium:1.92%;--awb-spacing-left-medium:1.92%;--awb-width-small:100%;--awb-spacing-right-small:1.92%;--awb-spacing-left-small:1.92%;\"><div class=\"fusion-column-wrapper fusion-column-has-shadow fusion-flex-justify-content-center fusion-content-layout-column\"><div class=\"fusion-title title fusion-title-1 fusion-title-text fusion-title-size-three\"><div class=\"title-sep-container title-sep-container-left fusion-no-large-visibility fusion-no-medium-visibility fusion-no-small-visibility\"><div class=\"title-sep sep-single sep-dashed\" style=\"border-color:#f46f72;\"><\/div><\/div><span class=\"awb-title-spacer fusion-no-large-visibility fusion-no-medium-visibility fusion-no-small-visibility\"><\/span><h3 class=\"fusion-title-heading title-heading-left\" style=\"margin:0;\"><h3>Premios<\/h3><\/h3><span class=\"awb-title-spacer\"><\/span><div class=\"title-sep-container title-sep-container-right\"><div class=\"title-sep sep-single sep-dashed\" style=\"border-color:#f46f72;\"><\/div><\/div><\/div><\/div><\/div><div class=\"fusion-layout-column fusion_builder_column fusion-builder-column-1 fusion_builder_column_1_5 1_5 fusion-flex-column\" style=\"--awb-bg-size:cover;--awb-width-large:20%;--awb-margin-top-large:0px;--awb-spacing-right-large:9.6%;--awb-margin-bottom-large:0px;--awb-spacing-left-large:9.6%;--awb-width-medium:100%;--awb-spacing-right-medium:1.92%;--awb-spacing-left-medium:1.92%;--awb-width-small:100%;--awb-spacing-right-small:1.92%;--awb-spacing-left-small:1.92%;\"><div class=\"fusion-column-wrapper fusion-column-has-shadow fusion-flex-justify-content-center fusion-content-layout-column\"><div class=\"fusion-image-element \" style=\"text-align:center;--awb-caption-title-font-family:var(--h2_typography-font-family);--awb-caption-title-font-weight:var(--h2_typography-font-weight);--awb-caption-title-font-style:var(--h2_typography-font-style);--awb-caption-title-size:var(--h2_typography-font-size);--awb-caption-title-transform:var(--h2_typography-text-transform);--awb-caption-title-line-height:var(--h2_typography-line-height);--awb-caption-title-letter-spacing:var(--h2_typography-letter-spacing);\"><span class=\" fusion-imageframe imageframe-none imageframe-1 hover-type-none\"><a class=\"fusion-no-lightbox\" href=\"https:\/\/feriadeteatro.com\/feria2024\/premios-del-publico-de-la-26-feria\/\" target=\"_self\" aria-label=\"boton-premios-amigos-del-teatro\"><img decoding=\"async\" width=\"350\" height=\"350\" src=\"https:\/\/feriadeteatro.com\/feria2024\/wp-content\/uploads\/2024\/08\/boton-premios-amigos-del-teatro.jpg\" alt class=\"img-responsive wp-image-10790\" srcset=\"https:\/\/feriadeteatro.com\/feria2024\/wp-content\/uploads\/2024\/08\/boton-premios-amigos-del-teatro-200x200.jpg 200w, https:\/\/feriadeteatro.com\/feria2024\/wp-content\/uploads\/2024\/08\/boton-premios-amigos-del-teatro.jpg 350w\" sizes=\"(max-width: 1024px) 100vw, (max-width: 640px) 100vw, 200px\" \/><\/a><\/span><\/div><\/div><\/div><div class=\"fusion-layout-column fusion_builder_column fusion-builder-column-2 fusion_builder_column_1_5 1_5 fusion-flex-column\" style=\"--awb-bg-size:cover;--awb-width-large:20%;--awb-margin-top-large:0px;--awb-spacing-right-large:9.6%;--awb-margin-bottom-large:0px;--awb-spacing-left-large:9.6%;--awb-width-medium:100%;--awb-spacing-right-medium:1.92%;--awb-spacing-left-medium:1.92%;--awb-width-small:100%;--awb-spacing-right-small:1.92%;--awb-spacing-left-small:1.92%;\"><div class=\"fusion-column-wrapper fusion-column-has-shadow fusion-flex-justify-content-center fusion-content-layout-column\"><div class=\"fusion-image-element \" style=\"text-align:center;--awb-caption-title-font-family:var(--h2_typography-font-family);--awb-caption-title-font-weight:var(--h2_typography-font-weight);--awb-caption-title-font-style:var(--h2_typography-font-style);--awb-caption-title-size:var(--h2_typography-font-size);--awb-caption-title-transform:var(--h2_typography-text-transform);--awb-caption-title-line-height:var(--h2_typography-line-height);--awb-caption-title-letter-spacing:var(--h2_typography-letter-spacing);\"><span class=\" fusion-imageframe imageframe-none imageframe-2 hover-type-none\"><a class=\"fusion-no-lightbox\" href=\"https:\/\/feriadeteatro.com\/feria2024\/premios-recibidos-por-la-feria\/\" target=\"_self\" aria-label=\"boton-premios-recibidos\"><img decoding=\"async\" width=\"350\" height=\"350\" src=\"https:\/\/feriadeteatro.com\/feria2024\/wp-content\/uploads\/2024\/08\/boton-premios-recibidos.jpg\" alt class=\"img-responsive wp-image-10791\" srcset=\"https:\/\/feriadeteatro.com\/feria2024\/wp-content\/uploads\/2024\/08\/boton-premios-recibidos-200x200.jpg 200w, https:\/\/feriadeteatro.com\/feria2024\/wp-content\/uploads\/2024\/08\/boton-premios-recibidos.jpg 350w\" sizes=\"(max-width: 1024px) 100vw, (max-width: 640px) 100vw, 200px\" \/><\/a><\/span><\/div><\/div><\/div><div class=\"fusion-layout-column fusion_builder_column fusion-builder-column-3 fusion_builder_column_1_5 1_5 fusion-flex-column\" style=\"--awb-bg-size:cover;--awb-width-large:20%;--awb-margin-top-large:0px;--awb-spacing-right-large:9.6%;--awb-margin-bottom-large:0px;--awb-spacing-left-large:9.6%;--awb-width-medium:100%;--awb-spacing-right-medium:1.92%;--awb-spacing-left-medium:1.92%;--awb-width-small:100%;--awb-spacing-right-small:1.92%;--awb-spacing-left-small:1.92%;\"><div class=\"fusion-column-wrapper fusion-column-has-shadow fusion-flex-justify-content-center fusion-content-layout-column\"><div class=\"fusion-image-element \" style=\"text-align:center;--awb-caption-title-font-family:var(--h2_typography-font-family);--awb-caption-title-font-weight:var(--h2_typography-font-weight);--awb-caption-title-font-style:var(--h2_typography-font-style);--awb-caption-title-size:var(--h2_typography-font-size);--awb-caption-title-transform:var(--h2_typography-text-transform);--awb-caption-title-line-height:var(--h2_typography-line-height);--awb-caption-title-letter-spacing:var(--h2_typography-letter-spacing);\"><span class=\" fusion-imageframe imageframe-none imageframe-3 hover-type-none\"><a class=\"fusion-no-lightbox\" href=\"https:\/\/feriadeteatro.com\/feria2024\/premios-rosa-maria-garcia-cano-premiados-2024\/\" target=\"_self\" aria-label=\"boton-premios-rosa\"><img decoding=\"async\" width=\"350\" height=\"350\" src=\"https:\/\/feriadeteatro.com\/feria2024\/wp-content\/uploads\/2024\/08\/boton-premios-rosa.jpg\" alt class=\"img-responsive wp-image-10792\" srcset=\"https:\/\/feriadeteatro.com\/feria2024\/wp-content\/uploads\/2024\/08\/boton-premios-rosa-200x200.jpg 200w, https:\/\/feriadeteatro.com\/feria2024\/wp-content\/uploads\/2024\/08\/boton-premios-rosa.jpg 350w\" sizes=\"(max-width: 1024px) 100vw, (max-width: 640px) 100vw, 200px\" \/><\/a><\/span><\/div><\/div><\/div><div class=\"fusion-layout-column fusion_builder_column fusion-builder-column-4 fusion_builder_column_1_5 1_5 fusion-flex-column\" style=\"--awb-bg-size:cover;--awb-width-large:20%;--awb-margin-top-large:0px;--awb-spacing-right-large:9.6%;--awb-margin-bottom-large:0px;--awb-spacing-left-large:9.6%;--awb-width-medium:100%;--awb-spacing-right-medium:1.92%;--awb-spacing-left-medium:1.92%;--awb-width-small:100%;--awb-spacing-right-small:1.92%;--awb-spacing-left-small:1.92%;\"><div class=\"fusion-column-wrapper fusion-column-has-shadow fusion-flex-justify-content-center fusion-content-layout-column\"><div class=\"fusion-image-element \" style=\"text-align:center;--awb-caption-title-font-family:var(--h2_typography-font-family);--awb-caption-title-font-weight:var(--h2_typography-font-weight);--awb-caption-title-font-style:var(--h2_typography-font-style);--awb-caption-title-size:var(--h2_typography-font-size);--awb-caption-title-transform:var(--h2_typography-text-transform);--awb-caption-title-line-height:var(--h2_typography-line-height);--awb-caption-title-letter-spacing:var(--h2_typography-letter-spacing);\"><span class=\" fusion-imageframe imageframe-none imageframe-4 hover-type-none\"><a class=\"fusion-no-lightbox\" href=\"https:\/\/feriadeteatro.com\/feria2024\/premios-provincia-a-escena\" target=\"_self\" aria-label=\"boton-premio-provincia-a-escena\"><img decoding=\"async\" width=\"350\" height=\"350\" src=\"https:\/\/feriadeteatro.com\/feria2024\/wp-content\/uploads\/2024\/08\/boton-premio-provincia-a-escena.jpg\" alt class=\"img-responsive wp-image-10789\" srcset=\"https:\/\/feriadeteatro.com\/feria2024\/wp-content\/uploads\/2024\/08\/boton-premio-provincia-a-escena-200x200.jpg 200w, https:\/\/feriadeteatro.com\/feria2024\/wp-content\/uploads\/2024\/08\/boton-premio-provincia-a-escena.jpg 350w\" sizes=\"(max-width: 1024px) 100vw, (max-width: 640px) 100vw, 200px\" \/><\/a><\/span><\/div><\/div><\/div><div class=\"fusion-layout-column fusion_builder_column fusion-builder-column-5 fusion_builder_column_1_5 1_5 fusion-flex-column\" style=\"--awb-bg-size:cover;--awb-width-large:20%;--awb-margin-top-large:0px;--awb-spacing-right-large:9.6%;--awb-margin-bottom-large:0px;--awb-spacing-left-large:9.6%;--awb-width-medium:100%;--awb-spacing-right-medium:1.92%;--awb-spacing-left-medium:1.92%;--awb-width-small:100%;--awb-spacing-right-small:1.92%;--awb-spacing-left-small:1.92%;\"><div class=\"fusion-column-wrapper fusion-column-has-shadow fusion-flex-justify-content-center fusion-content-layout-column\"><div class=\"fusion-image-element \" style=\"text-align:center;--awb-caption-title-font-family:var(--h2_typography-font-family);--awb-caption-title-font-weight:var(--h2_typography-font-weight);--awb-caption-title-font-style:var(--h2_typography-font-style);--awb-caption-title-size:var(--h2_typography-font-size);--awb-caption-title-transform:var(--h2_typography-text-transform);--awb-caption-title-line-height:var(--h2_typography-line-height);--awb-caption-title-letter-spacing:var(--h2_typography-letter-spacing);\"><span class=\" fusion-imageframe imageframe-none imageframe-5 hover-type-none\"><a class=\"fusion-no-lightbox\" href=\"https:\/\/feriadeteatro.com\/feria2024\/premio-arca-2023\" target=\"_self\" aria-label=\"boton-premio-arca\"><img decoding=\"async\" width=\"350\" height=\"350\" src=\"https:\/\/feriadeteatro.com\/feria2024\/wp-content\/uploads\/2024\/08\/boton-premio-arca.jpg\" alt class=\"img-responsive wp-image-10788\" srcset=\"https:\/\/feriadeteatro.com\/feria2024\/wp-content\/uploads\/2024\/08\/boton-premio-arca-200x200.jpg 200w, https:\/\/feriadeteatro.com\/feria2024\/wp-content\/uploads\/2024\/08\/boton-premio-arca.jpg 350w\" sizes=\"(max-width: 1024px) 100vw, (max-width: 640px) 100vw, 200px\" \/><\/a><\/span><\/div><\/div><\/div><\/div><\/div>\n<div class=\"fusion-fullwidth fullwidth-box fusion-builder-row-2 fusion-flex-container nonhundred-percent-fullwidth non-hundred-percent-height-scrolling\" style=\"--awb-border-radius-top-left:0px;--awb-border-radius-top-right:0px;--awb-border-radius-bottom-right:0px;--awb-border-radius-bottom-left:0px;--awb-flex-wrap:wrap;\" ><div class=\"fusion-builder-row fusion-row fusion-flex-align-items-flex-start fusion-flex-content-wrap\" style=\"max-width:1216.8px;margin-left: calc(-4% \/ 2 );margin-right: calc(-4% \/ 2 );\"><div class=\"fusion-layout-column fusion_builder_column fusion-builder-column-6 fusion_builder_column_1_1 1_1 fusion-flex-column\" style=\"--awb-bg-size:cover;--awb-width-large:100%;--awb-margin-top-large:0px;--awb-spacing-right-large:1.92%;--awb-margin-bottom-large:0px;--awb-spacing-left-large:1.92%;--awb-width-medium:100%;--awb-spacing-right-medium:1.92%;--awb-spacing-left-medium:1.92%;--awb-width-small:100%;--awb-spacing-right-small:1.92%;--awb-spacing-left-small:1.92%;\"><div class=\"fusion-column-wrapper fusion-column-has-shadow fusion-flex-justify-content-flex-start fusion-content-layout-column\"><div class=\"fusion-separator fusion-full-width-sep\" style=\"align-self: center;margin-left: auto;margin-right: auto;margin-top:20px;margin-bottom:20px;width:100%;\"><\/div><\/div><\/div><\/div><\/div><div class=\"fusion-fullwidth fullwidth-box fusion-builder-row-3 fusion-flex-container nonhundred-percent-fullwidth non-hundred-percent-height-scrolling\" style=\"--awb-border-radius-top-left:0px;--awb-border-radius-top-right:0px;--awb-border-radius-bottom-right:0px;--awb-border-radius-bottom-left:0px;--awb-flex-wrap:wrap;\" ><div class=\"fusion-builder-row fusion-row fusion-flex-align-items-flex-start fusion-flex-content-wrap\" style=\"max-width:1216.8px;margin-left: calc(-4% \/ 2 );margin-right: calc(-4% \/ 2 );\"><div class=\"fusion-layout-column fusion_builder_column fusion-builder-column-7 fusion_builder_column_1_1 1_1 fusion-flex-column\" style=\"--awb-bg-size:cover;--awb-width-large:100%;--awb-margin-top-large:0px;--awb-spacing-right-large:1.92%;--awb-margin-bottom-large:0px;--awb-spacing-left-large:1.92%;--awb-width-medium:100%;--awb-spacing-right-medium:1.92%;--awb-spacing-left-medium:1.92%;--awb-width-small:100%;--awb-spacing-right-small:1.92%;--awb-spacing-left-small:1.92%;\"><div class=\"fusion-column-wrapper fusion-flex-justify-content-flex-start fusion-content-layout-column\"><div class=\"fusion-text fusion-text-1\"><h2><span style=\"color: #808080;\">Premios recibidos por la Feria<\/span><\/h2>\n<ul>\n<li style=\"text-align: justify;\">La Feria de Teatro de Castilla y Le\u00f3n\/Ciudad Rodrigo ha recibido un nuevo reconocimiento en la persona de su director Manuel J. Gonz\u00e1lez, quien ha recogido en la <strong>Feria de Teatro Ib\u00e9rico de Fund\u00e2o<\/strong> un <strong>premio<\/strong> denominado <strong>\u201cAbrazo Ib\u00e9rico\u201d<\/strong> en calidad de director de la Feria de Teatro de Castilla y Le\u00f3n\/Ciudad Rodrigo y Presidente de COFAE, como reconocimiento a su apoyo, asesoramiento, aliento y colaboraci\u00f3n para la creaci\u00f3n de la Feria de Teatro de Fund\u00e2o, el \u00fanico mercado de artes esc\u00e9nicas de Portugal, que celebr\u00f3 su cuarta edici\u00f3n recientemente.<\/li>\n<\/ul>\n<ul style=\"text-align: justify;\">\n<li>\u00a0<span style=\"text-align: justify;\">La Feria de Teatro de Castilla y Le\u00f3n\/Ciudad Rodrigo ha recibido uno de los premios AVETID \u2013 Asociaci\u00f3n de Empresas de Artes Esc\u00e9nicas de la Comunidad Valenciana &#8211; 2021. Desde la organizaci\u00f3n indican que realizan este reconocimiento <\/span><em style=\"text-align: justify;\"><strong><u>\u201cpor su valent\u00eda y buen hacer, demostrando respeto, rigurosidad y objetividad en la selecci\u00f3n de montajes para su incursi\u00f3n en los mercados nacionales\u201d.<\/u><\/strong><\/em><\/li>\n<\/ul>\n<ul style=\"text-align: justify;\">\n<li style=\"text-align: justify;\"><strong>PREMIO FAB HOMBRE DE MUSGO PARA LAS ARTES 2021<\/strong>.\u00a0\u00a0El Festival de las Artes en calles, plazas y patios de B\u00e9jar que celebr\u00f3 su primera edici\u00f3n en septiembre de 2021, ha decidido otorgar este <strong>primer galard\u00f3n<\/strong> a ambas entidades, Asoc. Cultural Civitas Animaci\u00f3n y a la Feria de Teatro de Castilla y Le\u00f3n, por su labor en el sector de las artes esc\u00e9nicas a lo largo de los \u00faltimos veinticuatro a\u00f1os, por su apoyo a las compa\u00f1\u00edas de la Comunidad y su trabajo en la gesti\u00f3n cultural as\u00ed como en la repercusi\u00f3n econ\u00f3mica en el entorno rural.<\/li>\n<\/ul>\n<ul style=\"text-align: justify;\">\n<li style=\"text-align: justify;\"><b>Premios Di\u00e1logo del Ateneo Cultural \u201cJes\u00fas Pereda\u201d de Comisiones Obreras Castilla y Le\u00f3n de 2017<\/b>\u00a0en la modalidad de TRAYECTORIA COLECTIVA\u00a0<b>a la Asoc. Cultural Civitas Animaci\u00f3n Teatral<\/b>\u00a0<b>destacando la promoci\u00f3n social, cultural y educativa<\/b>\u00a0realizada en el entorno de\u00a0<b>Ciudad Rodrigo<\/b>, llevando a cabo proyectos que han repercutido de manera notable en el entorno como la FERIA DE TEATRO DE CASTILLA Y LE\u00d3N.<\/li>\n<\/ul>\n<ul style=\"text-align: justify;\">\n<li style=\"text-align: justify;\"><strong>PREMIO DE LA ASOCIACI\u00d3N DE AMIGOS DEL TEATRO DE VALLADOLID<\/strong> a la ASOCIACI\u00d3N CIVITAS como COORDINADORA DE LA FERIA DE TEATRO y a ROSA MAR\u00cdA GARC\u00cdA CANO por su LABOR al frente de la misma.<\/li>\n<\/ul>\n<ul style=\"text-align: justify;\">\n<li><strong>PREMIO DE LA FERIA INTERNACIONAL DE TEATRO Y DANZA DE HUESCA<\/strong> concedido a la Asociaci\u00f3n de Amigos del Teatro de Ciudad Rodrigo en 2005 a la acci\u00f3n m\u00e1s efectiva en la creaci\u00f3n de p\u00fablico.<\/li>\n<\/ul>\n<ul style=\"text-align: justify;\">\n<li><strong>PREMIO \u00abROSA 2009\u00bb de FEVESA<\/strong> (Federaci\u00f3n de Asociaciones de Vecinos de Salamanca) A LA FERIA DE TEATRO DE CASTILLA Y LE\u00d3N &#8211; CIUDAD RODRIGO por lo que supone no s\u00f3lo desde el punto de vista cultural sino tambi\u00e9n desde el punto de vista social, participativo, promocional y econ\u00f3mico siendo un acontecimiento revitalizador y dinamizador para Ciudad Rodrigo y su comarca.<\/li>\n<\/ul>\n<ul style=\"text-align: justify;\">\n<li><strong>PREMIO MORETTI- CASTILLA Y LE\u00d3N<\/strong> otorgado por al Asociaci\u00f3n Cultural Zarandaja a Civitas por la \u00abcoordinaci\u00f3n y gesti\u00f3n de la Feria que a\u00f1o tras a\u00f1o convierte a Ciudad Rodrigo en el marco ideal para que las compa\u00f1\u00edas presenten sus trabajos adem\u00e1s de su labor constante de animaci\u00f3n sociocultural no solo en su municipio sino en otras localidades espa\u00f1olas y portuguesas\u00bb.<\/li>\n<\/ul>\n<ul>\n<li style=\"text-align: justify;\"><strong>Reconocimiento de \u201cSocio de Honor\u201d a la Asociaci\u00f3n C\u00edvitas Animaci\u00f3n<\/strong>, otorgado por AFECIR (Asociaci\u00f3n Federada de Empresarios de Ciudad Rodrigo) por \u201cla creaci\u00f3n y gesti\u00f3n de la Feria de Teatro de Castilla y Le\u00f3n y en agradecimiento por su contribuci\u00f3n al desarrollo econ\u00f3mico de Ciudad Rodrigo y comarca\u201d.<\/li>\n<\/ul>\n<\/div><\/div><\/div><\/div><\/div><\/p>\n","protected":false},"excerpt":{"rendered":"","protected":false},"author":1,"featured_media":0,"parent":0,"menu_order":0,"comment_status":"closed","ping_status":"closed","template":"","meta":{"footnotes":""},"class_list":["post-67","page","type-page","status-publish","hentry"],"_links":{"self":[{"href":"https:\/\/feriadeteatro.com\/feria2024\/wp-json\/wp\/v2\/pages\/67","targetHints":{"allow":["GET"]}}],"collection":[{"href":"https:\/\/feriadeteatro.com\/feria2024\/wp-json\/wp\/v2\/pages"}],"about":[{"href":"https:\/\/feriadeteatro.com\/feria2024\/wp-json\/wp\/v2\/types\/page"}],"author":[{"embeddable":true,"href":"https:\/\/feriadeteatro.com\/feria2024\/wp-json\/wp\/v2\/users\/1"}],"replies":[{"embeddable":true,"href":"https:\/\/feriadeteatro.com\/feria2024\/wp-json\/wp\/v2\/comments?post=67"}],"version-history":[{"count":5,"href":"https:\/\/feriadeteatro.com\/feria2024\/wp-json\/wp\/v2\/pages\/67\/revisions"}],"predecessor-version":[{"id":9204,"href":"https:\/\/feriadeteatro.com\/feria2024\/wp-json\/wp\/v2\/pages\/67\/revisions\/9204"}],"wp:attachment":[{"href":"https:\/\/feriadeteatro.com\/feria2024\/wp-json\/wp\/v2\/media?parent=67"}],"curies":[{"name":"wp","href":"https:\/\/api.w.org\/{rel}","templated":true}]}}