{"id":11893,"date":"2025-07-08T10:53:12","date_gmt":"2025-07-08T09:53:12","guid":{"rendered":"https:\/\/feriadeteatro.com\/feria2026\/?page_id=11893"},"modified":"2025-07-30T10:11:22","modified_gmt":"2025-07-30T09:11:22","slug":"dysphoria-histrion-teatro","status":"publish","type":"page","link":"https:\/\/feriadeteatro.com\/feria2026\/dysphoria-histrion-teatro\/","title":{"rendered":"Dysphoria &#8211; HISTRION TEATRO"},"content":{"rendered":"<div class=\"fusion-fullwidth fullwidth-box fusion-builder-row-1 fusion-flex-container nonhundred-percent-fullwidth non-hundred-percent-height-scrolling\" style=\"--awb-border-radius-top-left:0px;--awb-border-radius-top-right:0px;--awb-border-radius-bottom-right:0px;--awb-border-radius-bottom-left:0px;--awb-flex-wrap:wrap;\" ><div class=\"fusion-builder-row fusion-row fusion-flex-align-items-flex-start fusion-flex-content-wrap\" style=\"max-width:1216.8px;margin-left: calc(-4% \/ 2 );margin-right: calc(-4% \/ 2 );\"><div class=\"fusion-layout-column fusion_builder_column fusion-builder-column-0 fusion_builder_column_1_1 1_1 fusion-flex-column\" style=\"--awb-bg-size:cover;--awb-width-large:100%;--awb-margin-top-large:0px;--awb-spacing-right-large:1.92%;--awb-margin-bottom-large:0px;--awb-spacing-left-large:1.92%;--awb-width-medium:100%;--awb-spacing-right-medium:1.92%;--awb-spacing-left-medium:1.92%;--awb-width-small:100%;--awb-spacing-right-small:1.92%;--awb-spacing-left-small:1.92%;\"><div class=\"fusion-column-wrapper fusion-column-has-shadow fusion-flex-justify-content-flex-start fusion-content-layout-column\"><div class=\"fusion-text fusion-text-1\"><h3 style=\"text-align: center;\">HISTRION TEATRO<\/h3>\n<\/div><div class=\"fusion-text fusion-text-2\"><h4 style=\"text-align: center;\">Dysphoria<\/h4>\n<\/div><div class=\"fusion-separator fusion-full-width-sep\" style=\"align-self: center;margin-left: auto;margin-right: auto;margin-top:15px;margin-bottom:15px;width:100%;\"><div class=\"fusion-separator-border sep-single sep-solid\" style=\"--awb-height:20px;--awb-amount:20px;border-color:#e0dede;border-top-width:1px;\"><\/div><\/div><\/div><\/div><div class=\"fusion-layout-column fusion_builder_column fusion-builder-column-1 fusion_builder_column_1_2 1_2 fusion-flex-column\" style=\"--awb-padding-top:30px;--awb-padding-right:30px;--awb-padding-bottom:30px;--awb-padding-left:30px;--awb-bg-color:#eaeaea;--awb-bg-color-hover:#eaeaea;--awb-bg-size:cover;--awb-width-large:50%;--awb-margin-top-large:0px;--awb-spacing-right-large:3.84%;--awb-margin-bottom-large:0px;--awb-spacing-left-large:3.84%;--awb-width-medium:100%;--awb-spacing-right-medium:1.92%;--awb-spacing-left-medium:1.92%;--awb-width-small:100%;--awb-spacing-right-small:1.92%;--awb-spacing-left-small:1.92%;\"><div class=\"fusion-column-wrapper fusion-column-has-shadow fusion-flex-justify-content-flex-start fusion-content-layout-column\"><div class=\"fusion-text fusion-text-3\"><p><strong>D\u00eda:<\/strong> Jueves 28<br \/>\n<strong>Hora:<\/strong> 21:00h<br \/>\n<strong>Lugar: <\/strong><a href=\"https:\/\/goo.gl\/maps\/1E1bJpUP1Jgq69dB6\" target=\"_blank\" rel=\"noopener\">ESPACIO AFECIR<\/a><br \/>\n<strong>Edad recomendada:<\/strong> P\u00fablico joven y adulto<br \/>\n<strong>Duraci\u00f3n:<\/strong> 80 min.<\/p>\n<h4>DATOS DE CONTACTO:<\/h4>\n<p><strong>Persona de contacto:<\/strong> NINES CARRASCAL<\/p>\n<p><strong>Tel\u00e9fonos:<\/strong> <a href=\"tel:646641769\">646641769<\/a>\/<a href=\"tel:958222746\">958222746<\/a><\/p>\n<p><strong>Direcci\u00f3n Postal:<\/strong> PLAZA DEL CAMPILLO 2, 6\u00aa PLANTA, OFICINA F2, 18009 DE GRANADA<\/p>\n<p><strong>Email:<\/strong> <a href=\"mailto:nines@histrionteatro.es\">nines@histrionteatro.es<\/a><\/p>\n<p><strong>Web:<\/strong> <a href=\"http:\/\/www.histrionteatro.es\" target=\"_blank\" rel=\"noopener\">histrionteatro.es<\/a><\/p>\n<\/div><\/div><\/div><div class=\"fusion-layout-column fusion_builder_column fusion-builder-column-2 fusion_builder_column_1_2 1_2 fusion-flex-column\" style=\"--awb-bg-color:#ffffff;--awb-bg-color-hover:#ffffff;--awb-bg-size:cover;--awb-width-large:50%;--awb-margin-top-large:0px;--awb-spacing-right-large:3.84%;--awb-margin-bottom-large:0px;--awb-spacing-left-large:3.84%;--awb-width-medium:100%;--awb-spacing-right-medium:1.92%;--awb-spacing-left-medium:1.92%;--awb-width-small:100%;--awb-spacing-right-small:1.92%;--awb-spacing-left-small:1.92%;\"><div class=\"fusion-column-wrapper fusion-column-has-shadow fusion-flex-justify-content-flex-start fusion-content-layout-column\"><div class=\"fusion-image-element \" style=\"--awb-caption-title-font-family:var(--h2_typography-font-family);--awb-caption-title-font-weight:var(--h2_typography-font-weight);--awb-caption-title-font-style:var(--h2_typography-font-style);--awb-caption-title-size:var(--h2_typography-font-size);--awb-caption-title-transform:var(--h2_typography-text-transform);--awb-caption-title-line-height:var(--h2_typography-line-height);--awb-caption-title-letter-spacing:var(--h2_typography-letter-spacing);\"><span class=\" fusion-imageframe imageframe-dropshadow imageframe-1 hover-type-zoomin\" style=\"border:3px solid #c2a891;-webkit-box-shadow: 4px 4px 8px rgba(0,0,0,0.3);box-shadow: 4px 4px 8px rgba(0,0,0,0.3);\"><img decoding=\"async\" width=\"600\" height=\"600\" title=\"histrion\" src=\"https:\/\/feriadeteatro.com\/feria2026\/wp-content\/uploads\/2025\/07\/histrion.jpg\" alt class=\"img-responsive wp-image-11878\" srcset=\"https:\/\/feriadeteatro.com\/feria2026\/wp-content\/uploads\/2025\/07\/histrion-200x200.jpg 200w, https:\/\/feriadeteatro.com\/feria2026\/wp-content\/uploads\/2025\/07\/histrion-400x400.jpg 400w, https:\/\/feriadeteatro.com\/feria2026\/wp-content\/uploads\/2025\/07\/histrion.jpg 600w\" sizes=\"(max-width: 1024px) 100vw, (max-width: 640px) 100vw, 600px\" \/><\/span><\/div><\/div><\/div><div class=\"fusion-layout-column fusion_builder_column fusion-builder-column-3 fusion_builder_column_1_1 1_1 fusion-flex-column\" style=\"--awb-padding-top:30px;--awb-padding-right:30px;--awb-padding-bottom:30px;--awb-padding-left:30px;--awb-bg-color:#ffffff;--awb-bg-color-hover:#ffffff;--awb-bg-size:cover;--awb-width-large:100%;--awb-margin-top-large:0px;--awb-spacing-right-large:1.92%;--awb-margin-bottom-large:0px;--awb-spacing-left-large:1.92%;--awb-width-medium:100%;--awb-spacing-right-medium:1.92%;--awb-spacing-left-medium:1.92%;--awb-width-small:100%;--awb-spacing-right-small:1.92%;--awb-spacing-left-small:1.92%;\"><div class=\"fusion-column-wrapper fusion-column-has-shadow fusion-flex-justify-content-flex-start fusion-content-layout-column\"><div class=\"fusion-text fusion-text-4\"><h4>SINOPSIS:<\/h4>\n<p style=\"text-align: justify;\">Ella est\u00e1 en shock. Su hija de diecis\u00e9is a\u00f1os acaba de confesarle que no es una chica; sino que es un chico. Ya no ser\u00e1 m\u00e1s Alejandra, ser\u00e1 quien realmente es: Alex. La terapia, los grupos de sensibilizaci\u00f3n, nada es suficiente para aceptar el hecho de que su hija ya no ser\u00e1 m\u00e1s su hija y la negaci\u00f3n, la resistencia y la frustraci\u00f3n se abren paso desde el dolor que provoca el cambio. Sin embargo, todo gira cuando la polic\u00eda llega a casa acusando a Alex de abuso sexual. Este hecho inesperado empuja a nuestra protagonista a emprender una fren\u00e9tica carrera para intentar comprender a su hijo y protegerle frente a todo aquello que quiere arrinconarle, destruirle y robarle su identidad y sus derechos como ser humano.<\/p>\n<\/div><\/div><\/div><div class=\"fusion-layout-column fusion_builder_column fusion-builder-column-4 fusion_builder_column_1_2 1_2 fusion-flex-column\" style=\"--awb-padding-top:30px;--awb-bg-size:cover;--awb-width-large:50%;--awb-margin-top-large:0px;--awb-spacing-right-large:3.84%;--awb-margin-bottom-large:0px;--awb-spacing-left-large:3.84%;--awb-width-medium:100%;--awb-spacing-right-medium:1.92%;--awb-spacing-left-medium:1.92%;--awb-width-small:100%;--awb-spacing-right-small:1.92%;--awb-spacing-left-small:1.92%;\"><div class=\"fusion-column-wrapper fusion-column-has-shadow fusion-flex-justify-content-flex-start fusion-content-layout-column\"><\/div><\/div><div class=\"fusion-layout-column fusion_builder_column fusion-builder-column-5 fusion_builder_column_1_2 1_2 fusion-flex-column\" style=\"--awb-bg-size:cover;--awb-width-large:50%;--awb-margin-top-large:0px;--awb-spacing-right-large:3.84%;--awb-margin-bottom-large:0px;--awb-spacing-left-large:3.84%;--awb-width-medium:100%;--awb-spacing-right-medium:1.92%;--awb-spacing-left-medium:1.92%;--awb-width-small:100%;--awb-spacing-right-small:1.92%;--awb-spacing-left-small:1.92%;\"><div class=\"fusion-column-wrapper fusion-column-has-shadow fusion-flex-justify-content-flex-start fusion-content-layout-column\"><div class=\"fusion-text fusion-text-5\"><h4>FICHA ART\u00cdSTICA<\/h4>\n<p><strong>Dramaturgia y direcci\u00f3n<\/strong>: Mar\u00eda Goiricelaya<\/p>\n<p><strong>Int\u00e9rprete:<\/strong> Gema Matarranz<\/p>\n<p><strong>Ayudante de direcci\u00f3n:<\/strong> Ane Picaza<\/p>\n<p><strong>Dise\u00f1o y construcci\u00f3n de escenograf\u00eda:<\/strong> \u00c1lvaro G\u00f3mez Candela y Giacomo Ciucci G\u00f3mez<\/p>\n<p><strong>Dise\u00f1o de iluminaci\u00f3n:<\/strong> Juan Felipe \u201cTomatierra\u201d<\/p>\n<p><strong>M\u00fasica original:<\/strong> Ibon Belandia<\/p>\n<p><strong>Espacio sonoro:<\/strong> Ibon Aguirre<\/p>\n<p><strong>Comunicaci\u00f3n y dise\u00f1o gr\u00e1fico:<\/strong> Divina Palabra<\/p>\n<p><strong>Imagen de cartel:<\/strong> Palen<\/p>\n<p><strong>T\u00e9cnicos en gira:<\/strong> Juan Felipe \u201cTomatierra\u201d y Ernesto Monza<\/p>\n<p><strong>Producci\u00f3n ejecutiva:<\/strong> Nines Carrascal y Sonia Espinosa<\/p>\n<\/div><\/div><\/div><div class=\"fusion-layout-column fusion_builder_column fusion-builder-column-6 fusion_builder_column_1_1 1_1 fusion-flex-column\" style=\"--awb-bg-size:cover;--awb-width-large:100%;--awb-margin-top-large:0px;--awb-spacing-right-large:1.92%;--awb-margin-bottom-large:0px;--awb-spacing-left-large:1.92%;--awb-width-medium:100%;--awb-spacing-right-medium:1.92%;--awb-spacing-left-medium:1.92%;--awb-width-small:100%;--awb-spacing-right-small:1.92%;--awb-spacing-left-small:1.92%;\"><div class=\"fusion-column-wrapper fusion-column-has-shadow fusion-flex-justify-content-flex-start fusion-content-layout-column\"><div class=\"fusion-text fusion-text-6\"><h5><a href=\"https:\/\/feriadeteatro.es\/feria2025\/cuadrante-programacion-2025.htm\">[volver al cuadrante de programaci\u00f3n]<\/a><\/h5>\n<\/div><\/div><\/div><\/div><\/div>\n","protected":false},"excerpt":{"rendered":"","protected":false},"author":1,"featured_media":0,"parent":0,"menu_order":0,"comment_status":"closed","ping_status":"closed","template":"","meta":{"footnotes":""},"class_list":["post-11893","page","type-page","status-publish","hentry"],"_links":{"self":[{"href":"https:\/\/feriadeteatro.com\/feria2026\/wp-json\/wp\/v2\/pages\/11893","targetHints":{"allow":["GET"]}}],"collection":[{"href":"https:\/\/feriadeteatro.com\/feria2026\/wp-json\/wp\/v2\/pages"}],"about":[{"href":"https:\/\/feriadeteatro.com\/feria2026\/wp-json\/wp\/v2\/types\/page"}],"author":[{"embeddable":true,"href":"https:\/\/feriadeteatro.com\/feria2026\/wp-json\/wp\/v2\/users\/1"}],"replies":[{"embeddable":true,"href":"https:\/\/feriadeteatro.com\/feria2026\/wp-json\/wp\/v2\/comments?post=11893"}],"version-history":[{"count":5,"href":"https:\/\/feriadeteatro.com\/feria2026\/wp-json\/wp\/v2\/pages\/11893\/revisions"}],"predecessor-version":[{"id":12245,"href":"https:\/\/feriadeteatro.com\/feria2026\/wp-json\/wp\/v2\/pages\/11893\/revisions\/12245"}],"wp:attachment":[{"href":"https:\/\/feriadeteatro.com\/feria2026\/wp-json\/wp\/v2\/media?parent=11893"}],"curies":[{"name":"wp","href":"https:\/\/api.w.org\/{rel}","templated":true}]}}