{"id":11901,"date":"2025-07-08T11:34:06","date_gmt":"2025-07-08T10:34:06","guid":{"rendered":"https:\/\/feriadeteatro.com\/feria2026\/?page_id=11901"},"modified":"2025-08-19T09:10:40","modified_gmt":"2025-08-19T08:10:40","slug":"arraigo-arvinedanza","status":"publish","type":"page","link":"https:\/\/feriadeteatro.com\/feria2026\/arraigo-arvinedanza\/","title":{"rendered":"Arraigo &#8211; ARVINEDanza"},"content":{"rendered":"<div class=\"fusion-fullwidth fullwidth-box fusion-builder-row-1 fusion-flex-container nonhundred-percent-fullwidth non-hundred-percent-height-scrolling\" style=\"--awb-border-radius-top-left:0px;--awb-border-radius-top-right:0px;--awb-border-radius-bottom-right:0px;--awb-border-radius-bottom-left:0px;--awb-flex-wrap:wrap;\" ><div class=\"fusion-builder-row fusion-row fusion-flex-align-items-flex-start fusion-flex-content-wrap\" style=\"max-width:1216.8px;margin-left: calc(-4% \/ 2 );margin-right: calc(-4% \/ 2 );\"><div class=\"fusion-layout-column fusion_builder_column fusion-builder-column-0 fusion_builder_column_1_1 1_1 fusion-flex-column\" style=\"--awb-bg-size:cover;--awb-width-large:100%;--awb-margin-top-large:0px;--awb-spacing-right-large:1.92%;--awb-margin-bottom-large:0px;--awb-spacing-left-large:1.92%;--awb-width-medium:100%;--awb-spacing-right-medium:1.92%;--awb-spacing-left-medium:1.92%;--awb-width-small:100%;--awb-spacing-right-small:1.92%;--awb-spacing-left-small:1.92%;\"><div class=\"fusion-column-wrapper fusion-column-has-shadow fusion-flex-justify-content-flex-start fusion-content-layout-column\"><div class=\"fusion-text fusion-text-1\"><h3 style=\"text-align: center;\">ARVINEDanza<\/h3>\n<\/div><div class=\"fusion-text fusion-text-2\"><h4 style=\"text-align: center;\">Arraigo<\/h4>\n<\/div><div class=\"fusion-separator fusion-full-width-sep\" style=\"align-self: center;margin-left: auto;margin-right: auto;margin-top:15px;margin-bottom:15px;width:100%;\"><div class=\"fusion-separator-border sep-single sep-solid\" style=\"--awb-height:20px;--awb-amount:20px;border-color:#e0dede;border-top-width:1px;\"><\/div><\/div><\/div><\/div><div class=\"fusion-layout-column fusion_builder_column fusion-builder-column-1 fusion_builder_column_1_2 1_2 fusion-flex-column\" style=\"--awb-padding-top:30px;--awb-padding-right:30px;--awb-padding-bottom:30px;--awb-padding-left:30px;--awb-bg-color:#eaeaea;--awb-bg-color-hover:#eaeaea;--awb-bg-size:cover;--awb-width-large:50%;--awb-margin-top-large:0px;--awb-spacing-right-large:3.84%;--awb-margin-bottom-large:0px;--awb-spacing-left-large:3.84%;--awb-width-medium:100%;--awb-spacing-right-medium:1.92%;--awb-spacing-left-medium:1.92%;--awb-width-small:100%;--awb-spacing-right-small:1.92%;--awb-spacing-left-small:1.92%;\"><div class=\"fusion-column-wrapper fusion-column-has-shadow fusion-flex-justify-content-flex-start fusion-content-layout-column\"><div class=\"fusion-text fusion-text-3\"><p><strong>D\u00eda:<\/strong> Martes 26<br \/>\n<strong>Hora:<\/strong> 17:00h<br \/>\n<strong>Lugar: <\/strong><a href=\"https:\/\/goo.gl\/maps\/ecw5Nky6n79U5CDi7\" target=\"_blank\" rel=\"noopener\">TEATRO NUEVO \u00abFERNANDO ARRABAL\u00bb<\/a><br \/>\n<strong>Edad recomendada:<\/strong> Todos los p\u00fablicos<br \/>\n<strong>Duraci\u00f3n:<\/strong> 70 min.<\/p>\n<p style=\"text-align: left;\"><strong><span style=\"color: #c2a891;\">ESTRENO ABSOLUTO<\/span><\/strong><\/p>\n<p style=\"text-align: left;\">ESPECT\u00c1CULO INAUGURAL<\/p>\n<h4>DATOS DE CONTACTO:<\/h4>\n<p><strong>Persona de contacto:<\/strong> Mar\u00eda Negro Luengo<\/p>\n<p><strong>Tel\u00e9fono:<\/strong> <a href=\"tel:645934397\">645 934 397<\/a><\/p>\n<p><strong>Direcci\u00f3n Postal:<\/strong> C\/ P\u00f3sito n\u00ba 4 Torrelobat\u00f3n, Valladolid.<\/p>\n<p><strong>Email:<\/strong> <a href=\"mailto:distribucioneslatricotosa@gmail.com\">distribucioneslatricotosa@gmail.com<\/a><\/p>\n<p>Web: <a href=\"https:\/\/tricotosa.com\/\" target=\"_blank\" rel=\"noopener\">www.tricotosa.com<\/a> \/ <a href=\"http:\/\/www.arvinedanza.com\">www.arvinedanza.com<\/a><\/p>\n<\/div><\/div><\/div><div class=\"fusion-layout-column fusion_builder_column fusion-builder-column-2 fusion_builder_column_1_2 1_2 fusion-flex-column\" style=\"--awb-bg-color:#ffffff;--awb-bg-color-hover:#ffffff;--awb-bg-size:cover;--awb-width-large:50%;--awb-margin-top-large:0px;--awb-spacing-right-large:3.84%;--awb-margin-bottom-large:0px;--awb-spacing-left-large:3.84%;--awb-width-medium:100%;--awb-spacing-right-medium:1.92%;--awb-spacing-left-medium:1.92%;--awb-width-small:100%;--awb-spacing-right-small:1.92%;--awb-spacing-left-small:1.92%;\"><div class=\"fusion-column-wrapper fusion-column-has-shadow fusion-flex-justify-content-flex-start fusion-content-layout-column\"><div class=\"fusion-image-element \" style=\"--awb-caption-title-font-family:var(--h2_typography-font-family);--awb-caption-title-font-weight:var(--h2_typography-font-weight);--awb-caption-title-font-style:var(--h2_typography-font-style);--awb-caption-title-size:var(--h2_typography-font-size);--awb-caption-title-transform:var(--h2_typography-text-transform);--awb-caption-title-line-height:var(--h2_typography-line-height);--awb-caption-title-letter-spacing:var(--h2_typography-letter-spacing);\"><span class=\" fusion-imageframe imageframe-dropshadow imageframe-1 hover-type-zoomin\" style=\"border:3px solid #c2a891;-webkit-box-shadow: 4px 4px 8px rgba(0,0,0,0.3);box-shadow: 4px 4px 8px rgba(0,0,0,0.3);\"><img decoding=\"async\" width=\"600\" height=\"600\" title=\"arvine-danza\" src=\"https:\/\/feriadeteatro.com\/feria2026\/wp-content\/uploads\/2025\/08\/arvine-danza.jpg\" alt class=\"img-responsive wp-image-12347\" srcset=\"https:\/\/feriadeteatro.com\/feria2026\/wp-content\/uploads\/2025\/08\/arvine-danza-200x200.jpg 200w, https:\/\/feriadeteatro.com\/feria2026\/wp-content\/uploads\/2025\/08\/arvine-danza-400x400.jpg 400w, https:\/\/feriadeteatro.com\/feria2026\/wp-content\/uploads\/2025\/08\/arvine-danza.jpg 600w\" sizes=\"(max-width: 1024px) 100vw, (max-width: 640px) 100vw, 600px\" \/><\/span><\/div><\/div><\/div><div class=\"fusion-layout-column fusion_builder_column fusion-builder-column-3 fusion_builder_column_1_1 1_1 fusion-flex-column\" style=\"--awb-padding-top:30px;--awb-padding-right:30px;--awb-padding-bottom:30px;--awb-padding-left:30px;--awb-bg-color:#ffffff;--awb-bg-color-hover:#ffffff;--awb-bg-size:cover;--awb-width-large:100%;--awb-margin-top-large:0px;--awb-spacing-right-large:1.92%;--awb-margin-bottom-large:0px;--awb-spacing-left-large:1.92%;--awb-width-medium:100%;--awb-spacing-right-medium:1.92%;--awb-spacing-left-medium:1.92%;--awb-width-small:100%;--awb-spacing-right-small:1.92%;--awb-spacing-left-small:1.92%;\"><div class=\"fusion-column-wrapper fusion-column-has-shadow fusion-flex-justify-content-flex-start fusion-content-layout-column\"><div class=\"fusion-text fusion-text-4\"><h4>SINOPSIS:<\/h4>\n<p style=\"text-align: justify;\">Sobre el escenario, la tierra se despliega y cobra vida. Se ondula, se eleva, nos envuelve y baila con nosotras, como si siempre hubiera estado ah\u00ed.<\/p>\n<p style=\"text-align: justify;\"><em>Arraigo <\/em>es un viaje coreogr\u00e1fico que recorre la pen\u00ednsula ib\u00e9rica, hilando las danzas, gestos y emociones que nos han construido como pueblo. Con la fuerza tel\u00farica del folclore y la danza estilizada, afloran sobre el escenario las ra\u00edces profundas de cada territorio, con la energ\u00eda renovada de las voces y cantos de nuestro tiempo.<\/p>\n<p style=\"text-align: justify;\">Un espect\u00e1culo que conecta generaciones, rompiendo fronteras est\u00e9ticas y demostrando que lo ancestral no pertenece al pasado: vive, se transforma y late con la misma intensidad\u00a0 de la tierra, la intensidad del ayer, del hoy y del ma\u00f1ana.<\/p>\n<\/div><\/div><\/div><div class=\"fusion-layout-column fusion_builder_column fusion-builder-column-4 fusion_builder_column_1_1 1_1 fusion-flex-column\" style=\"--awb-bg-size:cover;--awb-width-large:100%;--awb-margin-top-large:0px;--awb-spacing-right-large:1.92%;--awb-margin-bottom-large:0px;--awb-spacing-left-large:1.92%;--awb-width-medium:100%;--awb-spacing-right-medium:1.92%;--awb-spacing-left-medium:1.92%;--awb-width-small:100%;--awb-spacing-right-small:1.92%;--awb-spacing-left-small:1.92%;\"><div class=\"fusion-column-wrapper fusion-column-has-shadow fusion-flex-justify-content-flex-start fusion-content-layout-column\"><div class=\"fusion-text fusion-text-5\"><h4>FICHA ART\u00cdSTICA<\/h4>\n<p><strong>BAILARINAS Y BAILARINES:<\/strong> Nereida Garrote, Elysa L\u00f3pez, Lara Sim\u00f3n, Alejandro M\u00e1rmol, Daniel Escolar y Jorge Morera.<\/p>\n<p><strong>DIRECCI\u00d3N ART\u00cdSTICA Y COREOGRAF\u00cdA:<\/strong> Nereida Garrote, Elysa L\u00f3pez y Lara Sim\u00f3n.<\/p>\n<p><strong>ASESOR\u00cdA ESC\u00c9NICA Y DRAMATURGIA:<\/strong> Carlos Mart\u00edn Sa\u00f1udo.<\/p>\n<p><strong>DISE\u00d1O DE ILUMINACI\u00d3N:<\/strong> Miguel Salinero.<\/p>\n<p><strong>DISE\u00d1O GR\u00c1FICO E ILUSTRACI\u00d3N EN TELA:<\/strong> Carmen Orta.<\/p>\n<h4>FICHA T\u00c9CNICA<\/h4>\n<p><strong>DIRECCI\u00d3N T\u00c9CNICA:<\/strong> Miguel Salinero.<\/p>\n<p><strong>T\u00c9CNICO DE ILUMINACI\u00d3N:<\/strong> Suso Zurutuza.<\/p>\n<p><strong>ESPACIO SONORO:<\/strong> Alberto Marcos.<\/p>\n<p><strong>SASTRER\u00cdA:<\/strong> Luisa Murillo y Marta Pelos Costura Teatral.<\/p>\n<p><strong>SOMBRERER\u00cdA:<\/strong> Mar\u00eda Jos\u00e9 Sanz Beltr\u00e1n.<\/p>\n<p><strong>DIRECCI\u00d3N DE PRODUCCI\u00d3N:<\/strong> ARVINEDanza.<\/p>\n<p><strong>COPRODUCCI\u00d3N:<\/strong> Teatro Calder\u00f3n de Valladolid.<\/p>\n<p><strong>DISTRIBUCI\u00d3N:<\/strong> La Tricotosa.<\/p>\n<\/div><\/div><\/div><div class=\"fusion-layout-column fusion_builder_column fusion-builder-column-5 fusion_builder_column_1_1 1_1 fusion-flex-column\" style=\"--awb-bg-size:cover;--awb-width-large:100%;--awb-margin-top-large:0px;--awb-spacing-right-large:1.92%;--awb-margin-bottom-large:0px;--awb-spacing-left-large:1.92%;--awb-width-medium:100%;--awb-spacing-right-medium:1.92%;--awb-spacing-left-medium:1.92%;--awb-width-small:100%;--awb-spacing-right-small:1.92%;--awb-spacing-left-small:1.92%;\"><div class=\"fusion-column-wrapper fusion-column-has-shadow fusion-flex-justify-content-flex-start fusion-content-layout-column\"><div class=\"fusion-text fusion-text-6\"><h5><a href=\"https:\/\/feriadeteatro.es\/feria2025\/cuadrante-programacion-2025.htm\">[volver al cuadrante de programaci\u00f3n]<\/a><\/h5>\n<\/div><\/div><\/div><\/div><\/div>\n","protected":false},"excerpt":{"rendered":"","protected":false},"author":1,"featured_media":0,"parent":0,"menu_order":0,"comment_status":"closed","ping_status":"closed","template":"","meta":{"footnotes":""},"class_list":["post-11901","page","type-page","status-publish","hentry"],"_links":{"self":[{"href":"https:\/\/feriadeteatro.com\/feria2026\/wp-json\/wp\/v2\/pages\/11901","targetHints":{"allow":["GET"]}}],"collection":[{"href":"https:\/\/feriadeteatro.com\/feria2026\/wp-json\/wp\/v2\/pages"}],"about":[{"href":"https:\/\/feriadeteatro.com\/feria2026\/wp-json\/wp\/v2\/types\/page"}],"author":[{"embeddable":true,"href":"https:\/\/feriadeteatro.com\/feria2026\/wp-json\/wp\/v2\/users\/1"}],"replies":[{"embeddable":true,"href":"https:\/\/feriadeteatro.com\/feria2026\/wp-json\/wp\/v2\/comments?post=11901"}],"version-history":[{"count":13,"href":"https:\/\/feriadeteatro.com\/feria2026\/wp-json\/wp\/v2\/pages\/11901\/revisions"}],"predecessor-version":[{"id":12350,"href":"https:\/\/feriadeteatro.com\/feria2026\/wp-json\/wp\/v2\/pages\/11901\/revisions\/12350"}],"wp:attachment":[{"href":"https:\/\/feriadeteatro.com\/feria2026\/wp-json\/wp\/v2\/media?parent=11901"}],"curies":[{"name":"wp","href":"https:\/\/api.w.org\/{rel}","templated":true}]}}