{"id":11922,"date":"2025-07-08T16:45:51","date_gmt":"2025-07-08T15:45:51","guid":{"rendered":"https:\/\/feriadeteatro.com\/feria2026\/?page_id=11922"},"modified":"2025-07-30T10:05:41","modified_gmt":"2025-07-30T09:05:41","slug":"una-mera-curiosidad-producciones-maestras","status":"publish","type":"page","link":"https:\/\/feriadeteatro.com\/feria2026\/una-mera-curiosidad-producciones-maestras\/","title":{"rendered":"Una mera curiosidad &#8211; PRODUCCIONES MAESTRAS"},"content":{"rendered":"<div class=\"fusion-fullwidth fullwidth-box fusion-builder-row-1 fusion-flex-container nonhundred-percent-fullwidth non-hundred-percent-height-scrolling\" style=\"--awb-border-radius-top-left:0px;--awb-border-radius-top-right:0px;--awb-border-radius-bottom-right:0px;--awb-border-radius-bottom-left:0px;--awb-flex-wrap:wrap;\" ><div class=\"fusion-builder-row fusion-row fusion-flex-align-items-flex-start fusion-flex-content-wrap\" style=\"max-width:1216.8px;margin-left: calc(-4% \/ 2 );margin-right: calc(-4% \/ 2 );\"><div class=\"fusion-layout-column fusion_builder_column fusion-builder-column-0 fusion_builder_column_1_1 1_1 fusion-flex-column\" style=\"--awb-bg-size:cover;--awb-width-large:100%;--awb-margin-top-large:0px;--awb-spacing-right-large:1.92%;--awb-margin-bottom-large:0px;--awb-spacing-left-large:1.92%;--awb-width-medium:100%;--awb-spacing-right-medium:1.92%;--awb-spacing-left-medium:1.92%;--awb-width-small:100%;--awb-spacing-right-small:1.92%;--awb-spacing-left-small:1.92%;\"><div class=\"fusion-column-wrapper fusion-column-has-shadow fusion-flex-justify-content-flex-start fusion-content-layout-column\"><div class=\"fusion-text fusion-text-1\"><h3 style=\"text-align: center;\">PRODUCCIONES MAESTRAS<\/h3>\n<\/div><div class=\"fusion-text fusion-text-2\"><h4 style=\"text-align: center;\">Una mera curiosidad<\/h4>\n<\/div><div class=\"fusion-separator fusion-full-width-sep\" style=\"align-self: center;margin-left: auto;margin-right: auto;margin-top:15px;margin-bottom:15px;width:100%;\"><div class=\"fusion-separator-border sep-single sep-solid\" style=\"--awb-height:20px;--awb-amount:20px;border-color:#e0dede;border-top-width:1px;\"><\/div><\/div><\/div><\/div><div class=\"fusion-layout-column fusion_builder_column fusion-builder-column-1 fusion_builder_column_1_2 1_2 fusion-flex-column\" style=\"--awb-padding-top:30px;--awb-padding-right:30px;--awb-padding-bottom:30px;--awb-padding-left:30px;--awb-bg-color:#eaeaea;--awb-bg-color-hover:#eaeaea;--awb-bg-size:cover;--awb-width-large:50%;--awb-margin-top-large:0px;--awb-spacing-right-large:3.84%;--awb-margin-bottom-large:0px;--awb-spacing-left-large:3.84%;--awb-width-medium:100%;--awb-spacing-right-medium:1.92%;--awb-spacing-left-medium:1.92%;--awb-width-small:100%;--awb-spacing-right-small:1.92%;--awb-spacing-left-small:1.92%;\"><div class=\"fusion-column-wrapper fusion-column-has-shadow fusion-flex-justify-content-flex-start fusion-content-layout-column\"><div class=\"fusion-text fusion-text-3\"><p><strong>D\u00eda:<\/strong> Mi\u00e9rcoles 27<br \/>\n<strong>Hora:<\/strong> 19:00h<br \/>\n<strong>Lugar: <\/strong><a href=\"https:\/\/goo.gl\/maps\/ecw5Nky6n79U5CDi7\" target=\"_blank\" rel=\"noopener\">TEATRO NUEVO \u00abFERNANDO ARRABAL\u00bb<\/a><br \/>\n<strong>Edad recomendada:<\/strong> P\u00fablico joven y adulto<br \/>\n<strong>Duraci\u00f3n:<\/strong> 75 min.<\/p>\n<h4>DATOS DE CONTACTO:<\/h4>\n<p><strong>Persona de contacto:<\/strong> Iratxe Jim\u00e9nez<\/p>\n<p><strong>Tel\u00e9fono:<\/strong> <a href=\"tel:650263756\">650 263 756<\/a><\/p>\n<p><strong>Direcci\u00f3n Postal:<\/strong> J\u00fapiter 10, 37184<\/p>\n<p><strong>Email:<\/strong> <a href=\"mailto:info@travesiasculturales.es\">info@travesiasculturales.es<\/a><\/p>\n<p><strong>P\u00e1gina web:<\/strong> <a href=\"http:\/\/www.travesiasculturales.es\" target=\"_blank\" rel=\"noopener\">www.travesiasculturales.es<\/a><\/p>\n<\/div><\/div><\/div><div class=\"fusion-layout-column fusion_builder_column fusion-builder-column-2 fusion_builder_column_1_2 1_2 fusion-flex-column\" style=\"--awb-bg-color:#ffffff;--awb-bg-color-hover:#ffffff;--awb-bg-size:cover;--awb-width-large:50%;--awb-margin-top-large:0px;--awb-spacing-right-large:3.84%;--awb-margin-bottom-large:0px;--awb-spacing-left-large:3.84%;--awb-width-medium:100%;--awb-spacing-right-medium:1.92%;--awb-spacing-left-medium:1.92%;--awb-width-small:100%;--awb-spacing-right-small:1.92%;--awb-spacing-left-small:1.92%;\"><div class=\"fusion-column-wrapper fusion-column-has-shadow fusion-flex-justify-content-flex-start fusion-content-layout-column\"><div class=\"fusion-image-element \" style=\"--awb-caption-title-font-family:var(--h2_typography-font-family);--awb-caption-title-font-weight:var(--h2_typography-font-weight);--awb-caption-title-font-style:var(--h2_typography-font-style);--awb-caption-title-size:var(--h2_typography-font-size);--awb-caption-title-transform:var(--h2_typography-text-transform);--awb-caption-title-line-height:var(--h2_typography-line-height);--awb-caption-title-letter-spacing:var(--h2_typography-letter-spacing);\"><span class=\" fusion-imageframe imageframe-dropshadow imageframe-1 hover-type-zoomin\" style=\"border:3px solid #c2a891;-webkit-box-shadow: 4px 4px 8px rgba(0,0,0,0.3);box-shadow: 4px 4px 8px rgba(0,0,0,0.3);\"><img decoding=\"async\" width=\"600\" height=\"600\" title=\"prod-maestras\" src=\"https:\/\/feriadeteatro.com\/feria2026\/wp-content\/uploads\/2025\/07\/prod-maestras.jpg\" alt class=\"img-responsive wp-image-11913\" srcset=\"https:\/\/feriadeteatro.com\/feria2026\/wp-content\/uploads\/2025\/07\/prod-maestras-200x200.jpg 200w, https:\/\/feriadeteatro.com\/feria2026\/wp-content\/uploads\/2025\/07\/prod-maestras-400x400.jpg 400w, https:\/\/feriadeteatro.com\/feria2026\/wp-content\/uploads\/2025\/07\/prod-maestras.jpg 600w\" sizes=\"(max-width: 1024px) 100vw, (max-width: 640px) 100vw, 600px\" \/><\/span><\/div><\/div><\/div><div class=\"fusion-layout-column fusion_builder_column fusion-builder-column-3 fusion_builder_column_1_1 1_1 fusion-flex-column\" style=\"--awb-padding-top:30px;--awb-padding-right:30px;--awb-padding-bottom:30px;--awb-padding-left:30px;--awb-bg-color:#ffffff;--awb-bg-color-hover:#ffffff;--awb-bg-size:cover;--awb-width-large:100%;--awb-margin-top-large:0px;--awb-spacing-right-large:1.92%;--awb-margin-bottom-large:0px;--awb-spacing-left-large:1.92%;--awb-width-medium:100%;--awb-spacing-right-medium:1.92%;--awb-spacing-left-medium:1.92%;--awb-width-small:100%;--awb-spacing-right-small:1.92%;--awb-spacing-left-small:1.92%;\"><div class=\"fusion-column-wrapper fusion-column-has-shadow fusion-flex-justify-content-flex-start fusion-content-layout-column\"><div class=\"fusion-text fusion-text-4\"><h4>SINOPSIS:<\/h4>\n<p style=\"text-align: justify;\">Artemisia Gentileschi, pintora barroca italiana, hoy ha decidido salirse de su marco y abandonar las dos dimensiones para venir a contarnos algo. No tiene muy claro el porqu\u00e9, pero no pod\u00eda permanecer impasible ante el acontecer de los tiempos. Tal vez nosotros le podamos ayudar a resolver esa inquietud que le reconcome por dentro\u2026 <em>Una mera curiosidad<\/em> es una obra de teatro, una comedia que se sirve del arte para abordar temas profundamente actuales y humanos. De la mano de una pintora reconocida, y muchos a\u00f1os olvidada, realizaremos un divertido y emocionante recorrido por su vida y obra, sin perder de vista un presente que, sinceramente, le preocupa. Con <em>Una mera curiosidad<\/em> volvemos, como compa\u00f1\u00eda, a trabajar con una artista relegada al silencio por la historia pero que, por derecho propio, vuelve a situarse como protagonista de una historia tan real como fant\u00e1stica, tan divertida como necesaria.<\/p>\n<\/div><\/div><\/div><div class=\"fusion-layout-column fusion_builder_column fusion-builder-column-4 fusion_builder_column_1_2 1_2 fusion-flex-column\" style=\"--awb-padding-top:30px;--awb-bg-size:cover;--awb-width-large:50%;--awb-margin-top-large:0px;--awb-spacing-right-large:3.84%;--awb-margin-bottom-large:0px;--awb-spacing-left-large:3.84%;--awb-width-medium:100%;--awb-spacing-right-medium:1.92%;--awb-spacing-left-medium:1.92%;--awb-width-small:100%;--awb-spacing-right-small:1.92%;--awb-spacing-left-small:1.92%;\"><div class=\"fusion-column-wrapper fusion-column-has-shadow fusion-flex-justify-content-flex-start fusion-content-layout-column\"><div class=\"fusion-video fusion-youtube\" style=\"--awb-max-width:600px;--awb-max-height:360px;\"><div class=\"video-shortcode\"><div class=\"fluid-width-video-wrapper\" style=\"padding-top:60%;\" ><iframe title=\"YouTube video player 1\" src=\"https:\/\/www.youtube.com\/embed\/9VpdO8yh_CU?wmode=transparent&autoplay=0\" width=\"600\" height=\"360\" allowfullscreen allow=\"autoplay; fullscreen\"><\/iframe><\/div><\/div><\/div><\/div><\/div><div class=\"fusion-layout-column fusion_builder_column fusion-builder-column-5 fusion_builder_column_1_2 1_2 fusion-flex-column\" style=\"--awb-bg-size:cover;--awb-width-large:50%;--awb-margin-top-large:0px;--awb-spacing-right-large:3.84%;--awb-margin-bottom-large:0px;--awb-spacing-left-large:3.84%;--awb-width-medium:100%;--awb-spacing-right-medium:1.92%;--awb-spacing-left-medium:1.92%;--awb-width-small:100%;--awb-spacing-right-small:1.92%;--awb-spacing-left-small:1.92%;\"><div class=\"fusion-column-wrapper fusion-column-has-shadow fusion-flex-justify-content-flex-start fusion-content-layout-column\"><div class=\"fusion-text fusion-text-5\"><h4>FICHA ART\u00cdSTICA<\/h4>\n<p><strong>Dramaturgia y direcci\u00f3n:<\/strong> Ana Maestroju\u00e1n<\/p>\n<p><strong>Elenco:<\/strong> Mar\u00eda \u00c1lvarez, \u00c1ngel Garc\u00eda Moneo, Patxi Larrea<\/p>\n<p><strong>Dise\u00f1o de vestuario:<\/strong> Edurne Ib\u00e1\u00f1ez<\/p>\n<p><strong>Dise\u00f1o de iluminaci\u00f3n:<\/strong> David Bernu\u00e9s<\/p>\n<p><strong>Dise\u00f1o audiovisual:<\/strong> Acr\u00f3nica<\/p>\n<p><strong>Composici\u00f3n musical y espacio sonoro:<\/strong> Gorka Pastor<\/p>\n<p><strong>Dise\u00f1o de escenograf\u00eda:<\/strong> Producciones Maestras<\/p>\n<p><strong>Construcci\u00f3n escenograf\u00eda:<\/strong> Ra\u00fal Arraiza<\/p>\n<p><strong>Maquillaje y posticer\u00eda:<\/strong> Amaia Mendo<\/p>\n<p><strong>Utiler\u00eda:<\/strong> Zenzerro<\/p>\n<p><strong>Dise\u00f1o gr\u00e1fico:<\/strong> El Colectivo<\/p>\n<p><strong>Fotograf\u00eda:<\/strong> David M\u00fa\u00f1iz y Mikel Legaristi<\/p>\n<p><strong>Direcci\u00f3n de producci\u00f3n:<\/strong> \u00c1ngel Garc\u00eda Moneo<\/p>\n<p><strong>Ayudante de producci\u00f3n:<\/strong> Ana Drouve<\/p>\n<p><strong>Colaboraci\u00f3n especial:<\/strong> Raquel Andueza<\/p>\n<\/div><\/div><\/div><div class=\"fusion-layout-column fusion_builder_column fusion-builder-column-6 fusion_builder_column_1_1 1_1 fusion-flex-column\" style=\"--awb-bg-size:cover;--awb-width-large:100%;--awb-margin-top-large:0px;--awb-spacing-right-large:1.92%;--awb-margin-bottom-large:0px;--awb-spacing-left-large:1.92%;--awb-width-medium:100%;--awb-spacing-right-medium:1.92%;--awb-spacing-left-medium:1.92%;--awb-width-small:100%;--awb-spacing-right-small:1.92%;--awb-spacing-left-small:1.92%;\"><div class=\"fusion-column-wrapper fusion-column-has-shadow fusion-flex-justify-content-flex-start fusion-content-layout-column\"><div class=\"fusion-text fusion-text-6\"><h5><a href=\"https:\/\/feriadeteatro.es\/feria2025\/cuadrante-programacion-2025.htm\">[volver al cuadrante de programaci\u00f3n]<\/a><\/h5>\n<\/div><\/div><\/div><\/div><\/div>\n","protected":false},"excerpt":{"rendered":"","protected":false},"author":1,"featured_media":0,"parent":0,"menu_order":0,"comment_status":"closed","ping_status":"closed","template":"","meta":{"footnotes":""},"class_list":["post-11922","page","type-page","status-publish","hentry"],"_links":{"self":[{"href":"https:\/\/feriadeteatro.com\/feria2026\/wp-json\/wp\/v2\/pages\/11922","targetHints":{"allow":["GET"]}}],"collection":[{"href":"https:\/\/feriadeteatro.com\/feria2026\/wp-json\/wp\/v2\/pages"}],"about":[{"href":"https:\/\/feriadeteatro.com\/feria2026\/wp-json\/wp\/v2\/types\/page"}],"author":[{"embeddable":true,"href":"https:\/\/feriadeteatro.com\/feria2026\/wp-json\/wp\/v2\/users\/1"}],"replies":[{"embeddable":true,"href":"https:\/\/feriadeteatro.com\/feria2026\/wp-json\/wp\/v2\/comments?post=11922"}],"version-history":[{"count":4,"href":"https:\/\/feriadeteatro.com\/feria2026\/wp-json\/wp\/v2\/pages\/11922\/revisions"}],"predecessor-version":[{"id":12238,"href":"https:\/\/feriadeteatro.com\/feria2026\/wp-json\/wp\/v2\/pages\/11922\/revisions\/12238"}],"wp:attachment":[{"href":"https:\/\/feriadeteatro.com\/feria2026\/wp-json\/wp\/v2\/media?parent=11922"}],"curies":[{"name":"wp","href":"https:\/\/api.w.org\/{rel}","templated":true}]}}