{"id":11949,"date":"2025-07-08T21:49:20","date_gmt":"2025-07-08T20:49:20","guid":{"rendered":"https:\/\/feriadeteatro.com\/feria2026\/?page_id=11949"},"modified":"2025-07-30T10:21:23","modified_gmt":"2025-07-30T09:21:23","slug":"cid-the-de-clown-bambalua-teatro","status":"publish","type":"page","link":"https:\/\/feriadeteatro.com\/feria2026\/cid-the-de-clown-bambalua-teatro\/","title":{"rendered":"Cid the de clown &#8211; BAMBAL\u00daA TEATRO"},"content":{"rendered":"<div class=\"fusion-fullwidth fullwidth-box fusion-builder-row-1 fusion-flex-container nonhundred-percent-fullwidth non-hundred-percent-height-scrolling\" style=\"--awb-border-radius-top-left:0px;--awb-border-radius-top-right:0px;--awb-border-radius-bottom-right:0px;--awb-border-radius-bottom-left:0px;--awb-flex-wrap:wrap;\" ><div class=\"fusion-builder-row fusion-row fusion-flex-align-items-flex-start fusion-flex-content-wrap\" style=\"max-width:1216.8px;margin-left: calc(-4% \/ 2 );margin-right: calc(-4% \/ 2 );\"><div class=\"fusion-layout-column fusion_builder_column fusion-builder-column-0 fusion_builder_column_1_1 1_1 fusion-flex-column\" style=\"--awb-bg-size:cover;--awb-width-large:100%;--awb-margin-top-large:0px;--awb-spacing-right-large:1.92%;--awb-margin-bottom-large:0px;--awb-spacing-left-large:1.92%;--awb-width-medium:100%;--awb-spacing-right-medium:1.92%;--awb-spacing-left-medium:1.92%;--awb-width-small:100%;--awb-spacing-right-small:1.92%;--awb-spacing-left-small:1.92%;\"><div class=\"fusion-column-wrapper fusion-column-has-shadow fusion-flex-justify-content-flex-start fusion-content-layout-column\"><div class=\"fusion-text fusion-text-1\"><h3 style=\"text-align: center;\">BAMBAL\u00daA TEATRO<\/h3>\n<\/div><div class=\"fusion-text fusion-text-2\"><h4 style=\"text-align: center;\">Cid <del>the<\/del> de clown<\/h4>\n<\/div><div class=\"fusion-separator fusion-full-width-sep\" style=\"align-self: center;margin-left: auto;margin-right: auto;margin-top:15px;margin-bottom:15px;width:100%;\"><div class=\"fusion-separator-border sep-single sep-solid\" style=\"--awb-height:20px;--awb-amount:20px;border-color:#e0dede;border-top-width:1px;\"><\/div><\/div><\/div><\/div><div class=\"fusion-layout-column fusion_builder_column fusion-builder-column-1 fusion_builder_column_1_2 1_2 fusion-flex-column\" style=\"--awb-padding-top:30px;--awb-padding-right:30px;--awb-padding-bottom:30px;--awb-padding-left:30px;--awb-bg-color:#eaeaea;--awb-bg-color-hover:#eaeaea;--awb-bg-size:cover;--awb-width-large:50%;--awb-margin-top-large:0px;--awb-spacing-right-large:3.84%;--awb-margin-bottom-large:0px;--awb-spacing-left-large:3.84%;--awb-width-medium:100%;--awb-spacing-right-medium:1.92%;--awb-spacing-left-medium:1.92%;--awb-width-small:100%;--awb-spacing-right-small:1.92%;--awb-spacing-left-small:1.92%;\"><div class=\"fusion-column-wrapper fusion-column-has-shadow fusion-flex-justify-content-flex-start fusion-content-layout-column\"><div class=\"fusion-text fusion-text-3\"><p><strong>D\u00eda:<\/strong> S\u00e1bado 30<br \/>\n<strong>Hora:<\/strong> 11:00h<br \/>\n<strong>Lugar: <\/strong><a href=\"https:\/\/goo.gl\/maps\/ecw5Nky6n79U5CDi7\" target=\"_blank\" rel=\"noopener\">TEATRO NUEVO \u00abFERNANDO ARRABAL\u00bb<\/a><br \/>\n<strong>Edad recomendada:<\/strong> A partir de 8 a\u00f1os<br \/>\n<strong>Duraci\u00f3n:<\/strong> 60 min.<\/p>\n<p style=\"text-align: left;\"><strong><span style=\"color: #c2a891;\">ESTRENO ABSOLUTO<\/span><\/strong><\/p>\n<h4>DATOS DE CONTACTO:<\/h4>\n<p><strong>Persona de contacto:<\/strong> Cristina Salces Alonso<\/p>\n<p><strong>Tel\u00e9fono:<\/strong> <a href=\"tel:617055888\">617055888<\/a><\/p>\n<p><strong>Direcci\u00f3n Postal:<\/strong> 09002<\/p>\n<p><strong>Email:<\/strong> <a href=\"mailto:bambalua@bambaluateatro.com\">bambalua@bambaluateatro.com<\/a><\/p>\n<p><strong>Web:<\/strong> <a href=\"http:\/\/www.bambaluateatro.com\" target=\"_blank\" rel=\"noopener\">www.bambaluateatro.com<\/a><\/p>\n<\/div><\/div><\/div><div class=\"fusion-layout-column fusion_builder_column fusion-builder-column-2 fusion_builder_column_1_2 1_2 fusion-flex-column\" style=\"--awb-bg-color:#ffffff;--awb-bg-color-hover:#ffffff;--awb-bg-size:cover;--awb-width-large:50%;--awb-margin-top-large:0px;--awb-spacing-right-large:3.84%;--awb-margin-bottom-large:0px;--awb-spacing-left-large:3.84%;--awb-width-medium:100%;--awb-spacing-right-medium:1.92%;--awb-spacing-left-medium:1.92%;--awb-width-small:100%;--awb-spacing-right-small:1.92%;--awb-spacing-left-small:1.92%;\"><div class=\"fusion-column-wrapper fusion-column-has-shadow fusion-flex-justify-content-flex-start fusion-content-layout-column\"><div class=\"fusion-image-element \" style=\"--awb-caption-title-font-family:var(--h2_typography-font-family);--awb-caption-title-font-weight:var(--h2_typography-font-weight);--awb-caption-title-font-style:var(--h2_typography-font-style);--awb-caption-title-size:var(--h2_typography-font-size);--awb-caption-title-transform:var(--h2_typography-text-transform);--awb-caption-title-line-height:var(--h2_typography-line-height);--awb-caption-title-letter-spacing:var(--h2_typography-letter-spacing);\"><span class=\" fusion-imageframe imageframe-dropshadow imageframe-1 hover-type-zoomin\" style=\"border:3px solid #c2a891;-webkit-box-shadow: 4px 4px 8px rgba(0,0,0,0.3);box-shadow: 4px 4px 8px rgba(0,0,0,0.3);\"><img decoding=\"async\" width=\"600\" height=\"600\" title=\"bambalua\" src=\"https:\/\/feriadeteatro.com\/feria2026\/wp-content\/uploads\/2025\/07\/bambalua.jpg\" alt class=\"img-responsive wp-image-11909\" srcset=\"https:\/\/feriadeteatro.com\/feria2026\/wp-content\/uploads\/2025\/07\/bambalua-200x200.jpg 200w, https:\/\/feriadeteatro.com\/feria2026\/wp-content\/uploads\/2025\/07\/bambalua-400x400.jpg 400w, https:\/\/feriadeteatro.com\/feria2026\/wp-content\/uploads\/2025\/07\/bambalua.jpg 600w\" sizes=\"(max-width: 1024px) 100vw, (max-width: 640px) 100vw, 600px\" \/><\/span><\/div><\/div><\/div><div class=\"fusion-layout-column fusion_builder_column fusion-builder-column-3 fusion_builder_column_1_1 1_1 fusion-flex-column\" style=\"--awb-padding-top:30px;--awb-padding-right:30px;--awb-padding-bottom:30px;--awb-padding-left:30px;--awb-bg-color:#ffffff;--awb-bg-color-hover:#ffffff;--awb-bg-size:cover;--awb-width-large:100%;--awb-margin-top-large:0px;--awb-spacing-right-large:1.92%;--awb-margin-bottom-large:0px;--awb-spacing-left-large:1.92%;--awb-width-medium:100%;--awb-spacing-right-medium:1.92%;--awb-spacing-left-medium:1.92%;--awb-width-small:100%;--awb-spacing-right-small:1.92%;--awb-spacing-left-small:1.92%;\"><div class=\"fusion-column-wrapper fusion-column-has-shadow fusion-flex-justify-content-flex-start fusion-content-layout-column\"><div class=\"fusion-text fusion-text-4\"><h4>SINOPSIS:<\/h4>\n<p style=\"text-align: justify;\"><em>Cid <del>the<\/del> de clown<\/em> acerca al espectador la persona de rodrigo D\u00edaz de Vivar, el Cid, desde la comicidad del clown, contraponiendo la figura hist\u00f3rica del h\u00e9roe castellano con la leyenda \u00e9pica que consolid\u00f3 su cantar, abordando episodios reales y m\u00edticos- la jura de Santa Gadea, el destierro, la toma de Valencia. Tres personajes con la ayudad el p\u00fablico, intervienen en la obra: nuestro h\u00e9roe castellano, el Cid, secundado por Aspavientos- el autor de su Cantar- y de su enigm\u00e1tica criada Ortigosa. Una obra de clown cl\u00e1sico, con una escenograf\u00eda modular y transformable, canciones, participaci\u00f3n del p\u00fablico, dirigida a todas las edades y espectadores.<\/p>\n<\/div><\/div><\/div><div class=\"fusion-layout-column fusion_builder_column fusion-builder-column-4 fusion_builder_column_1_2 1_2 fusion-flex-column\" style=\"--awb-padding-top:30px;--awb-bg-size:cover;--awb-width-large:50%;--awb-margin-top-large:0px;--awb-spacing-right-large:3.84%;--awb-margin-bottom-large:0px;--awb-spacing-left-large:3.84%;--awb-width-medium:100%;--awb-spacing-right-medium:1.92%;--awb-spacing-left-medium:1.92%;--awb-width-small:100%;--awb-spacing-right-small:1.92%;--awb-spacing-left-small:1.92%;\"><div class=\"fusion-column-wrapper fusion-column-has-shadow fusion-flex-justify-content-flex-start fusion-content-layout-column\"><div class=\"fusion-video fusion-youtube\" style=\"--awb-max-width:600px;--awb-max-height:360px;\"><div class=\"video-shortcode\"><div class=\"fluid-width-video-wrapper\" style=\"padding-top:60%;\" ><iframe title=\"YouTube video player 1\" src=\"https:\/\/www.youtube.com\/embed\/i4aSCIiTBtA?wmode=transparent&autoplay=0\" width=\"600\" height=\"360\" allowfullscreen allow=\"autoplay; fullscreen\"><\/iframe><\/div><\/div><\/div><\/div><\/div><div class=\"fusion-layout-column fusion_builder_column fusion-builder-column-5 fusion_builder_column_1_2 1_2 fusion-flex-column\" style=\"--awb-bg-size:cover;--awb-width-large:50%;--awb-margin-top-large:0px;--awb-spacing-right-large:3.84%;--awb-margin-bottom-large:0px;--awb-spacing-left-large:3.84%;--awb-width-medium:100%;--awb-spacing-right-medium:1.92%;--awb-spacing-left-medium:1.92%;--awb-width-small:100%;--awb-spacing-right-small:1.92%;--awb-spacing-left-small:1.92%;\"><div class=\"fusion-column-wrapper fusion-column-has-shadow fusion-flex-justify-content-flex-start fusion-content-layout-column\"><div class=\"fusion-text fusion-text-5\"><h4>FICHA ART\u00cdSTICA<\/h4>\n<p><strong>INT\u00c9RPRETES:<\/strong> ALEJANDRO BRITOS, ALFONSO MAT\u00cdA, CRISTINA SALCES<\/p>\n<p><strong>DRAMATURGIA Y DIRECCI\u00d3N:<\/strong> ALEJANDRO BRITOS<\/p>\n<p><strong>ESCENOGRAF\u00cdA:<\/strong> ALEJANDRO BRITOS Y RICARDO VERGNE<\/p>\n<p><strong>VESTUARIO:<\/strong> CONCHA VALC\u00c1RCEL Y FRANCISCO DE BENITO (CO AND CO)<\/p>\n<p><strong>CREACCI\u00d3N MUSICAL:<\/strong> ALFONSO MAT\u00cdA<\/p>\n<p><strong>T\u00c9CNICO DE ILUMINACI\u00d3N:<\/strong> JOSE ANTONIO PEREDA (BIXVY)<\/p>\n<p><strong>REPORTAJE FOTOGR\u00c1FICO:<\/strong> MIGUEL ANGEL VALDIVIELSO<\/p>\n<p><strong>V\u00cdDEO Y TEASER:<\/strong> SA\u00daL GONZ\u00c1LEZ (DAMNATION FILMS)<\/p>\n<p><strong>PRODUCCI\u00d3N:<\/strong> BAMBAL\u00daA TEATRO<\/p>\n<p><strong>DISTRIBUCI\u00d3N:<\/strong> CRISTINA SALCES<\/p>\n<p><strong>MMCC y RRSS:<\/strong> ALFONSO MAT\u00cdA<\/p>\n<\/div><\/div><\/div><div class=\"fusion-layout-column fusion_builder_column fusion-builder-column-6 fusion_builder_column_1_1 1_1 fusion-flex-column\" style=\"--awb-bg-size:cover;--awb-width-large:100%;--awb-margin-top-large:0px;--awb-spacing-right-large:1.92%;--awb-margin-bottom-large:0px;--awb-spacing-left-large:1.92%;--awb-width-medium:100%;--awb-spacing-right-medium:1.92%;--awb-spacing-left-medium:1.92%;--awb-width-small:100%;--awb-spacing-right-small:1.92%;--awb-spacing-left-small:1.92%;\"><div class=\"fusion-column-wrapper fusion-column-has-shadow fusion-flex-justify-content-flex-start fusion-content-layout-column\"><div class=\"fusion-text fusion-text-6\"><h5><a href=\"https:\/\/feriadeteatro.es\/feria2025\/cuadrante-programacion-2025.htm\">[volver al cuadrante de programaci\u00f3n]<\/a><\/h5>\n<\/div><\/div><\/div><\/div><\/div>\n","protected":false},"excerpt":{"rendered":"","protected":false},"author":1,"featured_media":0,"parent":0,"menu_order":0,"comment_status":"closed","ping_status":"closed","template":"","meta":{"footnotes":""},"class_list":["post-11949","page","type-page","status-publish","hentry"],"_links":{"self":[{"href":"https:\/\/feriadeteatro.com\/feria2026\/wp-json\/wp\/v2\/pages\/11949","targetHints":{"allow":["GET"]}}],"collection":[{"href":"https:\/\/feriadeteatro.com\/feria2026\/wp-json\/wp\/v2\/pages"}],"about":[{"href":"https:\/\/feriadeteatro.com\/feria2026\/wp-json\/wp\/v2\/types\/page"}],"author":[{"embeddable":true,"href":"https:\/\/feriadeteatro.com\/feria2026\/wp-json\/wp\/v2\/users\/1"}],"replies":[{"embeddable":true,"href":"https:\/\/feriadeteatro.com\/feria2026\/wp-json\/wp\/v2\/comments?post=11949"}],"version-history":[{"count":4,"href":"https:\/\/feriadeteatro.com\/feria2026\/wp-json\/wp\/v2\/pages\/11949\/revisions"}],"predecessor-version":[{"id":12259,"href":"https:\/\/feriadeteatro.com\/feria2026\/wp-json\/wp\/v2\/pages\/11949\/revisions\/12259"}],"wp:attachment":[{"href":"https:\/\/feriadeteatro.com\/feria2026\/wp-json\/wp\/v2\/media?parent=11949"}],"curies":[{"name":"wp","href":"https:\/\/api.w.org\/{rel}","templated":true}]}}