{"id":12005,"date":"2025-07-09T17:05:13","date_gmt":"2025-07-09T16:05:13","guid":{"rendered":"https:\/\/feriadeteatro.com\/feria2026\/?page_id=12005"},"modified":"2025-07-30T10:07:52","modified_gmt":"2025-07-30T09:07:52","slug":"aqui-duermen-ciervos-arawake","status":"publish","type":"page","link":"https:\/\/feriadeteatro.com\/feria2026\/aqui-duermen-ciervos-arawake\/","title":{"rendered":"Aqu\u00ed duermen ciervos &#8211; ARAWAKE"},"content":{"rendered":"<div class=\"fusion-fullwidth fullwidth-box fusion-builder-row-1 fusion-flex-container nonhundred-percent-fullwidth non-hundred-percent-height-scrolling\" style=\"--awb-border-radius-top-left:0px;--awb-border-radius-top-right:0px;--awb-border-radius-bottom-right:0px;--awb-border-radius-bottom-left:0px;--awb-flex-wrap:wrap;\" ><div class=\"fusion-builder-row fusion-row fusion-flex-align-items-flex-start fusion-flex-content-wrap\" style=\"max-width:1216.8px;margin-left: calc(-4% \/ 2 );margin-right: calc(-4% \/ 2 );\"><div class=\"fusion-layout-column fusion_builder_column fusion-builder-column-0 fusion_builder_column_1_1 1_1 fusion-flex-column\" style=\"--awb-bg-size:cover;--awb-width-large:100%;--awb-margin-top-large:0px;--awb-spacing-right-large:1.92%;--awb-margin-bottom-large:0px;--awb-spacing-left-large:1.92%;--awb-width-medium:100%;--awb-spacing-right-medium:1.92%;--awb-spacing-left-medium:1.92%;--awb-width-small:100%;--awb-spacing-right-small:1.92%;--awb-spacing-left-small:1.92%;\"><div class=\"fusion-column-wrapper fusion-column-has-shadow fusion-flex-justify-content-flex-start fusion-content-layout-column\"><div class=\"fusion-text fusion-text-1\"><h3 style=\"text-align: center;\">ARAWAKE<\/h3>\n<\/div><div class=\"fusion-text fusion-text-2\"><h4 style=\"text-align: center;\">Aqu\u00ed duermen ciervos<\/h4>\n<\/div><div class=\"fusion-separator fusion-full-width-sep\" style=\"align-self: center;margin-left: auto;margin-right: auto;margin-top:15px;margin-bottom:15px;width:100%;\"><div class=\"fusion-separator-border sep-single sep-solid\" style=\"--awb-height:20px;--awb-amount:20px;border-color:#e0dede;border-top-width:1px;\"><\/div><\/div><\/div><\/div><div class=\"fusion-layout-column fusion_builder_column fusion-builder-column-1 fusion_builder_column_1_2 1_2 fusion-flex-column\" style=\"--awb-padding-top:30px;--awb-padding-right:30px;--awb-padding-bottom:30px;--awb-padding-left:30px;--awb-bg-color:#eaeaea;--awb-bg-color-hover:#eaeaea;--awb-bg-size:cover;--awb-width-large:50%;--awb-margin-top-large:0px;--awb-spacing-right-large:3.84%;--awb-margin-bottom-large:0px;--awb-spacing-left-large:3.84%;--awb-width-medium:100%;--awb-spacing-right-medium:1.92%;--awb-spacing-left-medium:1.92%;--awb-width-small:100%;--awb-spacing-right-small:1.92%;--awb-spacing-left-small:1.92%;\"><div class=\"fusion-column-wrapper fusion-column-has-shadow fusion-flex-justify-content-flex-start fusion-content-layout-column\"><div class=\"fusion-text fusion-text-3\"><p><strong>D\u00eda:<\/strong> Jueves 28<br \/>\n<strong>Hora:<\/strong> 12:30h y 17:00h<br \/>\n<strong>Lugar: <\/strong><a href=\"https:\/\/goo.gl\/maps\/y1WXsmh6JgZB1PVx6\" target=\"_blank\" rel=\"noopener\">SALA TIERRA<\/a><br \/>\n<strong>Edad recomendada:<\/strong> P\u00fablico joven y adulto<br \/>\n<strong>Duraci\u00f3n:<\/strong> 65 min.<\/p>\n<p><strong><span style=\"color: #c2a891;\">ESTRENO ABSOLUTO<\/span><\/strong><\/p>\n<h4>DATOS DE CONTACTO:<\/h4>\n<p><strong>Persona de contacto:<\/strong> Rosa Iglesias<\/p>\n<p><strong>Tel\u00e9fono: <\/strong><a href=\"tel:678091880\" target=\"_blank\" rel=\"noopener\">678 09 18 80<\/a><\/p>\n<p><strong>Direcci\u00f3n Postal:<\/strong> Centro de Creaci\u00f3n Esc\u00e9nica de Burgos LA PARRALA, Calle Infantas, 1 &#8211; 09001 Burgos<\/p>\n<p><strong>Email:<\/strong> <a href=\"mailto:rosa@laurentzi.com\" target=\"_blank\" rel=\"noopener\">rosa@laurentzi.com<\/a><\/p>\n<p><strong>Web:<\/strong> <a href=\"https:\/\/www.arawake.com\/\" target=\"_blank\" rel=\"noopener\">https:\/\/www.arawake.com\/<\/a><\/p>\n<\/div><\/div><\/div><div class=\"fusion-layout-column fusion_builder_column fusion-builder-column-2 fusion_builder_column_1_2 1_2 fusion-flex-column\" style=\"--awb-bg-color:#ffffff;--awb-bg-color-hover:#ffffff;--awb-bg-size:cover;--awb-width-large:50%;--awb-margin-top-large:0px;--awb-spacing-right-large:3.84%;--awb-margin-bottom-large:0px;--awb-spacing-left-large:3.84%;--awb-width-medium:100%;--awb-spacing-right-medium:1.92%;--awb-spacing-left-medium:1.92%;--awb-width-small:100%;--awb-spacing-right-small:1.92%;--awb-spacing-left-small:1.92%;\"><div class=\"fusion-column-wrapper fusion-column-has-shadow fusion-flex-justify-content-flex-start fusion-content-layout-column\"><div class=\"fusion-image-element \" style=\"--awb-caption-title-font-family:var(--h2_typography-font-family);--awb-caption-title-font-weight:var(--h2_typography-font-weight);--awb-caption-title-font-style:var(--h2_typography-font-style);--awb-caption-title-size:var(--h2_typography-font-size);--awb-caption-title-transform:var(--h2_typography-text-transform);--awb-caption-title-line-height:var(--h2_typography-line-height);--awb-caption-title-letter-spacing:var(--h2_typography-letter-spacing);\"><span class=\" fusion-imageframe imageframe-dropshadow imageframe-1 hover-type-zoomin\" style=\"border:3px solid #c2a891;-webkit-box-shadow: 4px 4px 8px rgba(0,0,0,0.3);box-shadow: 4px 4px 8px rgba(0,0,0,0.3);\"><img decoding=\"async\" width=\"600\" height=\"600\" title=\"arawake\" src=\"https:\/\/feriadeteatro.com\/feria2026\/wp-content\/uploads\/2025\/07\/arawake.jpg\" alt class=\"img-responsive wp-image-11994\" srcset=\"https:\/\/feriadeteatro.com\/feria2026\/wp-content\/uploads\/2025\/07\/arawake-200x200.jpg 200w, https:\/\/feriadeteatro.com\/feria2026\/wp-content\/uploads\/2025\/07\/arawake-400x400.jpg 400w, https:\/\/feriadeteatro.com\/feria2026\/wp-content\/uploads\/2025\/07\/arawake.jpg 600w\" sizes=\"(max-width: 1024px) 100vw, (max-width: 640px) 100vw, 600px\" \/><\/span><\/div><\/div><\/div><div class=\"fusion-layout-column fusion_builder_column fusion-builder-column-3 fusion_builder_column_1_1 1_1 fusion-flex-column\" style=\"--awb-padding-top:30px;--awb-padding-right:30px;--awb-padding-bottom:30px;--awb-padding-left:30px;--awb-bg-color:#ffffff;--awb-bg-color-hover:#ffffff;--awb-bg-size:cover;--awb-width-large:100%;--awb-margin-top-large:0px;--awb-spacing-right-large:1.92%;--awb-margin-bottom-large:0px;--awb-spacing-left-large:1.92%;--awb-width-medium:100%;--awb-spacing-right-medium:1.92%;--awb-spacing-left-medium:1.92%;--awb-width-small:100%;--awb-spacing-right-small:1.92%;--awb-spacing-left-small:1.92%;\"><div class=\"fusion-column-wrapper fusion-column-has-shadow fusion-flex-justify-content-flex-start fusion-content-layout-column\"><div class=\"fusion-text fusion-text-4\"><h4>SINOPSIS:<\/h4>\n<p style=\"text-align: justify;\">Un ni\u00f1o europeo intenta entender la crisis migratoria actual en Europa con la informaci\u00f3n que recibe desde los medios de comunicaci\u00f3n y las conversaciones con su padre. Sue\u00f1a o imagina a tres refugiados que huyen de la guerra y se encuentran a bordo de un barco que est\u00e1 inm\u00f3vil en el mar, a unos metros del puerto, mientras esperan a que llegue, o no, el permiso para desembarcar. En paralelo las RRSS se manifiestan cual coro griego contempor\u00e1neo.<\/p>\n<p style=\"text-align: justify;\"><em>Aqu\u00ed duermen ciervos<\/em> a\u00fana diferentes puntos de vista y lenguajes para abordar la crisis pol\u00edtica y humanitaria de la inmigraci\u00f3n en Europa. En el verano de 2019, el Open Arms permaneci\u00f3 a la deriva frente a la costa de Lampedusa durante diecinueve d\u00edas. Partiendo de dicho suceso, esta obra ofrece una reflexi\u00f3n sobre el uso de las redes sociales, la educaci\u00f3n y el derecho a una vida digna. Y lo hace con voluntad po\u00e9tica.<\/p>\n<\/div><\/div><\/div><div class=\"fusion-layout-column fusion_builder_column fusion-builder-column-4 fusion_builder_column_1_2 1_2 fusion-flex-column\" style=\"--awb-padding-top:30px;--awb-bg-size:cover;--awb-width-large:50%;--awb-margin-top-large:0px;--awb-spacing-right-large:3.84%;--awb-margin-bottom-large:0px;--awb-spacing-left-large:3.84%;--awb-width-medium:100%;--awb-spacing-right-medium:1.92%;--awb-spacing-left-medium:1.92%;--awb-width-small:100%;--awb-spacing-right-small:1.92%;--awb-spacing-left-small:1.92%;\"><div class=\"fusion-column-wrapper fusion-column-has-shadow fusion-flex-justify-content-flex-start fusion-content-layout-column\"><\/div><\/div><div class=\"fusion-layout-column fusion_builder_column fusion-builder-column-5 fusion_builder_column_1_2 1_2 fusion-flex-column\" style=\"--awb-bg-size:cover;--awb-width-large:50%;--awb-margin-top-large:0px;--awb-spacing-right-large:3.84%;--awb-margin-bottom-large:0px;--awb-spacing-left-large:3.84%;--awb-width-medium:100%;--awb-spacing-right-medium:1.92%;--awb-spacing-left-medium:1.92%;--awb-width-small:100%;--awb-spacing-right-small:1.92%;--awb-spacing-left-small:1.92%;\"><div class=\"fusion-column-wrapper fusion-column-has-shadow fusion-flex-justify-content-flex-start fusion-content-layout-column\"><div class=\"fusion-text fusion-text-5\"><h4>FICHA ART\u00cdSTICA<\/h4>\n<p>Nieves Rodr\u00edguez Rodr\u00edguez &#8211; <strong>Texto original<\/strong><\/p>\n<p>Chus Guti\u00e9rrez &#8211; <strong>Interpretaci\u00f3n y animaci\u00f3n de t\u00edteres<\/strong><\/p>\n<p>F\u00e9lix Mu\u00f1iz &#8211; <strong>Interpretaci\u00f3n y animaci\u00f3n de t\u00edteres<\/strong><\/p>\n<p>Alberto O. Gonz\u00e1lez &#8211; <strong>T\u00e9cnico en gira y animaci\u00f3n de t\u00edteres<\/strong><\/p>\n<p>Jorge da Rocha &#8211; <strong>Direcci\u00f3n, interpretaci\u00f3n y animaci\u00f3n de t\u00edteres<\/strong><\/p>\n<p>Montse Ortiz &#8211; <strong>Direcci\u00f3n de int\u00e9rpretes<\/strong><\/p>\n<p>Silberius de Ura &#8211; <strong>Asesor\u00eda y composici\u00f3n musical<\/strong><\/p>\n<p>Jairo Fure y Violeta Ollauri &#8211; <strong>Construcci\u00f3n de t\u00edteres<\/strong><\/p>\n<p>Fran de Benito &#8211; <strong>Vestuario<\/strong><\/p>\n<p>Mercucho Producciones &#8211; <strong>Atrezzo<\/strong><\/p>\n<p>Jorge Arche &#8211;<strong> Comunicaci\u00f3n<\/strong><\/p>\n<p>Goyo Rodr\u00edguez &#8211; <strong>Dise\u00f1o gr\u00e1fico<\/strong><\/p>\n<p>ARAWAKE &#8211; <strong>Desarrollo tecnol\u00f3gico y audiovisuales<\/strong><\/p>\n<p>Gerardo Sanz &#8211; <strong>Fotograf\u00eda<\/strong><\/p>\n<p>Sensei Multimedia &#8211; <strong>V\u00eddeo<\/strong><\/p>\n<p>ARAWAKE &#8211; <strong>Producci\u00f3n<\/strong><\/p>\n<p>Consejer\u00eda de Cultura de la Junta de Castilla y Le\u00f3n + Fundaci\u00f3n Caja de Burgos (a trav\u00e9s del programa CREA) &#8211; <strong>Colaboradores de Producci\u00f3n<\/strong><\/p>\n<p>Centro de Creaci\u00f3n Esc\u00e9nica de Burgos \u201cLa Parrala\u201d &#8211; <strong>Sede<\/strong><\/p>\n<\/div><\/div><\/div><div class=\"fusion-layout-column fusion_builder_column fusion-builder-column-6 fusion_builder_column_1_1 1_1 fusion-flex-column\" style=\"--awb-bg-size:cover;--awb-width-large:100%;--awb-margin-top-large:0px;--awb-spacing-right-large:1.92%;--awb-margin-bottom-large:0px;--awb-spacing-left-large:1.92%;--awb-width-medium:100%;--awb-spacing-right-medium:1.92%;--awb-spacing-left-medium:1.92%;--awb-width-small:100%;--awb-spacing-right-small:1.92%;--awb-spacing-left-small:1.92%;\"><div class=\"fusion-column-wrapper fusion-column-has-shadow fusion-flex-justify-content-flex-start fusion-content-layout-column\"><div class=\"fusion-text fusion-text-6\"><h5><a href=\"https:\/\/feriadeteatro.es\/feria2025\/cuadrante-programacion-2025.htm\">[volver al cuadrante de programaci\u00f3n]<\/a><\/h5>\n<\/div><\/div><\/div><\/div><\/div>\n","protected":false},"excerpt":{"rendered":"","protected":false},"author":1,"featured_media":0,"parent":0,"menu_order":0,"comment_status":"closed","ping_status":"closed","template":"","meta":{"footnotes":""},"class_list":["post-12005","page","type-page","status-publish","hentry"],"_links":{"self":[{"href":"https:\/\/feriadeteatro.com\/feria2026\/wp-json\/wp\/v2\/pages\/12005","targetHints":{"allow":["GET"]}}],"collection":[{"href":"https:\/\/feriadeteatro.com\/feria2026\/wp-json\/wp\/v2\/pages"}],"about":[{"href":"https:\/\/feriadeteatro.com\/feria2026\/wp-json\/wp\/v2\/types\/page"}],"author":[{"embeddable":true,"href":"https:\/\/feriadeteatro.com\/feria2026\/wp-json\/wp\/v2\/users\/1"}],"replies":[{"embeddable":true,"href":"https:\/\/feriadeteatro.com\/feria2026\/wp-json\/wp\/v2\/comments?post=12005"}],"version-history":[{"count":6,"href":"https:\/\/feriadeteatro.com\/feria2026\/wp-json\/wp\/v2\/pages\/12005\/revisions"}],"predecessor-version":[{"id":12239,"href":"https:\/\/feriadeteatro.com\/feria2026\/wp-json\/wp\/v2\/pages\/12005\/revisions\/12239"}],"wp:attachment":[{"href":"https:\/\/feriadeteatro.com\/feria2026\/wp-json\/wp\/v2\/media?parent=12005"}],"curies":[{"name":"wp","href":"https:\/\/api.w.org\/{rel}","templated":true}]}}