{"id":12009,"date":"2025-07-09T17:19:17","date_gmt":"2025-07-09T16:19:17","guid":{"rendered":"https:\/\/feriadeteatro.com\/feria2026\/?page_id=12009"},"modified":"2025-07-30T10:14:06","modified_gmt":"2025-07-30T09:14:06","slug":"y-fuimos-heroes-la-nave-del-duende-karlik-danza-teatro","status":"publish","type":"page","link":"https:\/\/feriadeteatro.com\/feria2026\/y-fuimos-heroes-la-nave-del-duende-karlik-danza-teatro\/","title":{"rendered":"Y fuimos h\u00e9roes &#8211; LA NAVE DEL DUENDE \/ KARLIK DANZA-TEATRO"},"content":{"rendered":"<div class=\"fusion-fullwidth fullwidth-box fusion-builder-row-1 fusion-flex-container nonhundred-percent-fullwidth non-hundred-percent-height-scrolling\" style=\"--awb-border-radius-top-left:0px;--awb-border-radius-top-right:0px;--awb-border-radius-bottom-right:0px;--awb-border-radius-bottom-left:0px;--awb-flex-wrap:wrap;\" ><div class=\"fusion-builder-row fusion-row fusion-flex-align-items-flex-start fusion-flex-content-wrap\" style=\"max-width:1216.8px;margin-left: calc(-4% \/ 2 );margin-right: calc(-4% \/ 2 );\"><div class=\"fusion-layout-column fusion_builder_column fusion-builder-column-0 fusion_builder_column_1_1 1_1 fusion-flex-column\" style=\"--awb-bg-size:cover;--awb-width-large:100%;--awb-margin-top-large:0px;--awb-spacing-right-large:1.92%;--awb-margin-bottom-large:0px;--awb-spacing-left-large:1.92%;--awb-width-medium:100%;--awb-spacing-right-medium:1.92%;--awb-spacing-left-medium:1.92%;--awb-width-small:100%;--awb-spacing-right-small:1.92%;--awb-spacing-left-small:1.92%;\"><div class=\"fusion-column-wrapper fusion-column-has-shadow fusion-flex-justify-content-flex-start fusion-content-layout-column\"><div class=\"fusion-text fusion-text-1\"><h3 style=\"text-align: center;\">LA NAVE DEL DUENDE \/ KARLIK DANZA-TEATRO<\/h3>\n<\/div><div class=\"fusion-text fusion-text-2\"><h4 style=\"text-align: center;\">Y fuimos h\u00e9roes<\/h4>\n<\/div><div class=\"fusion-separator fusion-full-width-sep\" style=\"align-self: center;margin-left: auto;margin-right: auto;margin-top:15px;margin-bottom:15px;width:100%;\"><div class=\"fusion-separator-border sep-single sep-solid\" style=\"--awb-height:20px;--awb-amount:20px;border-color:#e0dede;border-top-width:1px;\"><\/div><\/div><\/div><\/div><div class=\"fusion-layout-column fusion_builder_column fusion-builder-column-1 fusion_builder_column_1_2 1_2 fusion-flex-column\" style=\"--awb-padding-top:30px;--awb-padding-right:30px;--awb-padding-bottom:30px;--awb-padding-left:30px;--awb-bg-color:#eaeaea;--awb-bg-color-hover:#eaeaea;--awb-bg-size:cover;--awb-width-large:50%;--awb-margin-top-large:0px;--awb-spacing-right-large:3.84%;--awb-margin-bottom-large:0px;--awb-spacing-left-large:3.84%;--awb-width-medium:100%;--awb-spacing-right-medium:1.92%;--awb-spacing-left-medium:1.92%;--awb-width-small:100%;--awb-spacing-right-small:1.92%;--awb-spacing-left-small:1.92%;\"><div class=\"fusion-column-wrapper fusion-column-has-shadow fusion-flex-justify-content-flex-start fusion-content-layout-column\"><div class=\"fusion-text fusion-text-3\"><p><strong>D\u00eda:<\/strong> Viernes 29<br \/>\n<strong>Hora:<\/strong> 12:30h y 17:00h<br \/>\n<strong>Lugar: <\/strong><a href=\"https:\/\/goo.gl\/maps\/y1WXsmh6JgZB1PVx6\" target=\"_blank\" rel=\"noopener\">SALA TIERRA<\/a><br \/>\n<strong>Edad recomendada:<\/strong> P\u00fablico joven y adulto<br \/>\n<strong>Duraci\u00f3n:<\/strong> 60 min.<\/p>\n<h4>DATOS DE CONTACTO:<\/h4>\n<p><strong>Persona de contacto:<\/strong> David P\u00e9rez Hernando<\/p>\n<p><strong>Tel\u00e9fono:<\/strong> <a href=\"tel:670868078\">670 868 078<\/a><\/p>\n<p><strong>Direcci\u00f3n Postal:<\/strong> Pol\u00edgono la Ca\u00f1ada 1 \u2013 10190 Casar de C\u00e1ceres (C\u00e1ceres)<\/p>\n<p><strong>Email:<\/strong> <a href=\"mailto:karlik@karlikdanza.com\">karlik@karlikdanza.com<\/a><\/p>\n<p><strong>Web:<\/strong> <a href=\"http:\/\/www.karlikdanza.com\" target=\"_blank\" rel=\"noopener\">www.karlikdanza.com<\/a><\/p>\n<\/div><\/div><\/div><div class=\"fusion-layout-column fusion_builder_column fusion-builder-column-2 fusion_builder_column_1_2 1_2 fusion-flex-column\" style=\"--awb-bg-color:#ffffff;--awb-bg-color-hover:#ffffff;--awb-bg-size:cover;--awb-width-large:50%;--awb-margin-top-large:0px;--awb-spacing-right-large:3.84%;--awb-margin-bottom-large:0px;--awb-spacing-left-large:3.84%;--awb-width-medium:100%;--awb-spacing-right-medium:1.92%;--awb-spacing-left-medium:1.92%;--awb-width-small:100%;--awb-spacing-right-small:1.92%;--awb-spacing-left-small:1.92%;\"><div class=\"fusion-column-wrapper fusion-column-has-shadow fusion-flex-justify-content-flex-start fusion-content-layout-column\"><div class=\"fusion-image-element \" style=\"--awb-caption-title-font-family:var(--h2_typography-font-family);--awb-caption-title-font-weight:var(--h2_typography-font-weight);--awb-caption-title-font-style:var(--h2_typography-font-style);--awb-caption-title-size:var(--h2_typography-font-size);--awb-caption-title-transform:var(--h2_typography-text-transform);--awb-caption-title-line-height:var(--h2_typography-line-height);--awb-caption-title-letter-spacing:var(--h2_typography-letter-spacing);\"><span class=\" fusion-imageframe imageframe-dropshadow imageframe-1 hover-type-zoomin\" style=\"border:3px solid #c2a891;-webkit-box-shadow: 4px 4px 8px rgba(0,0,0,0.3);box-shadow: 4px 4px 8px rgba(0,0,0,0.3);\"><img decoding=\"async\" width=\"600\" height=\"600\" title=\"karlik\" src=\"https:\/\/feriadeteatro.com\/feria2026\/wp-content\/uploads\/2025\/07\/karlik.jpg\" alt class=\"img-responsive wp-image-11996\" srcset=\"https:\/\/feriadeteatro.com\/feria2026\/wp-content\/uploads\/2025\/07\/karlik-200x200.jpg 200w, https:\/\/feriadeteatro.com\/feria2026\/wp-content\/uploads\/2025\/07\/karlik-400x400.jpg 400w, https:\/\/feriadeteatro.com\/feria2026\/wp-content\/uploads\/2025\/07\/karlik.jpg 600w\" sizes=\"(max-width: 1024px) 100vw, (max-width: 640px) 100vw, 600px\" \/><\/span><\/div><\/div><\/div><div class=\"fusion-layout-column fusion_builder_column fusion-builder-column-3 fusion_builder_column_1_1 1_1 fusion-flex-column\" style=\"--awb-padding-top:30px;--awb-padding-right:30px;--awb-padding-bottom:30px;--awb-padding-left:30px;--awb-bg-color:#ffffff;--awb-bg-color-hover:#ffffff;--awb-bg-size:cover;--awb-width-large:100%;--awb-margin-top-large:0px;--awb-spacing-right-large:1.92%;--awb-margin-bottom-large:0px;--awb-spacing-left-large:1.92%;--awb-width-medium:100%;--awb-spacing-right-medium:1.92%;--awb-spacing-left-medium:1.92%;--awb-width-small:100%;--awb-spacing-right-small:1.92%;--awb-spacing-left-small:1.92%;\"><div class=\"fusion-column-wrapper fusion-column-has-shadow fusion-flex-justify-content-flex-start fusion-content-layout-column\"><div class=\"fusion-text fusion-text-4\"><h4>SINOPSIS:<\/h4>\n<p style=\"text-align: justify;\">\u00abY fuimos h\u00e9roes\u00bb &#8211; Una obra para todos los p\u00fablicos (a partir de 10 a\u00f1os)<\/p>\n<p style=\"text-align: justify;\">Una historia donde el poder de la infancia y el poder de la edad madura se evocan y complementan mutuamente.\u00a0 Para Joe-Joe los lunes son aburridos, pero todo cambia cuando a la escuela llega Spider, o como \u00e9l lo llama \u201cun grandull\u00f3n resplandeciente\u201d, un ni\u00f1o alto y a veces retra\u00eddo.<\/p>\n<p style=\"text-align: justify;\">Joe-Joe, que tambi\u00e9n es el m\u00e1s fuerte de la clase, intenta poner distancia entre \u00e9l y Spider, pero se convierten\u00a0 en amigos al enfrentar juntos las burlas de sus compa\u00f1eros, el temor al pizarr\u00f3n y a su maestro, un v\u00ednculo que, adem\u00e1s, los convertir\u00e1 en h\u00e9roes de sus historias particulares.<\/p>\n<\/div><\/div><\/div><div class=\"fusion-layout-column fusion_builder_column fusion-builder-column-4 fusion_builder_column_1_2 1_2 fusion-flex-column\" style=\"--awb-padding-top:30px;--awb-bg-size:cover;--awb-width-large:50%;--awb-margin-top-large:0px;--awb-spacing-right-large:3.84%;--awb-margin-bottom-large:0px;--awb-spacing-left-large:3.84%;--awb-width-medium:100%;--awb-spacing-right-medium:1.92%;--awb-spacing-left-medium:1.92%;--awb-width-small:100%;--awb-spacing-right-small:1.92%;--awb-spacing-left-small:1.92%;\"><div class=\"fusion-column-wrapper fusion-column-has-shadow fusion-flex-justify-content-flex-start fusion-content-layout-column\"><div class=\"fusion-video fusion-youtube\" style=\"--awb-max-width:600px;--awb-max-height:360px;\"><div class=\"video-shortcode\"><div class=\"fluid-width-video-wrapper\" style=\"padding-top:60%;\" ><iframe title=\"YouTube video player 1\" src=\"https:\/\/www.youtube.com\/embed\/wY-l4iSwDZQ?wmode=transparent&autoplay=0\" width=\"600\" height=\"360\" allowfullscreen allow=\"autoplay; fullscreen\"><\/iframe><\/div><\/div><\/div><\/div><\/div><div class=\"fusion-layout-column fusion_builder_column fusion-builder-column-5 fusion_builder_column_1_2 1_2 fusion-flex-column\" style=\"--awb-bg-size:cover;--awb-width-large:50%;--awb-margin-top-large:0px;--awb-spacing-right-large:3.84%;--awb-margin-bottom-large:0px;--awb-spacing-left-large:3.84%;--awb-width-medium:100%;--awb-spacing-right-medium:1.92%;--awb-spacing-left-medium:1.92%;--awb-width-small:100%;--awb-spacing-right-small:1.92%;--awb-spacing-left-small:1.92%;\"><div class=\"fusion-column-wrapper fusion-column-has-shadow fusion-flex-justify-content-flex-start fusion-content-layout-column\"><div class=\"fusion-text fusion-text-5\"><h4>FICHA ART\u00cdSTICA<\/h4>\n<p><strong>Texto:<\/strong> Maribel Carrasco<\/p>\n<p><strong>Direcci\u00f3n:<\/strong> Cristina D. Silveira<\/p>\n<p><strong>Int\u00e9rpretes:<\/strong> Jorge Barrantes y Juan Carlos Castillejo<\/p>\n<p><strong>Dise\u00f1o de Iluminaci\u00f3n:<\/strong> David P\u00e9rez Hernando<\/p>\n<p><strong>Composici\u00f3n musical:<\/strong> \u00c1lvaro Rodr\u00edguez Barroso<\/p>\n<p><strong>Escenograf\u00eda:<\/strong> La Nave del Duende, Antonio Ollero y Palco CB<\/p>\n<p><strong>Videoescena:<\/strong> Alicia Casado<\/p>\n<p><strong>Vestuario:<\/strong> La Nave del Duende, Miriam Cruz y Santa Moya<\/p>\n<p><strong>Ayudante de direcci\u00f3n:<\/strong> Iv\u00e1n Luis Agrelo<\/p>\n<p><strong>Dise\u00f1o cartel:<\/strong> Marta Barroso<\/p>\n<p><strong>Fotograf\u00eda:<\/strong> Jorge Armestar<\/p>\n<p><strong>V\u00eddeo:<\/strong> Sheila Borrella y Jer\u00f3nimo Garc\u00eda<\/p>\n<p><strong>Direcci\u00f3n de producci\u00f3n y t\u00e9cnica:<\/strong> David P\u00e9rez Hernando<\/p>\n<\/div><\/div><\/div><div class=\"fusion-layout-column fusion_builder_column fusion-builder-column-6 fusion_builder_column_1_1 1_1 fusion-flex-column\" style=\"--awb-bg-size:cover;--awb-width-large:100%;--awb-margin-top-large:0px;--awb-spacing-right-large:1.92%;--awb-margin-bottom-large:0px;--awb-spacing-left-large:1.92%;--awb-width-medium:100%;--awb-spacing-right-medium:1.92%;--awb-spacing-left-medium:1.92%;--awb-width-small:100%;--awb-spacing-right-small:1.92%;--awb-spacing-left-small:1.92%;\"><div class=\"fusion-column-wrapper fusion-column-has-shadow fusion-flex-justify-content-flex-start fusion-content-layout-column\"><div class=\"fusion-text fusion-text-6\"><h5><a href=\"https:\/\/feriadeteatro.es\/feria2025\/cuadrante-programacion-2025.htm\">[volver al cuadrante de programaci\u00f3n]<\/a><\/h5>\n<\/div><\/div><\/div><\/div><\/div>\n","protected":false},"excerpt":{"rendered":"","protected":false},"author":1,"featured_media":0,"parent":0,"menu_order":0,"comment_status":"closed","ping_status":"closed","template":"","meta":{"footnotes":""},"class_list":["post-12009","page","type-page","status-publish","hentry"],"_links":{"self":[{"href":"https:\/\/feriadeteatro.com\/feria2026\/wp-json\/wp\/v2\/pages\/12009","targetHints":{"allow":["GET"]}}],"collection":[{"href":"https:\/\/feriadeteatro.com\/feria2026\/wp-json\/wp\/v2\/pages"}],"about":[{"href":"https:\/\/feriadeteatro.com\/feria2026\/wp-json\/wp\/v2\/types\/page"}],"author":[{"embeddable":true,"href":"https:\/\/feriadeteatro.com\/feria2026\/wp-json\/wp\/v2\/users\/1"}],"replies":[{"embeddable":true,"href":"https:\/\/feriadeteatro.com\/feria2026\/wp-json\/wp\/v2\/comments?post=12009"}],"version-history":[{"count":5,"href":"https:\/\/feriadeteatro.com\/feria2026\/wp-json\/wp\/v2\/pages\/12009\/revisions"}],"predecessor-version":[{"id":12251,"href":"https:\/\/feriadeteatro.com\/feria2026\/wp-json\/wp\/v2\/pages\/12009\/revisions\/12251"}],"wp:attachment":[{"href":"https:\/\/feriadeteatro.com\/feria2026\/wp-json\/wp\/v2\/media?parent=12009"}],"curies":[{"name":"wp","href":"https:\/\/api.w.org\/{rel}","templated":true}]}}