{"id":12057,"date":"2025-07-09T21:47:27","date_gmt":"2025-07-09T20:47:27","guid":{"rendered":"https:\/\/feriadeteatro.com\/feria2026\/?page_id=12057"},"modified":"2025-08-31T13:17:56","modified_gmt":"2025-08-31T12:17:56","slug":"no-estoy-de-frente-mari-paz-sayago","status":"publish","type":"page","link":"https:\/\/feriadeteatro.com\/feria2026\/no-estoy-de-frente-mari-paz-sayago\/","title":{"rendered":"No estoy de frente &#8211; MARI PAZ SAYAGO"},"content":{"rendered":"<div class=\"fusion-fullwidth fullwidth-box fusion-builder-row-1 fusion-flex-container nonhundred-percent-fullwidth non-hundred-percent-height-scrolling\" style=\"--awb-border-radius-top-left:0px;--awb-border-radius-top-right:0px;--awb-border-radius-bottom-right:0px;--awb-border-radius-bottom-left:0px;--awb-flex-wrap:wrap;\" ><div class=\"fusion-builder-row fusion-row fusion-flex-align-items-flex-start fusion-flex-content-wrap\" style=\"max-width:1216.8px;margin-left: calc(-4% \/ 2 );margin-right: calc(-4% \/ 2 );\"><div class=\"fusion-layout-column fusion_builder_column fusion-builder-column-0 fusion_builder_column_1_1 1_1 fusion-flex-column\" style=\"--awb-bg-size:cover;--awb-width-large:100%;--awb-margin-top-large:0px;--awb-spacing-right-large:1.92%;--awb-margin-bottom-large:0px;--awb-spacing-left-large:1.92%;--awb-width-medium:100%;--awb-spacing-right-medium:1.92%;--awb-spacing-left-medium:1.92%;--awb-width-small:100%;--awb-spacing-right-small:1.92%;--awb-spacing-left-small:1.92%;\"><div class=\"fusion-column-wrapper fusion-column-has-shadow fusion-flex-justify-content-flex-start fusion-content-layout-column\"><div class=\"fusion-text fusion-text-1\"><h3 style=\"text-align: center;\">MARI PAZ SAYAGO<\/h3>\n<\/div><div class=\"fusion-text fusion-text-2\"><h4 style=\"text-align: center;\">No estoy de frente<\/h4>\n<\/div><div class=\"fusion-separator fusion-full-width-sep\" style=\"align-self: center;margin-left: auto;margin-right: auto;margin-top:15px;margin-bottom:15px;width:100%;\"><div class=\"fusion-separator-border sep-single sep-solid\" style=\"--awb-height:20px;--awb-amount:20px;border-color:#e0dede;border-top-width:1px;\"><\/div><\/div><\/div><\/div><div class=\"fusion-layout-column fusion_builder_column fusion-builder-column-1 fusion_builder_column_1_2 1_2 fusion-flex-column\" style=\"--awb-padding-top:30px;--awb-padding-right:30px;--awb-padding-bottom:30px;--awb-padding-left:30px;--awb-bg-color:#eaeaea;--awb-bg-color-hover:#eaeaea;--awb-bg-size:cover;--awb-width-large:50%;--awb-margin-top-large:0px;--awb-spacing-right-large:3.84%;--awb-margin-bottom-large:0px;--awb-spacing-left-large:3.84%;--awb-width-medium:100%;--awb-spacing-right-medium:1.92%;--awb-spacing-left-medium:1.92%;--awb-width-small:100%;--awb-spacing-right-small:1.92%;--awb-spacing-left-small:1.92%;\"><div class=\"fusion-column-wrapper fusion-column-has-shadow fusion-flex-justify-content-flex-start fusion-content-layout-column\"><div class=\"fusion-text fusion-text-3\"><p><strong>D\u00eda:<\/strong> Jueves 28<br \/>\n<strong>Hora:<\/strong> 23:30h<br \/>\n<strong>Lugar: <\/strong><a href=\"https:\/\/maps.app.goo.gl\/jc16CquLtcWcqf1m9\" target=\"_blank\" rel=\"noopener\">PATIO DE LOS SITIOS<\/a><br \/>\n<strong>Edad recomendada:<\/strong> P\u00fablico adulto<br \/>\n<strong>Duraci\u00f3n:<\/strong> 60 min.<\/p>\n<h4>DATOS DE CONTACTO:<\/h4>\n<p><strong>Persona de contacto:<\/strong> Mar\u00eda Calvo<\/p>\n<p><strong>Tel\u00e9fono:<\/strong> <a href=\"tel:665235063\">665 235 063<\/a><\/p>\n<p><strong>Email:<\/strong> <a href=\"mailto:mcalvo@16escalones.es\">mcalvo@16escalones.es<\/a><\/p>\n<\/div><\/div><\/div><div class=\"fusion-layout-column fusion_builder_column fusion-builder-column-2 fusion_builder_column_1_2 1_2 fusion-flex-column\" style=\"--awb-bg-color:#ffffff;--awb-bg-color-hover:#ffffff;--awb-bg-size:cover;--awb-width-large:50%;--awb-margin-top-large:0px;--awb-spacing-right-large:3.84%;--awb-margin-bottom-large:0px;--awb-spacing-left-large:3.84%;--awb-width-medium:100%;--awb-spacing-right-medium:1.92%;--awb-spacing-left-medium:1.92%;--awb-width-small:100%;--awb-spacing-right-small:1.92%;--awb-spacing-left-small:1.92%;\"><div class=\"fusion-column-wrapper fusion-column-has-shadow fusion-flex-justify-content-flex-start fusion-content-layout-column\"><div class=\"fusion-image-element \" style=\"--awb-caption-title-font-family:var(--h2_typography-font-family);--awb-caption-title-font-weight:var(--h2_typography-font-weight);--awb-caption-title-font-style:var(--h2_typography-font-style);--awb-caption-title-size:var(--h2_typography-font-size);--awb-caption-title-transform:var(--h2_typography-text-transform);--awb-caption-title-line-height:var(--h2_typography-line-height);--awb-caption-title-letter-spacing:var(--h2_typography-letter-spacing);\"><span class=\" fusion-imageframe imageframe-dropshadow imageframe-1 hover-type-zoomin\" style=\"border:3px solid #c2a891;-webkit-box-shadow: 4px 4px 8px rgba(0,0,0,0.3);box-shadow: 4px 4px 8px rgba(0,0,0,0.3);\"><img decoding=\"async\" width=\"400\" height=\"400\" title=\"maripaz-sayago\" src=\"https:\/\/feriadeteatro.com\/feria2026\/wp-content\/uploads\/2025\/07\/maripaz-sayago-400x400.jpg\" alt class=\"img-responsive wp-image-12052\" srcset=\"https:\/\/feriadeteatro.com\/feria2026\/wp-content\/uploads\/2025\/07\/maripaz-sayago-200x200.jpg 200w, https:\/\/feriadeteatro.com\/feria2026\/wp-content\/uploads\/2025\/07\/maripaz-sayago-400x400.jpg 400w, https:\/\/feriadeteatro.com\/feria2026\/wp-content\/uploads\/2025\/07\/maripaz-sayago.jpg 600w\" sizes=\"(max-width: 1024px) 100vw, (max-width: 640px) 100vw, 400px\" \/><\/span><\/div><\/div><\/div><div class=\"fusion-layout-column fusion_builder_column fusion-builder-column-3 fusion_builder_column_1_1 1_1 fusion-flex-column\" style=\"--awb-padding-top:30px;--awb-padding-right:30px;--awb-padding-bottom:30px;--awb-padding-left:30px;--awb-bg-color:#ffffff;--awb-bg-color-hover:#ffffff;--awb-bg-size:cover;--awb-width-large:100%;--awb-margin-top-large:0px;--awb-spacing-right-large:1.92%;--awb-margin-bottom-large:0px;--awb-spacing-left-large:1.92%;--awb-width-medium:100%;--awb-spacing-right-medium:1.92%;--awb-spacing-left-medium:1.92%;--awb-width-small:100%;--awb-spacing-right-small:1.92%;--awb-spacing-left-small:1.92%;\"><div class=\"fusion-column-wrapper fusion-column-has-shadow fusion-flex-justify-content-flex-start fusion-content-layout-column\"><div class=\"fusion-text fusion-text-4\"><h4>SINOPSIS:<\/h4>\n<p style=\"text-align: justify;\">Una mujer despierta en la camilla de un hospital tras una operaci\u00f3n. Como consecuencia de la intervenci\u00f3n, entra en una indeseada menopausia prematura.<\/p>\n<p style=\"text-align: justify;\">Su vida ha cambiado. Se siente ignorada, se ha convertido en una solitaria bola del oeste. Ella busca la complicidad de un p\u00fablico que no tendr\u00e1 m\u00e1s remedio que acompa\u00f1arla en su viaje hacia la madurez.<\/p>\n<p style=\"text-align: justify;\">Busc\u00e1ndose desesperadamente, hace un recorrido por su vida, recoge el testigo de las mujeres que la han precedido y \u201cresetea\u201d su presente.<\/p>\n<\/div><\/div><\/div><div class=\"fusion-layout-column fusion_builder_column fusion-builder-column-4 fusion_builder_column_1_2 1_2 fusion-flex-column\" style=\"--awb-padding-top:30px;--awb-bg-size:cover;--awb-width-large:50%;--awb-margin-top-large:0px;--awb-spacing-right-large:3.84%;--awb-margin-bottom-large:0px;--awb-spacing-left-large:3.84%;--awb-width-medium:100%;--awb-spacing-right-medium:1.92%;--awb-spacing-left-medium:1.92%;--awb-width-small:100%;--awb-spacing-right-small:1.92%;--awb-spacing-left-small:1.92%;\"><div class=\"fusion-column-wrapper fusion-column-has-shadow fusion-flex-justify-content-flex-start fusion-content-layout-column\"><div class=\"fusion-video fusion-youtube\" style=\"--awb-max-width:600px;--awb-max-height:360px;\"><div class=\"video-shortcode\"><div class=\"fluid-width-video-wrapper\" style=\"padding-top:60%;\" ><iframe title=\"YouTube video player 1\" src=\"https:\/\/www.youtube.com\/embed\/avG9NGpx1ag?wmode=transparent&autoplay=0\" width=\"600\" height=\"360\" allowfullscreen allow=\"autoplay; fullscreen\"><\/iframe><\/div><\/div><\/div><\/div><\/div><div class=\"fusion-layout-column fusion_builder_column fusion-builder-column-5 fusion_builder_column_1_2 1_2 fusion-flex-column\" style=\"--awb-bg-size:cover;--awb-width-large:50%;--awb-margin-top-large:0px;--awb-spacing-right-large:3.84%;--awb-margin-bottom-large:0px;--awb-spacing-left-large:3.84%;--awb-width-medium:100%;--awb-spacing-right-medium:1.92%;--awb-spacing-left-medium:1.92%;--awb-width-small:100%;--awb-spacing-right-small:1.92%;--awb-spacing-left-small:1.92%;\"><div class=\"fusion-column-wrapper fusion-column-has-shadow fusion-flex-justify-content-flex-start fusion-content-layout-column\"><div class=\"fusion-text fusion-text-5\" style=\"--awb-user-select:none;\"><h4>FICHA ART\u00cdSTICA<\/h4>\n<p><strong>Texto y Dramaturgia<\/strong> &#8211; MARI PAZ SAYAGO Y CHIQUI CARABANTE<\/p>\n<p><strong>Direcci\u00f3n<\/strong> &#8211; CHIQUI CARABANTE Y PACO LE\u00d3N<\/p>\n<p><strong>Int\u00e9rprete<\/strong> &#8211; MARI PAZ SAYAGO<\/p>\n<p><strong>Trabajo f\u00edsico y coreograf\u00eda<\/strong> &#8211; MAR\u00cdA M. CABEZA DE VACA Y GUILLERMO WEICKERT<\/p>\n<p><strong>Escenograf\u00eda<\/strong> &#8211; PABLO CHAVES<\/p>\n<p><strong>Iluminaci\u00f3n<\/strong> &#8211; IRENE CANTERO<\/p>\n<p><strong>M\u00fasica<\/strong> \u2013 DEPIPI\u00d3<\/p>\n<p><strong>Video y teaser<\/strong> &#8211; MAR\u00cdA ARTIAGA<\/p>\n<p><strong>Foto fija<\/strong> &#8211; CONCHA DE LA ROSA<\/p>\n<p><strong>Dise\u00f1o<\/strong> &#8211; PACO LE\u00d3N Y JOS\u00c9 MAR\u00cdA S\u00c1NCHEZ REY<\/p>\n<p><strong>Direcci\u00f3n de producci\u00f3n<\/strong> &#8211; MARINA RODR\u00cdGUEZ<\/p>\n<p><strong>Distribuci\u00f3n <\/strong>&#8211; MAR\u00cdA CALVO<\/p>\n<\/div><\/div><\/div><div class=\"fusion-layout-column fusion_builder_column fusion-builder-column-6 fusion_builder_column_1_1 1_1 fusion-flex-column\" style=\"--awb-bg-size:cover;--awb-width-large:100%;--awb-margin-top-large:0px;--awb-spacing-right-large:1.92%;--awb-margin-bottom-large:0px;--awb-spacing-left-large:1.92%;--awb-width-medium:100%;--awb-spacing-right-medium:1.92%;--awb-spacing-left-medium:1.92%;--awb-width-small:100%;--awb-spacing-right-small:1.92%;--awb-spacing-left-small:1.92%;\"><div class=\"fusion-column-wrapper fusion-column-has-shadow fusion-flex-justify-content-flex-start fusion-content-layout-column\"><div class=\"fusion-text fusion-text-6\"><h5><a href=\"https:\/\/feriadeteatro.es\/feria2025\/cuadrante-programacion-2025.htm\">[volver al cuadrante de programaci\u00f3n]<\/a><\/h5>\n<\/div><\/div><\/div><\/div><\/div>\n","protected":false},"excerpt":{"rendered":"","protected":false},"author":1,"featured_media":0,"parent":0,"menu_order":0,"comment_status":"closed","ping_status":"closed","template":"","meta":{"footnotes":""},"class_list":["post-12057","page","type-page","status-publish","hentry"],"_links":{"self":[{"href":"https:\/\/feriadeteatro.com\/feria2026\/wp-json\/wp\/v2\/pages\/12057","targetHints":{"allow":["GET"]}}],"collection":[{"href":"https:\/\/feriadeteatro.com\/feria2026\/wp-json\/wp\/v2\/pages"}],"about":[{"href":"https:\/\/feriadeteatro.com\/feria2026\/wp-json\/wp\/v2\/types\/page"}],"author":[{"embeddable":true,"href":"https:\/\/feriadeteatro.com\/feria2026\/wp-json\/wp\/v2\/users\/1"}],"replies":[{"embeddable":true,"href":"https:\/\/feriadeteatro.com\/feria2026\/wp-json\/wp\/v2\/comments?post=12057"}],"version-history":[{"count":6,"href":"https:\/\/feriadeteatro.com\/feria2026\/wp-json\/wp\/v2\/pages\/12057\/revisions"}],"predecessor-version":[{"id":12910,"href":"https:\/\/feriadeteatro.com\/feria2026\/wp-json\/wp\/v2\/pages\/12057\/revisions\/12910"}],"wp:attachment":[{"href":"https:\/\/feriadeteatro.com\/feria2026\/wp-json\/wp\/v2\/media?parent=12057"}],"curies":[{"name":"wp","href":"https:\/\/api.w.org\/{rel}","templated":true}]}}