{"id":12084,"date":"2025-07-10T09:34:55","date_gmt":"2025-07-10T08:34:55","guid":{"rendered":"https:\/\/feriadeteatro.com\/feria2026\/?page_id=12084"},"modified":"2025-07-30T10:16:53","modified_gmt":"2025-07-30T09:16:53","slug":"very-big-pulga-asaco-producciones","status":"publish","type":"page","link":"https:\/\/feriadeteatro.com\/feria2026\/very-big-pulga-asaco-producciones\/","title":{"rendered":"Very Big Pulga &#8211; ASACO PRODUCCIONES"},"content":{"rendered":"<div class=\"fusion-fullwidth fullwidth-box fusion-builder-row-1 fusion-flex-container nonhundred-percent-fullwidth non-hundred-percent-height-scrolling\" style=\"--awb-border-radius-top-left:0px;--awb-border-radius-top-right:0px;--awb-border-radius-bottom-right:0px;--awb-border-radius-bottom-left:0px;--awb-flex-wrap:wrap;\" ><div class=\"fusion-builder-row fusion-row fusion-flex-align-items-flex-start fusion-flex-content-wrap\" style=\"max-width:1216.8px;margin-left: calc(-4% \/ 2 );margin-right: calc(-4% \/ 2 );\"><div class=\"fusion-layout-column fusion_builder_column fusion-builder-column-0 fusion_builder_column_1_1 1_1 fusion-flex-column\" style=\"--awb-bg-size:cover;--awb-width-large:100%;--awb-margin-top-large:0px;--awb-spacing-right-large:1.92%;--awb-margin-bottom-large:0px;--awb-spacing-left-large:1.92%;--awb-width-medium:100%;--awb-spacing-right-medium:1.92%;--awb-spacing-left-medium:1.92%;--awb-width-small:100%;--awb-spacing-right-small:1.92%;--awb-spacing-left-small:1.92%;\"><div class=\"fusion-column-wrapper fusion-column-has-shadow fusion-flex-justify-content-flex-start fusion-content-layout-column\"><div class=\"fusion-text fusion-text-1\"><h3 style=\"text-align: center;\">ASACO PRODUCCIONES<\/h3>\n<\/div><div class=\"fusion-text fusion-text-2\"><h4 style=\"text-align: center;\">Very Big Pulga<\/h4>\n<\/div><div class=\"fusion-separator fusion-full-width-sep\" style=\"align-self: center;margin-left: auto;margin-right: auto;margin-top:15px;margin-bottom:15px;width:100%;\"><div class=\"fusion-separator-border sep-single sep-solid\" style=\"--awb-height:20px;--awb-amount:20px;border-color:#e0dede;border-top-width:1px;\"><\/div><\/div><\/div><\/div><div class=\"fusion-layout-column fusion_builder_column fusion-builder-column-1 fusion_builder_column_1_2 1_2 fusion-flex-column\" style=\"--awb-padding-top:30px;--awb-padding-right:30px;--awb-padding-bottom:30px;--awb-padding-left:30px;--awb-bg-color:#eaeaea;--awb-bg-color-hover:#eaeaea;--awb-bg-size:cover;--awb-width-large:50%;--awb-margin-top-large:0px;--awb-spacing-right-large:3.84%;--awb-margin-bottom-large:0px;--awb-spacing-left-large:3.84%;--awb-width-medium:100%;--awb-spacing-right-medium:1.92%;--awb-spacing-left-medium:1.92%;--awb-width-small:100%;--awb-spacing-right-small:1.92%;--awb-spacing-left-small:1.92%;\"><div class=\"fusion-column-wrapper fusion-column-has-shadow fusion-flex-justify-content-flex-start fusion-content-layout-column\"><div class=\"fusion-text fusion-text-3\"><p><strong>D\u00eda:<\/strong> Viernes 29<br \/>\n<strong>Hora:<\/strong> 20:00h<br \/>\n<strong>Lugar: <\/strong>ITINERANTE: Salida en <a href=\"https:\/\/goo.gl\/maps\/VFoaMJgvubNCzhceA\" target=\"_blank\" rel=\"noopener\">PLAZA DE HERRASTI<\/a><br \/>\n<strong>D\u00eda:<\/strong> S\u00e1bado 30<br \/>\n<strong>Hora:<\/strong> 13:00h<br \/>\n<strong>Lugar: <\/strong>ITINERANTE: Salida en <a href=\"https:\/\/maps.app.goo.gl\/CCgwjBSAGiADyV4x5\" target=\"_blank\" rel=\"noopener\">PLAZA DEL CASTILLO<\/a><br \/>\n<strong>Edad recomendada:<\/strong> Todos los p\u00fablicos<br \/>\n<strong>Duraci\u00f3n:<\/strong> 70 min.<\/p>\n<p style=\"text-align: left;\"><strong><span style=\"color: #c2a891;\">ESTRENO ABSOLUTO<\/span><\/strong><\/p>\n<h4>DATOS DE CONTACTO:<\/h4>\n<p><strong>Persona de contacto:<\/strong> JOS\u00c9 MAESTRO \/ HELENA VILELLA<\/p>\n<p><strong>Tel\u00e9fonos:<\/strong> <a href=\"tel:606601118\">606601118<\/a> Jos\u00e9 \/ <a href=\"tel:648839874\">648839874<\/a> Helena<\/p>\n<p><strong>Direcci\u00f3n Postal:<\/strong> C\/Marqu\u00e9s de Salamanca 48 , bj 10300 Navalmoral de la Mata<\/p>\n<p><strong>Email:<\/strong> <a href=\"mailto:info@asacoproducciones.com\">info@asacoproducciones.com<\/a><\/p>\n<p><strong>Web:<\/strong> <a href=\"http:\/\/www.asacoproducciones.es\" target=\"_blank\" rel=\"noopener\">www.asacoproducciones.es<\/a><\/p>\n<\/div><\/div><\/div><div class=\"fusion-layout-column fusion_builder_column fusion-builder-column-2 fusion_builder_column_1_2 1_2 fusion-flex-column\" style=\"--awb-bg-color:#ffffff;--awb-bg-color-hover:#ffffff;--awb-bg-size:cover;--awb-width-large:50%;--awb-margin-top-large:0px;--awb-spacing-right-large:3.84%;--awb-margin-bottom-large:0px;--awb-spacing-left-large:3.84%;--awb-width-medium:100%;--awb-spacing-right-medium:1.92%;--awb-spacing-left-medium:1.92%;--awb-width-small:100%;--awb-spacing-right-small:1.92%;--awb-spacing-left-small:1.92%;\"><div class=\"fusion-column-wrapper fusion-column-has-shadow fusion-flex-justify-content-flex-start fusion-content-layout-column\"><div class=\"fusion-image-element \" style=\"--awb-caption-title-font-family:var(--h2_typography-font-family);--awb-caption-title-font-weight:var(--h2_typography-font-weight);--awb-caption-title-font-style:var(--h2_typography-font-style);--awb-caption-title-size:var(--h2_typography-font-size);--awb-caption-title-transform:var(--h2_typography-text-transform);--awb-caption-title-line-height:var(--h2_typography-line-height);--awb-caption-title-letter-spacing:var(--h2_typography-letter-spacing);\"><span class=\" fusion-imageframe imageframe-dropshadow imageframe-1 hover-type-zoomin\" style=\"border:3px solid #c2a891;-webkit-box-shadow: 4px 4px 8px rgba(0,0,0,0.3);box-shadow: 4px 4px 8px rgba(0,0,0,0.3);\"><img decoding=\"async\" width=\"400\" height=\"400\" title=\"asaco\" src=\"https:\/\/feriadeteatro.com\/feria2026\/wp-content\/uploads\/2025\/07\/asaco-400x400.jpg\" alt class=\"img-responsive wp-image-12072\" srcset=\"https:\/\/feriadeteatro.com\/feria2026\/wp-content\/uploads\/2025\/07\/asaco-200x200.jpg 200w, https:\/\/feriadeteatro.com\/feria2026\/wp-content\/uploads\/2025\/07\/asaco-400x400.jpg 400w, https:\/\/feriadeteatro.com\/feria2026\/wp-content\/uploads\/2025\/07\/asaco.jpg 600w\" sizes=\"(max-width: 1024px) 100vw, (max-width: 640px) 100vw, 400px\" \/><\/span><\/div><\/div><\/div><div class=\"fusion-layout-column fusion_builder_column fusion-builder-column-3 fusion_builder_column_1_1 1_1 fusion-flex-column\" style=\"--awb-padding-top:30px;--awb-padding-right:30px;--awb-padding-bottom:30px;--awb-padding-left:30px;--awb-bg-color:#ffffff;--awb-bg-color-hover:#ffffff;--awb-bg-size:cover;--awb-width-large:100%;--awb-margin-top-large:0px;--awb-spacing-right-large:1.92%;--awb-margin-bottom-large:0px;--awb-spacing-left-large:1.92%;--awb-width-medium:100%;--awb-spacing-right-medium:1.92%;--awb-spacing-left-medium:1.92%;--awb-width-small:100%;--awb-spacing-right-small:1.92%;--awb-spacing-left-small:1.92%;\"><div class=\"fusion-column-wrapper fusion-column-has-shadow fusion-flex-justify-content-flex-start fusion-content-layout-column\"><div class=\"fusion-text fusion-text-4\"><h4>SINOPSIS:<\/h4>\n<p style=\"text-align: justify;\">Tres buscavidas, provenientes de una zona rural olvidada de la mano de Dios, deciden inventarse una atracci\u00f3n de feria para escapar de la pobreza, exhibiendo por las calles, al m\u00e1s puro estilo de los antiguos vendedores ambulantes, una extra\u00f1a maravilla de la naturaleza: \u00a1la Very big Pulga!<\/p>\n<p style=\"text-align: justify;\">Un espect\u00e1culo extraordinario e inolvidable para toda la familia. La domadora, la pulga y el conductor de esta curiosa troupe nos presentan este espect\u00e1culo itinerante repleto de peripecias, n\u00fameros c\u00f3micos, interacciones con el p\u00fablico y mucho arte callejero.<\/p>\n<\/div><\/div><\/div><div class=\"fusion-layout-column fusion_builder_column fusion-builder-column-4 fusion_builder_column_1_2 1_2 fusion-flex-column\" style=\"--awb-padding-top:30px;--awb-bg-size:cover;--awb-width-large:50%;--awb-margin-top-large:0px;--awb-spacing-right-large:3.84%;--awb-margin-bottom-large:0px;--awb-spacing-left-large:3.84%;--awb-width-medium:100%;--awb-spacing-right-medium:1.92%;--awb-spacing-left-medium:1.92%;--awb-width-small:100%;--awb-spacing-right-small:1.92%;--awb-spacing-left-small:1.92%;\"><div class=\"fusion-column-wrapper fusion-column-has-shadow fusion-flex-justify-content-flex-start fusion-content-layout-column\"><\/div><\/div><div class=\"fusion-layout-column fusion_builder_column fusion-builder-column-5 fusion_builder_column_1_2 1_2 fusion-flex-column\" style=\"--awb-bg-size:cover;--awb-width-large:50%;--awb-margin-top-large:0px;--awb-spacing-right-large:3.84%;--awb-margin-bottom-large:0px;--awb-spacing-left-large:3.84%;--awb-width-medium:100%;--awb-spacing-right-medium:1.92%;--awb-spacing-left-medium:1.92%;--awb-width-small:100%;--awb-spacing-right-small:1.92%;--awb-spacing-left-small:1.92%;\"><div class=\"fusion-column-wrapper fusion-column-has-shadow fusion-flex-justify-content-flex-start fusion-content-layout-column\"><div class=\"fusion-text fusion-text-5\"><h4>FICHA ART\u00cdSTICA<\/h4>\n<p><strong>IDEA ORIGINAL Y DRAMATURGIA:<\/strong>\u00a0Fco. Javier Ceballos Casillas<\/p>\n<p><strong>ELENCO:<br \/>\n<\/strong>Noem\u00ed Burgos<br \/>\nHerminio Campillo<br \/>\nIv\u00e1n Pascual Pintado<\/p>\n<p><strong>CO-DIRECCI\u00d3N:<\/strong> Irene Poveda y Fco. Javier Ceballos<\/p>\n<p><strong>DIRECCI\u00d3N EN CLOWN:<\/strong> Jos\u00e9 A. Maestro<\/p>\n<p><strong>AYTE. DE DIRECCI\u00d3N y COREOGRAF\u00cdA:<\/strong> Pedro Montoya<\/p>\n<p><strong>CREACI\u00d3N MUSICAL:<\/strong> Fernanda Vald\u00e9s<\/p>\n<p><strong>DISE\u00d1O ESCENOGRAF\u00cdA:<\/strong> Jos\u00e9 Carlos Sampedro Alejandro<\/p>\n<p><strong>CONSTRUCCI\u00d3N ESCENOGRAF\u00cdA:<\/strong> Jos\u00e9 A. Maestro<\/p>\n<p><strong>DISE\u00d1O DE ILUMINACI\u00d3N Y SONIDO:<\/strong> Juan Rinc\u00f3n<\/p>\n<p><strong>VESTUARIO:<\/strong> Laura Calder\u00f3n Herrera<\/p>\n<p><strong>MATERIAL GR\u00c1FICO:<\/strong> Gr\u00e1ficas Luengo<\/p>\n<p><strong>FOTOGRAF\u00cdA Y V\u00cdDEO:<\/strong> Patricia Bravo Garc\u00eda<\/p>\n<p><strong>DISTRIBUCI\u00d3N:<\/strong> Helena Vilella<\/p>\n<p><strong>COMUNICACI\u00d3N:<\/strong> Irene Poveda<\/p>\n<p><strong>PRODUCCI\u00d3N EJECUTIVA:<\/strong> Asaco Producciones<\/p>\n<\/div><\/div><\/div><div class=\"fusion-layout-column fusion_builder_column fusion-builder-column-6 fusion_builder_column_1_1 1_1 fusion-flex-column\" style=\"--awb-bg-size:cover;--awb-width-large:100%;--awb-margin-top-large:0px;--awb-spacing-right-large:1.92%;--awb-margin-bottom-large:0px;--awb-spacing-left-large:1.92%;--awb-width-medium:100%;--awb-spacing-right-medium:1.92%;--awb-spacing-left-medium:1.92%;--awb-width-small:100%;--awb-spacing-right-small:1.92%;--awb-spacing-left-small:1.92%;\"><div class=\"fusion-column-wrapper fusion-column-has-shadow fusion-flex-justify-content-flex-start fusion-content-layout-column\"><div class=\"fusion-text fusion-text-6\"><h5><a href=\"https:\/\/feriadeteatro.es\/feria2025\/cuadrante-programacion-2025.htm\">[volver al cuadrante de programaci\u00f3n]<\/a><\/h5>\n<\/div><\/div><\/div><\/div><\/div>\n","protected":false},"excerpt":{"rendered":"","protected":false},"author":1,"featured_media":0,"parent":0,"menu_order":0,"comment_status":"closed","ping_status":"closed","template":"","meta":{"footnotes":""},"class_list":["post-12084","page","type-page","status-publish","hentry"],"_links":{"self":[{"href":"https:\/\/feriadeteatro.com\/feria2026\/wp-json\/wp\/v2\/pages\/12084","targetHints":{"allow":["GET"]}}],"collection":[{"href":"https:\/\/feriadeteatro.com\/feria2026\/wp-json\/wp\/v2\/pages"}],"about":[{"href":"https:\/\/feriadeteatro.com\/feria2026\/wp-json\/wp\/v2\/types\/page"}],"author":[{"embeddable":true,"href":"https:\/\/feriadeteatro.com\/feria2026\/wp-json\/wp\/v2\/users\/1"}],"replies":[{"embeddable":true,"href":"https:\/\/feriadeteatro.com\/feria2026\/wp-json\/wp\/v2\/comments?post=12084"}],"version-history":[{"count":3,"href":"https:\/\/feriadeteatro.com\/feria2026\/wp-json\/wp\/v2\/pages\/12084\/revisions"}],"predecessor-version":[{"id":12255,"href":"https:\/\/feriadeteatro.com\/feria2026\/wp-json\/wp\/v2\/pages\/12084\/revisions\/12255"}],"wp:attachment":[{"href":"https:\/\/feriadeteatro.com\/feria2026\/wp-json\/wp\/v2\/media?parent=12084"}],"curies":[{"name":"wp","href":"https:\/\/api.w.org\/{rel}","templated":true}]}}