{"id":12087,"date":"2025-07-10T09:51:56","date_gmt":"2025-07-10T08:51:56","guid":{"rendered":"https:\/\/feriadeteatro.com\/feria2026\/?page_id=12087"},"modified":"2025-07-30T10:26:45","modified_gmt":"2025-07-30T09:26:45","slug":"aliens-foc-scura-splats","status":"publish","type":"page","link":"https:\/\/feriadeteatro.com\/feria2026\/aliens-foc-scura-splats\/","title":{"rendered":"Alien\u2019s Foc &#8211; SCURA SPLATS"},"content":{"rendered":"<div class=\"fusion-fullwidth fullwidth-box fusion-builder-row-1 fusion-flex-container nonhundred-percent-fullwidth non-hundred-percent-height-scrolling\" style=\"--awb-border-radius-top-left:0px;--awb-border-radius-top-right:0px;--awb-border-radius-bottom-right:0px;--awb-border-radius-bottom-left:0px;--awb-flex-wrap:wrap;\" ><div class=\"fusion-builder-row fusion-row fusion-flex-align-items-flex-start fusion-flex-content-wrap\" style=\"max-width:1216.8px;margin-left: calc(-4% \/ 2 );margin-right: calc(-4% \/ 2 );\"><div class=\"fusion-layout-column fusion_builder_column fusion-builder-column-0 fusion_builder_column_1_1 1_1 fusion-flex-column\" style=\"--awb-bg-size:cover;--awb-width-large:100%;--awb-margin-top-large:0px;--awb-spacing-right-large:1.92%;--awb-margin-bottom-large:0px;--awb-spacing-left-large:1.92%;--awb-width-medium:100%;--awb-spacing-right-medium:1.92%;--awb-spacing-left-medium:1.92%;--awb-width-small:100%;--awb-spacing-right-small:1.92%;--awb-spacing-left-small:1.92%;\"><div class=\"fusion-column-wrapper fusion-column-has-shadow fusion-flex-justify-content-flex-start fusion-content-layout-column\"><div class=\"fusion-text fusion-text-1\"><h3 style=\"text-align: center;\">SCURA SPLATS<\/h3>\n<\/div><div class=\"fusion-text fusion-text-2\"><h4 style=\"text-align: center;\">Alien\u2019s Foc<\/h4>\n<\/div><div class=\"fusion-separator fusion-full-width-sep\" style=\"align-self: center;margin-left: auto;margin-right: auto;margin-top:15px;margin-bottom:15px;width:100%;\"><div class=\"fusion-separator-border sep-single sep-solid\" style=\"--awb-height:20px;--awb-amount:20px;border-color:#e0dede;border-top-width:1px;\"><\/div><\/div><\/div><\/div><div class=\"fusion-layout-column fusion_builder_column fusion-builder-column-1 fusion_builder_column_1_2 1_2 fusion-flex-column\" style=\"--awb-padding-top:30px;--awb-padding-right:30px;--awb-padding-bottom:30px;--awb-padding-left:30px;--awb-bg-color:#eaeaea;--awb-bg-color-hover:#eaeaea;--awb-bg-size:cover;--awb-width-large:50%;--awb-margin-top-large:0px;--awb-spacing-right-large:3.84%;--awb-margin-bottom-large:0px;--awb-spacing-left-large:3.84%;--awb-width-medium:100%;--awb-spacing-right-medium:1.92%;--awb-spacing-left-medium:1.92%;--awb-width-small:100%;--awb-spacing-right-small:1.92%;--awb-spacing-left-small:1.92%;\"><div class=\"fusion-column-wrapper fusion-column-has-shadow fusion-flex-justify-content-flex-start fusion-content-layout-column\"><div class=\"fusion-text fusion-text-3\"><p><strong>D\u00eda:<\/strong> S\u00e1bado 30<br \/>\n<strong>Hora:<\/strong> 22:30h<br \/>\n<strong>Lugar: <\/strong>ITINERANTE: Salida en <a href=\"https:\/\/maps.app.goo.gl\/GyuFpUSGN629sJUX7\" target=\"_blank\" rel=\"noopener\">PLAZA DEL CASTILLO \/ BATER\u00cdA<\/a><br \/>\n<strong>Edad recomendada:<\/strong> Todos los p\u00fablicos<br \/>\n<strong>Duraci\u00f3n:<\/strong> 50 min.<br \/>\nEs un espect\u00e1culo de fuego y pirotecnia. Se recomienda al p\u00fablico que quiera disfrutarlos el uso de ropa vaquera y gorra. Ni la organizaci\u00f3n ni la compa\u00f1\u00eda se hacen responsables de cualquier percance que pueda ocurrir en este sentido.<\/p>\n<p style=\"text-align: left;\"><strong><span style=\"color: #c2a891;\">ESTRENO EN CASTELLANO<\/span><\/strong><\/p>\n<h4>DATOS DE CONTACTO:<\/h4>\n<p><strong>Persona de contacto:<\/strong> MARI CARME CAN\u00d3S<\/p>\n<p><strong>Tel\u00e9fono:<\/strong> <a href=\"tel:667741346\">667741346<\/a><\/p>\n<p><strong>Direcci\u00f3n Postal:<\/strong> POL IND ALAPLANA, 4 12540 Vila-real<\/p>\n<p><strong>Email<\/strong>: info@scura.es<\/p>\n<p><strong>Web:<\/strong> <a href=\"http:\/\/www.scura.es\" target=\"_blank\" rel=\"noopener\">www.scura.es<\/a><\/p>\n<\/div><\/div><\/div><div class=\"fusion-layout-column fusion_builder_column fusion-builder-column-2 fusion_builder_column_1_2 1_2 fusion-flex-column\" style=\"--awb-bg-color:#ffffff;--awb-bg-color-hover:#ffffff;--awb-bg-size:cover;--awb-width-large:50%;--awb-margin-top-large:0px;--awb-spacing-right-large:3.84%;--awb-margin-bottom-large:0px;--awb-spacing-left-large:3.84%;--awb-width-medium:100%;--awb-spacing-right-medium:1.92%;--awb-spacing-left-medium:1.92%;--awb-width-small:100%;--awb-spacing-right-small:1.92%;--awb-spacing-left-small:1.92%;\"><div class=\"fusion-column-wrapper fusion-column-has-shadow fusion-flex-justify-content-flex-start fusion-content-layout-column\"><div class=\"fusion-image-element \" style=\"--awb-caption-title-font-family:var(--h2_typography-font-family);--awb-caption-title-font-weight:var(--h2_typography-font-weight);--awb-caption-title-font-style:var(--h2_typography-font-style);--awb-caption-title-size:var(--h2_typography-font-size);--awb-caption-title-transform:var(--h2_typography-text-transform);--awb-caption-title-line-height:var(--h2_typography-line-height);--awb-caption-title-letter-spacing:var(--h2_typography-letter-spacing);\"><span class=\" fusion-imageframe imageframe-dropshadow imageframe-1 hover-type-zoomin\" style=\"border:3px solid #c2a891;-webkit-box-shadow: 4px 4px 8px rgba(0,0,0,0.3);box-shadow: 4px 4px 8px rgba(0,0,0,0.3);\"><img decoding=\"async\" width=\"600\" height=\"600\" title=\"scura-splats\" src=\"https:\/\/feriadeteatro.com\/feria2026\/wp-content\/uploads\/2025\/07\/scura-splats.jpg\" alt class=\"img-responsive wp-image-12075\" srcset=\"https:\/\/feriadeteatro.com\/feria2026\/wp-content\/uploads\/2025\/07\/scura-splats-200x200.jpg 200w, https:\/\/feriadeteatro.com\/feria2026\/wp-content\/uploads\/2025\/07\/scura-splats-400x400.jpg 400w, https:\/\/feriadeteatro.com\/feria2026\/wp-content\/uploads\/2025\/07\/scura-splats.jpg 600w\" sizes=\"(max-width: 1024px) 100vw, (max-width: 640px) 100vw, 600px\" \/><\/span><\/div><\/div><\/div><div class=\"fusion-layout-column fusion_builder_column fusion-builder-column-3 fusion_builder_column_1_1 1_1 fusion-flex-column\" style=\"--awb-padding-top:30px;--awb-padding-right:30px;--awb-padding-bottom:30px;--awb-padding-left:30px;--awb-bg-color:#ffffff;--awb-bg-color-hover:#ffffff;--awb-bg-size:cover;--awb-width-large:100%;--awb-margin-top-large:0px;--awb-spacing-right-large:1.92%;--awb-margin-bottom-large:0px;--awb-spacing-left-large:1.92%;--awb-width-medium:100%;--awb-spacing-right-medium:1.92%;--awb-spacing-left-medium:1.92%;--awb-width-small:100%;--awb-spacing-right-small:1.92%;--awb-spacing-left-small:1.92%;\"><div class=\"fusion-column-wrapper fusion-column-has-shadow fusion-flex-justify-content-flex-start fusion-content-layout-column\"><div class=\"fusion-text fusion-text-4\"><h4>SINOPSIS:<\/h4>\n<p style=\"text-align: justify;\">ALIEN\u2019S FOC. Una Odisea Pirot\u00e9cnica A partir del argumento cl\u00e1sico de la Odisea recreamos un espect\u00e1culo pirot\u00e9cnico itinerante de gran formato utilizando la t\u00e9cnica del Correfocs. En los confines de la galaxia, en la superficie del planeta FOC, se encuentran perdidos e incomunicados los ALIENS FOC. Un grave accidente ha roto su br\u00fajula magn\u00e9tica y su equipo de transmisiones y solo disponen de un modesto veh\u00edculo de transporte terrestre. El Planeta FOC es un laberinto indescifrable lleno de peligros y de legendarios seres mitol\u00f3gicos que ir\u00e1n saliendo a su encuentro. La inesperada ayuda de los humanos se convierte en la mejor arma para emprender una traves\u00eda \u00e9pica en b\u00fasqueda de la nave HORMIGGUEDON 4 con la que poder regresar a casa. Un at\u00e1vico desaf\u00edo que ser\u00e1 la clave del \u00e9xito en su ansiado retorno a AYRON.<\/p>\n<\/div><\/div><\/div><div class=\"fusion-layout-column fusion_builder_column fusion-builder-column-4 fusion_builder_column_1_2 1_2 fusion-flex-column\" style=\"--awb-padding-top:30px;--awb-bg-size:cover;--awb-width-large:50%;--awb-margin-top-large:0px;--awb-spacing-right-large:3.84%;--awb-margin-bottom-large:0px;--awb-spacing-left-large:3.84%;--awb-width-medium:100%;--awb-spacing-right-medium:1.92%;--awb-spacing-left-medium:1.92%;--awb-width-small:100%;--awb-spacing-right-small:1.92%;--awb-spacing-left-small:1.92%;\"><div class=\"fusion-column-wrapper fusion-column-has-shadow fusion-flex-justify-content-flex-start fusion-content-layout-column\"><div class=\"fusion-video fusion-youtube\" style=\"--awb-max-width:600px;--awb-max-height:360px;\"><div class=\"video-shortcode\"><div class=\"fluid-width-video-wrapper\" style=\"padding-top:60%;\" ><iframe title=\"YouTube video player 1\" src=\"https:\/\/www.youtube.com\/embed\/GlPCu3ztVPU?wmode=transparent&autoplay=0\" width=\"600\" height=\"360\" allowfullscreen allow=\"autoplay; fullscreen\"><\/iframe><\/div><\/div><\/div><\/div><\/div><div class=\"fusion-layout-column fusion_builder_column fusion-builder-column-5 fusion_builder_column_1_2 1_2 fusion-flex-column\" style=\"--awb-bg-size:cover;--awb-width-large:50%;--awb-margin-top-large:0px;--awb-spacing-right-large:3.84%;--awb-margin-bottom-large:0px;--awb-spacing-left-large:3.84%;--awb-width-medium:100%;--awb-spacing-right-medium:1.92%;--awb-spacing-left-medium:1.92%;--awb-width-small:100%;--awb-spacing-right-small:1.92%;--awb-spacing-left-small:1.92%;\"><div class=\"fusion-column-wrapper fusion-column-has-shadow fusion-flex-justify-content-flex-start fusion-content-layout-column\"><div class=\"fusion-text fusion-text-5\"><h4>FICHA ART\u00cdSTICA<\/h4>\n<p><strong>Reparto original:\u00a0<\/strong>MAR\u00cdA IZQUIERDO, YASMINA BURDEUS, DELIA CELADA, VICTOR MART\u00cd, JOSE JAVIER BAD\u00cdA, FRAN\u00a0CUETO<\/p>\n<p><strong>Direcci\u00f3n:<\/strong> JOAN RAGA<\/p>\n<p><strong>Autor\u00eda y Dise\u00f1o de Producci\u00f3n:<\/strong> CARME CAN\u00d3S<\/p>\n<p><strong>Escenograf\u00eda<\/strong>: ARTE&amp;FICCI\u00d3N<\/p>\n<p><strong>Dise\u00f1o de Vestuario:<\/strong> MAR KNOS<\/p>\n<p><strong>M\u00e1scaras y FX:<\/strong> ENRIC JUEZAS y SANTIAGO SARABIA<\/p>\n<p><strong>Coreograf\u00eda:<\/strong> AINHOA CEBRI\u00c1<\/p>\n<p><strong>Prod Musical y Dise\u00f1o Pirotecnia:<\/strong> JOAN RAGA<\/p>\n<p><strong>Realizaci\u00f3n Vestuario:<\/strong> MIRIAM ALEMAN<\/p>\n<p><strong>Estructuras Met\u00e1licas:<\/strong> DE FERRO<\/p>\n<p><strong>Pirotecnia:<\/strong> PIROTECNIA PE\u00d1ARROJA<\/p>\n<p><strong>Voz coro:<\/strong> DIANA SEGARRA<\/p>\n<p><strong>Impresi\u00f3n 3D:<\/strong> JORDI COLLADO, SARA RECATAL\u00c1<\/p>\n<p><strong>Ayudante de producci\u00f3n:<\/strong> TERE SEBASTI\u00c1<\/p>\n<p><strong>Administraci\u00f3n:<\/strong> RAQUEL S\u00c1NCHEZ<\/p>\n<p><strong>V\u00eddeo:<\/strong> XESA<\/p>\n<p><strong>Fotograf\u00eda:<\/strong> LA MARYPOSA, ARTEDEL\u00cdNEA, JORGE SOLER<\/p>\n<\/div><\/div><\/div><div class=\"fusion-layout-column fusion_builder_column fusion-builder-column-6 fusion_builder_column_1_1 1_1 fusion-flex-column\" style=\"--awb-bg-size:cover;--awb-width-large:100%;--awb-margin-top-large:0px;--awb-spacing-right-large:1.92%;--awb-margin-bottom-large:0px;--awb-spacing-left-large:1.92%;--awb-width-medium:100%;--awb-spacing-right-medium:1.92%;--awb-spacing-left-medium:1.92%;--awb-width-small:100%;--awb-spacing-right-small:1.92%;--awb-spacing-left-small:1.92%;\"><div class=\"fusion-column-wrapper fusion-column-has-shadow fusion-flex-justify-content-flex-start fusion-content-layout-column\"><div class=\"fusion-text fusion-text-6\"><h5><a href=\"https:\/\/feriadeteatro.es\/feria2025\/cuadrante-programacion-2025.htm\">[volver al cuadrante de programaci\u00f3n]<\/a><\/h5>\n<\/div><\/div><\/div><\/div><\/div>\n","protected":false},"excerpt":{"rendered":"","protected":false},"author":1,"featured_media":0,"parent":0,"menu_order":0,"comment_status":"closed","ping_status":"closed","template":"","meta":{"footnotes":""},"class_list":["post-12087","page","type-page","status-publish","hentry"],"_links":{"self":[{"href":"https:\/\/feriadeteatro.com\/feria2026\/wp-json\/wp\/v2\/pages\/12087","targetHints":{"allow":["GET"]}}],"collection":[{"href":"https:\/\/feriadeteatro.com\/feria2026\/wp-json\/wp\/v2\/pages"}],"about":[{"href":"https:\/\/feriadeteatro.com\/feria2026\/wp-json\/wp\/v2\/types\/page"}],"author":[{"embeddable":true,"href":"https:\/\/feriadeteatro.com\/feria2026\/wp-json\/wp\/v2\/users\/1"}],"replies":[{"embeddable":true,"href":"https:\/\/feriadeteatro.com\/feria2026\/wp-json\/wp\/v2\/comments?post=12087"}],"version-history":[{"count":4,"href":"https:\/\/feriadeteatro.com\/feria2026\/wp-json\/wp\/v2\/pages\/12087\/revisions"}],"predecessor-version":[{"id":12262,"href":"https:\/\/feriadeteatro.com\/feria2026\/wp-json\/wp\/v2\/pages\/12087\/revisions\/12262"}],"wp:attachment":[{"href":"https:\/\/feriadeteatro.com\/feria2026\/wp-json\/wp\/v2\/media?parent=12087"}],"curies":[{"name":"wp","href":"https:\/\/api.w.org\/{rel}","templated":true}]}}