{"id":184,"date":"2017-08-04T12:07:51","date_gmt":"2017-08-04T12:07:51","guid":{"rendered":"http:\/\/feriadeteatro.es\/webmovil\/?page_id=184"},"modified":"2017-08-04T12:07:51","modified_gmt":"2017-08-04T12:07:51","slug":"enlaces-recomendados","status":"publish","type":"page","link":"https:\/\/feriadeteatro.com\/feria2026\/enlaces-recomendados\/","title":{"rendered":"Enlaces recomendados"},"content":{"rendered":"<p><div class=\"fusion-fullwidth fullwidth-box fusion-builder-row-1 nonhundred-percent-fullwidth non-hundred-percent-height-scrolling\" style=\"--awb-border-radius-top-left:0px;--awb-border-radius-top-right:0px;--awb-border-radius-bottom-right:0px;--awb-border-radius-bottom-left:0px;--awb-flex-wrap:wrap;\" ><div class=\"fusion-builder-row fusion-row\"><div class=\"fusion-layout-column fusion_builder_column fusion-builder-column-0 fusion_builder_column_1_1 1_1 fusion-one-full fusion-column-first fusion-column-last\" style=\"--awb-bg-size:cover;\"><div class=\"fusion-column-wrapper fusion-column-has-shadow fusion-flex-column-wrapper-legacy\"><div class=\"fusion-sep-clear\"><\/div><div class=\"fusion-separator fusion-full-width-sep\" style=\"margin-left: auto;margin-right: auto;margin-top:20px;margin-bottom:20px;width:100%;\"><\/div><div class=\"fusion-sep-clear\"><\/div><div class=\"fusion-clearfix\"><\/div><\/div><\/div><\/div><\/div><div class=\"fusion-fullwidth fullwidth-box fusion-builder-row-2 nonhundred-percent-fullwidth non-hundred-percent-height-scrolling\" style=\"--awb-border-radius-top-left:0px;--awb-border-radius-top-right:0px;--awb-border-radius-bottom-right:0px;--awb-border-radius-bottom-left:0px;--awb-flex-wrap:wrap;\" ><div class=\"fusion-builder-row fusion-row\"><div class=\"fusion-layout-column fusion_builder_column fusion-builder-column-1 fusion_builder_column_1_1 1_1 fusion-one-full fusion-column-first fusion-column-last\" style=\"--awb-bg-size:cover;\"><div class=\"fusion-column-wrapper fusion-flex-column-wrapper-legacy\"><div class=\"fusion-text fusion-text-1\"><h2><span style=\"color: #808080;\">Enlaces recomendados<\/span><\/h2>\n<p>&#8211; <span style=\"color: #333333;\">Asociaci\u00f3n de Amigos del Teatro de Ciudad Rodrigo<\/span><br \/>\n<span style=\"color: #000000;\"><a style=\"color: #000000;\" href=\"http:\/\/www.amigosdelteatro.com\">www.amigosdelteatro.com<\/a><\/span><\/p>\n<p>&#8211; <span style=\"color: #333333;\">Escuela de Espectadores<\/span><br \/>\n<span style=\"color: #000000;\"><a style=\"color: #000000;\" href=\"http:\/\/www.escueladeespectadores.es\">www.escueladeespectadores.es<\/a><\/span><br \/>\n<span style=\"color: #000000;\"><a style=\"color: #000000;\" href=\"http:\/\/www.escueladeespectadores.org\">www.escueladeespectadores.org<\/a><\/span><\/p>\n<p>&#8211; <span style=\"color: #333333;\">Asociaci\u00f3n TEVEO de Teatro para Ni\u00f1os y J\u00f3venes<\/span><br \/>\n<span style=\"color: #000000;\"><a style=\"color: #000000;\" href=\"http:\/\/www.te-veo.org\">www.te-veo.org<\/a><\/span><\/p>\n<p>&#8211;<span style=\"color: #333333;\"> Titiriqueros<\/span><br \/>\n<a href=\"http:\/\/www.titiriqueros.org\"><span style=\"color: #000000;\">www.titiriqueros.org<\/span><\/a><\/p>\n<p>&#8211; <span style=\"color: #333333;\">Turismo en Ciudad Rodrigo<\/span><br \/>\n<span style=\"color: #000000;\"><a style=\"color: #000000;\" href=\"http:\/\/www.turismociudadrodrigo.com\">www.turismociudadrodrigo.com<\/a><\/span><br \/>\n<span style=\"color: #000000;\"><a style=\"color: #000000;\" href=\"http:\/\/www.guerradelaindependencia.net\">www.guerradelaindependencia.net<\/a><\/span><\/p>\n<p><span style=\"color: #333333;\">&#8211; Turismo en Castilla y Le\u00f3n<\/span><br \/>\n<span style=\"color: #000000;\"><a style=\"color: #000000;\" href=\"http:\/\/www.turismocastillayleon.com\">www.turismocastillayleon.com<\/a><\/span><\/p>\n<p>&#8211; <span style=\"color: #333333;\">Instituto Nacional de las Artes Esc\u00e9nicas<\/span><br \/>\n<span style=\"color: #000000;\"><a style=\"color: #000000;\" href=\"http:\/\/www.inaem.mcu.es\">www.inaem.mcu.es<\/a><\/span><\/p>\n<p>&#8211; <span style=\"color: #333333;\">Centro Multifuncional Le\u00f3n Felipe de Sequeros<\/span><br \/>\n<span style=\"color: #000000;\"><a style=\"color: #000000;\" href=\"http:\/\/www.teatroleonfelipe.com\">www.teatroleonfelipe.com<\/a><\/span><\/p>\n<p><span style=\"color: #000000;\">&#8211; Fundaci\u00f3n Ciudad Rodrigo<\/span><br \/>\n<span style=\"color: #000000;\"><a style=\"color: #000000;\" href=\"http:\/\/www.fundacionciudadrodrigo.com\">www.fundacionciudadrodrigo.com<\/a><\/span><br \/>\n<span style=\"color: #000000;\"><a style=\"color: #000000;\" href=\"http:\/\/www.redciudadrodrigo.com\">www.redciudadrodrigo.com<\/a><\/span><\/p>\n<p>&#8211; <span style=\"color: #333333;\">Turismo Sierra de Francia\/ Reserva de la Biosfera de las Sierras de B\u00e9jar y Francia<\/span><br \/>\n<span style=\"color: #000000;\"><a style=\"color: #000000;\" href=\"http:\/\/www.bejar-francia.org\">www.bejar-francia.org<\/a><\/span><\/p>\n<p>&#8211; <span style=\"color: #333333;\">Centro de las Artes Esc\u00e9nicas y de la M\u00fasica de la Junta de Extremadura<\/span><br \/>\n<span style=\"color: #000000;\"><a style=\"color: #000000;\" href=\"http:\/\/www.cemart.gobex.es\">www.cemart.gobex.es<\/a><\/span><\/p>\n<p>&#8211; <span style=\"color: #333333;\">Festival Internacional de Expresi\u00f3n Ib\u00e9rica de Oporto (FITEI)<\/span><br \/>\n<span style=\"color: #000000;\"><a style=\"color: #000000;\" href=\"http:\/\/www.fitei.com\">www.fitei.com<\/a><\/span><\/p>\n<p>&#8211; <span style=\"color: #333333;\">Festival Don Quijote de Teatro Hispano de Par\u00eds<\/span><br \/>\n<span style=\"color: #000000;\"><a style=\"color: #000000;\" href=\"http:\/\/www.zorongo.com\">www.zorongo.com<\/a><\/span><\/p>\n<p>&#8211; <span style=\"color: #333333;\">Red de festivales regionales de artes esc\u00e9nicas de Iberoam\u00e9rica<\/span><br \/>\n<span style=\"color: #000000;\"><a style=\"color: #000000;\" href=\"http:\/\/www.redperiferias.com\">www.redperiferias.com<\/a><\/span><\/p>\n<p>&#8211; <span style=\"color: #333333;\">Artes esc\u00e9nicas asociadas de Castilla y Le\u00f3n<\/span><br \/>\n<span style=\"color: #000000;\"><a style=\"color: #000000;\" href=\"http:\/\/www.artesacyl.com\">www.artesacyl.com<\/a><\/span><\/p>\n<p>&#8211; <span style=\"color: #333333;\">A Toda Vela: Promoci\u00f3n Internacional de las Artes Esc\u00e9nicas de Castilla y Le\u00f3n<\/span><br \/>\n<span style=\"color: #000000;\"><a style=\"color: #000000;\" href=\"http:\/\/www.atodavelacyl.com\">www.atodavelacyl.com<\/a><\/span><\/p>\n<p>&#8211; <span style=\"color: #333333;\">Canal de Youtube de cultura de Castilla y Le\u00f3n<\/span><br \/>\n<span style=\"color: #000000;\"><a style=\"color: #000000;\" href=\"http:\/\/www.youtube.com\/culturacastillayleon\">www.youtube.com\/culturacastillayleon<\/a><\/span><\/p>\n<p>&#8211; <span style=\"color: #333333;\">ARTEMREDE<\/span><br \/>\n<span style=\"color: #000000;\"><a style=\"color: #000000;\" href=\"http:\/\/www.artemrede.pt\">www.artemrede.pt<\/a><\/span><\/p>\n<p>&#8211; <span style=\"color: #333333;\">Acci\u00f3n Cultural Espa\u00f1ola<\/span><br \/>\n<a href=\"http:\/\/www.accioncultural.es\">www.accioncultural.es<\/a><\/p>\n<p>&#8211; <span style=\"color: #333333;\">Red Escena &#8211; todo sobre las artes esc\u00e9nicas<\/span><br \/>\n<a href=\"http:\/\/www.redescena.net\">www.redescena.net<\/a><\/p>\n<p>&#8211; <span style=\"color: #333333;\">Asociaci\u00f3n Civitas Animaci\u00f3n Teatral<\/span><br \/>\n<a href=\"http:\/\/www.civitasanimacion.com\">www.civitasanimacion.com<\/a><\/p>\n<\/div><div class=\"fusion-clearfix\"><\/div><\/div><\/div><\/div><\/div><\/p>\n","protected":false},"excerpt":{"rendered":"","protected":false},"author":1,"featured_media":0,"parent":0,"menu_order":0,"comment_status":"closed","ping_status":"closed","template":"","meta":{"footnotes":""},"class_list":["post-184","page","type-page","status-publish","hentry"],"_links":{"self":[{"href":"https:\/\/feriadeteatro.com\/feria2026\/wp-json\/wp\/v2\/pages\/184","targetHints":{"allow":["GET"]}}],"collection":[{"href":"https:\/\/feriadeteatro.com\/feria2026\/wp-json\/wp\/v2\/pages"}],"about":[{"href":"https:\/\/feriadeteatro.com\/feria2026\/wp-json\/wp\/v2\/types\/page"}],"author":[{"embeddable":true,"href":"https:\/\/feriadeteatro.com\/feria2026\/wp-json\/wp\/v2\/users\/1"}],"replies":[{"embeddable":true,"href":"https:\/\/feriadeteatro.com\/feria2026\/wp-json\/wp\/v2\/comments?post=184"}],"version-history":[{"count":0,"href":"https:\/\/feriadeteatro.com\/feria2026\/wp-json\/wp\/v2\/pages\/184\/revisions"}],"wp:attachment":[{"href":"https:\/\/feriadeteatro.com\/feria2026\/wp-json\/wp\/v2\/media?parent=184"}],"curies":[{"name":"wp","href":"https:\/\/api.w.org\/{rel}","templated":true}]}}